{"id":1194,"date":"2025-03-07T13:25:31","date_gmt":"2025-03-07T12:25:31","guid":{"rendered":"https:\/\/tylstrup-kro.dk\/?page_id=1194"},"modified":"2025-03-10T06:34:38","modified_gmt":"2025-03-10T05:34:38","slug":"moedefaciliteter","status":"publish","type":"page","link":"https:\/\/tylstrup-kro.dk\/en\/moedefaciliteter\/","title":{"rendered":"Meeting facilities"},"content":{"rendered":"<div data-elementor-type=\"wp-page\" data-elementor-id=\"1194\" class=\"elementor elementor-1194\" data-elementor-post-type=\"page\">\n\t\t\t\t<div class=\"elementor-element elementor-element-86ee9ba e-flex e-con-boxed e-con e-parent\" data-id=\"86ee9ba\" data-element_type=\"container\" data-e-type=\"container\" data-settings=\"{&quot;background_background&quot;:&quot;classic&quot;,&quot;shape_divider_bottom&quot;:&quot;waves&quot;}\">\n\t\t\t\t\t<div class=\"e-con-inner\">\n\t\t\t\t<div class=\"elementor-shape elementor-shape-bottom\" aria-hidden=\"true\" data-negative=\"false\">\n\t\t\t<svg xmlns=\"http:\/\/www.w3.org\/2000\/svg\" viewbox=\"0 0 1000 100\" preserveaspectratio=\"none\">\n\t<path class=\"elementor-shape-fill\" d=\"M421.9,6.5c22.6-2.5,51.5,0.4,75.5,5.3c23.6,4.9,70.9,23.5,100.5,35.7c75.8,32.2,133.7,44.5,192.6,49.7\tc23.6,2.1,48.7,3.5,103.4-2.5c54.7-6,106.2-25.6,106.2-25.6V0H0v30.3c0,0,72,32.6,158.4,30.5c39.2-0.7,92.8-6.7,134-22.4\tc21.2-8.1,52.2-18.2,79.7-24.2C399.3,7.9,411.6,7.5,421.9,6.5z\"\/>\n<\/svg>\t\t<\/div>\n\t\t<div class=\"elementor-element elementor-element-28850e3 e-con-full e-flex e-con e-child\" data-id=\"28850e3\" data-element_type=\"container\" data-e-type=\"container\">\n\t\t\t\t<\/div>\n\t\t\t\t\t<\/div>\n\t\t\t\t<\/div>\n\t\t<div class=\"elementor-element elementor-element-32fb7d0 e-flex e-con-boxed e-con e-parent\" data-id=\"32fb7d0\" data-element_type=\"container\" data-e-type=\"container\" data-settings=\"{&quot;shape_divider_bottom&quot;:&quot;waves&quot;}\">\n\t\t\t\t\t<div class=\"e-con-inner\">\n\t\t\t\t<div class=\"elementor-shape elementor-shape-bottom\" aria-hidden=\"true\" data-negative=\"false\">\n\t\t\t<svg xmlns=\"http:\/\/www.w3.org\/2000\/svg\" viewbox=\"0 0 1000 100\" preserveaspectratio=\"none\">\n\t<path class=\"elementor-shape-fill\" d=\"M421.9,6.5c22.6-2.5,51.5,0.4,75.5,5.3c23.6,4.9,70.9,23.5,100.5,35.7c75.8,32.2,133.7,44.5,192.6,49.7\tc23.6,2.1,48.7,3.5,103.4-2.5c54.7-6,106.2-25.6,106.2-25.6V0H0v30.3c0,0,72,32.6,158.4,30.5c39.2-0.7,92.8-6.7,134-22.4\tc21.2-8.1,52.2-18.2,79.7-24.2C399.3,7.9,411.6,7.5,421.9,6.5z\"\/>\n<\/svg>\t\t<\/div>\n\t\t<div class=\"elementor-element elementor-element-927b88b e-con-full e-flex e-con e-child\" data-id=\"927b88b\" data-element_type=\"container\" data-e-type=\"container\">\n\t\t<div class=\"elementor-element elementor-element-8402d24 e-con-full e-flex e-con e-child\" data-id=\"8402d24\" data-element_type=\"container\" data-e-type=\"container\">\n\t\t<div class=\"elementor-element elementor-element-ff246bd e-con-full e-flex e-con e-child\" data-id=\"ff246bd\" data-element_type=\"container\" data-e-type=\"container\">\n\t\t\t\t<div class=\"elementor-element elementor-element-e941492 elementor-widget elementor-widget-heading\" data-id=\"e941492\" data-element_type=\"widget\" data-e-type=\"widget\" data-widget_type=\"heading.default\">\n\t\t\t\t<div class=\"elementor-widget-container\">\n\t\t\t\t\t<h2 class=\"elementor-heading-title elementor-size-default\">Meeting room hire at Tylstrup Kro with catering<\/h2>\t\t\t\t<\/div>\n\t\t\t\t<\/div>\n\t\t\t\t<div class=\"elementor-element elementor-element-4afea5f elementor-widget elementor-widget-text-editor\" data-id=\"4afea5f\" data-element_type=\"widget\" data-e-type=\"widget\" data-widget_type=\"text-editor.default\">\n\t\t\t\t<div class=\"elementor-widget-container\">\n\t\t\t\t\t\t\t\t\t<p data-start=\"104\" data-end=\"375\">At Tylstrup Kro, we offer bright and well-appointed meeting rooms that are perfect for both small and large business meetings, courses and conferences. Our historic inn creates a unique and inviting atmosphere where you can combine efficient work with a relaxed atmosphere.<\/p><p data-start=\"377\" data-end=\"682\">We take care of all the practicalities so you can focus on the content. Our meeting rooms are equipped with modern AV equipment and we offer various catering options to suit your needs. Start your day with a light breakfast, enjoy a delicious lunch and finish with afternoon coffee and cake.<\/p><p data-start=\"684\" data-end=\"939\" data-is-last-node=\"\" data-is-only-node=\"\">Whether you have a short meeting or a full-day conference, we can customise the solution for you. Contact us to learn more about meeting room hire with catering at Tylstrup Kro - we are ready to help you plan the perfect event.<\/p>\t\t\t\t\t\t\t\t<\/div>\n\t\t\t\t<\/div>\n\t\t\t\t<div class=\"elementor-element elementor-element-5e3aceb elementor-widget elementor-widget-template\" data-id=\"5e3aceb\" data-element_type=\"widget\" data-e-type=\"widget\" data-widget_type=\"template.default\">\n\t\t\t\t<div class=\"elementor-widget-container\">\n\t\t\t\t\t\t\t<div class=\"elementor-template\">\n\t\t\t\t\t<div data-elementor-type=\"container\" data-elementor-id=\"1078\" class=\"elementor elementor-1078\" data-elementor-post-type=\"elementor_library\">\n\t\t\t\t<div class=\"elementor-element elementor-element-6d58afe0 e-con-full e-flex e-con e-child\" data-id=\"6d58afe0\" data-element_type=\"container\" data-e-type=\"container\">\n\t\t\t\t<div class=\"elementor-element elementor-element-875a334 elementor-align-left elementor-tablet-align-left elementor-widget elementor-widget-button\" data-id=\"875a334\" data-element_type=\"widget\" data-e-type=\"widget\" data-widget_type=\"button.default\">\n\t\t\t\t<div class=\"elementor-widget-container\">\n\t\t\t\t\t\t\t\t\t<div class=\"elementor-button-wrapper\">\n\t\t\t\t\t<a class=\"elementor-button elementor-button-link elementor-size-md elementor-animation-shrink\" href=\"https:\/\/tylstrup-kro.dk\/en\/kontakt\/\">\n\t\t\t\t\t\t<span class=\"elementor-button-content-wrapper\">\n\t\t\t\t\t\t\t\t\t<span class=\"elementor-button-text\">Contact us<\/span>\n\t\t\t\t\t<\/span>\n\t\t\t\t\t<\/a>\n\t\t\t\t<\/div>\n\t\t\t\t\t\t\t\t<\/div>\n\t\t\t\t<\/div>\n\t\t\t\t<\/div>\n\t\t\t\t<\/div>\n\t\t\t\t<\/div>\n\t\t\t\t\t\t<\/div>\n\t\t\t\t<\/div>\n\t\t\t\t<\/div>\n\t\t\t\t<\/div>\n\t\t<div class=\"elementor-element elementor-element-91ed4ba e-con-full e-flex e-con e-child\" data-id=\"91ed4ba\" data-element_type=\"container\" data-e-type=\"container\">\n\t\t<div class=\"elementor-element elementor-element-f3ab856 e-grid e-con-full e-con e-child\" data-id=\"f3ab856\" data-element_type=\"container\" data-e-type=\"container\">\n\t\t<div class=\"elementor-element elementor-element-5b3ccd1 e-con-full e-flex e-con e-child\" data-id=\"5b3ccd1\" data-element_type=\"container\" data-e-type=\"container\">\n\t\t\t\t<div class=\"elementor-element elementor-element-bb8a234 elementor-widget elementor-widget-heading\" data-id=\"bb8a234\" data-element_type=\"widget\" data-e-type=\"widget\" data-widget_type=\"heading.default\">\n\t\t\t\t<div class=\"elementor-widget-container\">\n\t\t\t\t\t<h4 class=\"elementor-heading-title elementor-size-default\">Room hire\n<\/h4>\t\t\t\t<\/div>\n\t\t\t\t<\/div>\n\t\t\t\t<div class=\"elementor-element elementor-element-7c46313 elementor-widget elementor-widget-text-editor\" data-id=\"7c46313\" data-element_type=\"widget\" data-e-type=\"widget\" data-widget_type=\"text-editor.default\">\n\t\t\t\t<div class=\"elementor-widget-container\">\n\t\t\t\t\t\t\t\t\t<p>incl. Coffee and tea<\/p>\t\t\t\t\t\t\t\t<\/div>\n\t\t\t\t<\/div>\n\t\t\t\t<div class=\"elementor-element elementor-element-a73300c elementor-widget elementor-widget-heading\" data-id=\"a73300c\" data-element_type=\"widget\" data-e-type=\"widget\" data-widget_type=\"heading.default\">\n\t\t\t\t<div class=\"elementor-widget-container\">\n\t\t\t\t\t<h4 class=\"elementor-heading-title elementor-size-default\">Price from DKK 350,-\n\n<\/h4>\t\t\t\t<\/div>\n\t\t\t\t<\/div>\n\t\t\t\t<\/div>\n\t\t<div class=\"elementor-element elementor-element-1b7b582 e-con-full e-flex e-con e-child\" data-id=\"1b7b582\" data-element_type=\"container\" data-e-type=\"container\">\n\t\t\t\t<div class=\"elementor-element elementor-element-69a891c elementor-widget elementor-widget-heading\" data-id=\"69a891c\" data-element_type=\"widget\" data-e-type=\"widget\" data-widget_type=\"heading.default\">\n\t\t\t\t<div class=\"elementor-widget-container\">\n\t\t\t\t\t<h4 class=\"elementor-heading-title elementor-size-default\">Day course<\/h4>\t\t\t\t<\/div>\n\t\t\t\t<\/div>\n\t\t\t\t<div class=\"elementor-element elementor-element-6fd1be3 elementor-widget elementor-widget-text-editor\" data-id=\"6fd1be3\" data-element_type=\"widget\" data-e-type=\"widget\" data-widget_type=\"text-editor.default\">\n\t\t\t\t<div class=\"elementor-widget-container\">\n\t\t\t\t\t\t\t\t\t<p>Coffee w\/rolls<\/p><p>Lunch buffet with hot dishes<\/p><p>Afternoon coffee w\/cake<\/p><p>Ice water &amp; fruit in the conference room all day<\/p>\t\t\t\t\t\t\t\t<\/div>\n\t\t\t\t<\/div>\n\t\t\t\t<div class=\"elementor-element elementor-element-3808647 elementor-widget elementor-widget-heading\" data-id=\"3808647\" data-element_type=\"widget\" data-e-type=\"widget\" data-widget_type=\"heading.default\">\n\t\t\t\t<div class=\"elementor-widget-container\">\n\t\t\t\t\t<h4 class=\"elementor-heading-title elementor-size-default\">Price per person DKK 345,-<\/h4>\t\t\t\t<\/div>\n\t\t\t\t<\/div>\n\t\t\t\t<\/div>\n\t\t<div class=\"elementor-element elementor-element-4235922 e-con-full e-flex e-con e-child\" data-id=\"4235922\" data-element_type=\"container\" data-e-type=\"container\">\n\t\t\t\t<div class=\"elementor-element elementor-element-4a64046 elementor-widget elementor-widget-heading\" data-id=\"4a64046\" data-element_type=\"widget\" data-e-type=\"widget\" data-widget_type=\"heading.default\">\n\t\t\t\t<div class=\"elementor-widget-container\">\n\t\t\t\t\t<h4 class=\"elementor-heading-title elementor-size-default\">Course days<\/h4>\t\t\t\t<\/div>\n\t\t\t\t<\/div>\n\t\t\t\t<div class=\"elementor-element elementor-element-0ab9a20 elementor-widget elementor-widget-text-editor\" data-id=\"0ab9a20\" data-element_type=\"widget\" data-e-type=\"widget\" data-widget_type=\"text-editor.default\">\n\t\t\t\t<div class=\"elementor-widget-container\">\n\t\t\t\t\t\t\t\t\t<p>Coffee w\/rolls<\/p><p>Lunch buffet with hot dishes<\/p><p>Afternoon coffee w\/cake<\/p><p>2-course dinner menu<\/p><p>Evening coffee or night snack<\/p><p>Accommodation in a single room<\/p><p>Breakfast buffet<\/p><p>Ice water &amp; fruit in the conference room all day<\/p>\t\t\t\t\t\t\t\t<\/div>\n\t\t\t\t<\/div>\n\t\t\t\t<div class=\"elementor-element elementor-element-e3508f4 elementor-widget elementor-widget-heading\" data-id=\"e3508f4\" data-element_type=\"widget\" data-e-type=\"widget\" data-widget_type=\"heading.default\">\n\t\t\t\t<div class=\"elementor-widget-container\">\n\t\t\t\t\t<h4 class=\"elementor-heading-title elementor-size-default\">Price per person DKK 1345,-\n\n<\/h4>\t\t\t\t<\/div>\n\t\t\t\t<\/div>\n\t\t\t\t<\/div>\n\t\t\t\t<\/div>\n\t\t\t\t<\/div>\n\t\t\t\t<\/div>\n\t\t\t\t\t<\/div>\n\t\t\t\t<\/div>\n\t\t<div class=\"elementor-element elementor-element-f969e9a e-con-full e-flex e-con e-parent\" data-id=\"f969e9a\" data-element_type=\"container\" data-e-type=\"container\">\n\t\t<div class=\"elementor-element elementor-element-1a000d4 e-con-full e-flex e-con e-child\" data-id=\"1a000d4\" data-element_type=\"container\" data-e-type=\"container\">\n\t\t\t\t<div class=\"elementor-element elementor-element-cf39605 elementor-widget elementor-widget-image-carousel\" data-id=\"cf39605\" data-element_type=\"widget\" data-e-type=\"widget\" data-settings=\"{&quot;slides_to_show&quot;:&quot;6&quot;,&quot;slides_to_show_tablet&quot;:&quot;4&quot;,&quot;slides_to_show_mobile&quot;:&quot;3&quot;,&quot;navigation&quot;:&quot;none&quot;,&quot;pause_on_hover&quot;:&quot;no&quot;,&quot;pause_on_interaction&quot;:&quot;no&quot;,&quot;autoplay_speed&quot;:3000,&quot;autoplay&quot;:&quot;yes&quot;,&quot;infinite&quot;:&quot;yes&quot;,&quot;speed&quot;:500}\" data-widget_type=\"image-carousel.default\">\n\t\t\t\t<div class=\"elementor-widget-container\">\n\t\t\t\t\t\t\t<div class=\"elementor-image-carousel-wrapper swiper\" role=\"region\" aria-roledescription=\"carousel\" aria-label=\"Image Carousel\" dir=\"ltr\">\n\t\t\t<div class=\"elementor-image-carousel swiper-wrapper\" aria-live=\"off\">\n\t\t\t\t\t\t\t\t<div class=\"swiper-slide\" role=\"group\" aria-roledescription=\"slide\" aria-label=\"1 of 5\" data-no-translation-aria-label=\"\"><a data-elementor-open-lightbox=\"yes\" data-elementor-lightbox-slideshow=\"cf39605\" data-elementor-lightbox-title=\"moederum2_1910\" data-e-action-hash=\"#elementor-action%3Aaction%3Dlightbox%26settings%3DeyJpZCI6MTIwMCwidXJsIjoiaHR0cHM6XC9cL3R5bHN0cnVwLWtyby5ka1wvd3AtY29udGVudFwvdXBsb2Fkc1wvMjAyNVwvMDNcL21vZWRlcnVtMl8xOTEwLXNjYWxlZC5qcGciLCJzbGlkZXNob3ciOiJjZjM5NjA1In0%3D\" href=\"https:\/\/tylstrup-kro.dk\/wp-content\/uploads\/2025\/03\/moederum2_1910-scaled.jpg\"><figure class=\"swiper-slide-inner\"><img decoding=\"async\" class=\"swiper-slide-image\" src=\"https:\/\/tylstrup-kro.dk\/wp-content\/uploads\/2025\/03\/moederum2_1910-scaled.jpg\" alt=\"moederum2_1910\" title=\"- -\"><\/figure><\/a><\/div><div class=\"swiper-slide\" role=\"group\" aria-roledescription=\"slide\" aria-label=\"2 of 5\" data-no-translation-aria-label=\"\"><a data-elementor-open-lightbox=\"yes\" data-elementor-lightbox-slideshow=\"cf39605\" data-elementor-lightbox-title=\"moederum-3_2017\" data-e-action-hash=\"#elementor-action%3Aaction%3Dlightbox%26settings%3DeyJpZCI6MTIwMSwidXJsIjoiaHR0cHM6XC9cL3R5bHN0cnVwLWtyby5ka1wvd3AtY29udGVudFwvdXBsb2Fkc1wvMjAyNVwvMDNcL21vZWRlcnVtLTNfMjAxNy1zY2FsZWQuanBnIiwic2xpZGVzaG93IjoiY2YzOTYwNSJ9\" href=\"https:\/\/tylstrup-kro.dk\/wp-content\/uploads\/2025\/03\/moederum-3_2017-scaled.jpg\"><figure class=\"swiper-slide-inner\"><img decoding=\"async\" class=\"swiper-slide-image\" src=\"https:\/\/tylstrup-kro.dk\/wp-content\/uploads\/2025\/03\/moederum-3_2017-scaled.jpg\" alt=\"moederum-3_2017\" title=\"- -\"><\/figure><\/a><\/div><div class=\"swiper-slide\" role=\"group\" aria-roledescription=\"slide\" aria-label=\"3 of 5\" data-no-translation-aria-label=\"\"><a data-elementor-open-lightbox=\"yes\" data-elementor-lightbox-slideshow=\"cf39605\" data-elementor-lightbox-title=\"moederum_1903\" data-e-action-hash=\"#elementor-action%3Aaction%3Dlightbox%26settings%3DeyJpZCI6MTIwMiwidXJsIjoiaHR0cHM6XC9cL3R5bHN0cnVwLWtyby5ka1wvd3AtY29udGVudFwvdXBsb2Fkc1wvMjAyNVwvMDNcL21vZWRlcnVtXzE5MDMtc2NhbGVkLmpwZyIsInNsaWRlc2hvdyI6ImNmMzk2MDUifQ%3D%3D\" href=\"https:\/\/tylstrup-kro.dk\/wp-content\/uploads\/2025\/03\/moederum_1903-scaled.jpg\"><figure class=\"swiper-slide-inner\"><img decoding=\"async\" class=\"swiper-slide-image\" src=\"https:\/\/tylstrup-kro.dk\/wp-content\/uploads\/2025\/03\/moederum_1903-scaled.jpg\" alt=\"moederum_1903\" title=\"- -\"><\/figure><\/a><\/div><div class=\"swiper-slide\" role=\"group\" aria-roledescription=\"slide\" aria-label=\"4 of 5\" data-no-translation-aria-label=\"\"><a data-elementor-open-lightbox=\"yes\" data-elementor-lightbox-slideshow=\"cf39605\" data-elementor-lightbox-title=\"Tylstrup Kro 2022-23\" data-e-action-hash=\"#elementor-action%3Aaction%3Dlightbox%26settings%3DeyJpZCI6MTAxNywidXJsIjoiaHR0cHM6XC9cL3R5bHN0cnVwLWtyby5ka1wvd3AtY29udGVudFwvdXBsb2Fkc1wvMjAyNVwvMDNcL1R5bHN0cnVwLUtyby0yMDIyLTIzLXNjYWxlZC5qcGciLCJzbGlkZXNob3ciOiJjZjM5NjA1In0%3D\" href=\"https:\/\/tylstrup-kro.dk\/wp-content\/uploads\/2025\/03\/Tylstrup-Kro-2022-23-scaled.jpg\"><figure class=\"swiper-slide-inner\"><img decoding=\"async\" class=\"swiper-slide-image\" src=\"https:\/\/tylstrup-kro.dk\/wp-content\/uploads\/2025\/03\/Tylstrup-Kro-2022-23-scaled.jpg\" alt=\"Tylstrup Kro 2022-23\" title=\"- -\"><\/figure><\/a><\/div><div class=\"swiper-slide\" role=\"group\" aria-roledescription=\"slide\" aria-label=\"5 of 5\" data-no-translation-aria-label=\"\"><a data-elementor-open-lightbox=\"yes\" data-elementor-lightbox-slideshow=\"cf39605\" data-elementor-lightbox-title=\"Tylstrup Kro 2022-19\" data-e-action-hash=\"#elementor-action%3Aaction%3Dlightbox%26settings%3DeyJpZCI6MTAzMSwidXJsIjoiaHR0cHM6XC9cL3R5bHN0cnVwLWtyby5ka1wvd3AtY29udGVudFwvdXBsb2Fkc1wvMjAyNVwvMDNcL1R5bHN0cnVwLUtyby0yMDIyLTE5LXNjYWxlZC5qcGciLCJzbGlkZXNob3ciOiJjZjM5NjA1In0%3D\" href=\"https:\/\/tylstrup-kro.dk\/wp-content\/uploads\/2025\/03\/Tylstrup-Kro-2022-19-scaled.jpg\"><figure class=\"swiper-slide-inner\"><img decoding=\"async\" class=\"swiper-slide-image\" src=\"https:\/\/tylstrup-kro.dk\/wp-content\/uploads\/2025\/03\/Tylstrup-Kro-2022-19-scaled.jpg\" alt=\"Tylstrup Kro 2022-19\" title=\"- -\"><\/figure><\/a><\/div>\t\t\t<\/div>\n\t\t\t\t\t\t\t\n\t\t\t\t\t\t\t\t\t<\/div>\n\t\t\t\t\t\t<\/div>\n\t\t\t\t<\/div>\n\t\t\t\t<\/div>\n\t\t\t\t<\/div>\n\t\t\t\t<\/div>","protected":false},"excerpt":{"rendered":"<p>Leje af m\u00f8delokale p\u00e5 Tylstrup Kro med forplejning Hos Tylstrup Kro tilbyder vi lyse og velindrettede m\u00f8delokaler, der er perfekte til b\u00e5de sm\u00e5 og store forretningsm\u00f8der, kurser og konferencer. Vores historiske kro skaber en unik og indbydende atmosf\u00e6re, hvor I kan kombinere effektivt arbejde med en afslappet stemning. Vi s\u00f8rger for alt det praktiske, s\u00e5 [&hellip;]<\/p>\n","protected":false},"author":1,"featured_media":0,"parent":0,"menu_order":0,"comment_status":"closed","ping_status":"closed","template":"elementor_header_footer","meta":{"footnotes":""},"class_list":["post-1194","page","type-page","status-publish","hentry"],"_links":{"self":[{"href":"https:\/\/tylstrup-kro.dk\/en\/wp-json\/wp\/v2\/pages\/1194","targetHints":{"allow":["GET"]}}],"collection":[{"href":"https:\/\/tylstrup-kro.dk\/en\/wp-json\/wp\/v2\/pages"}],"about":[{"href":"https:\/\/tylstrup-kro.dk\/en\/wp-json\/wp\/v2\/types\/page"}],"author":[{"embeddable":true,"href":"https:\/\/tylstrup-kro.dk\/en\/wp-json\/wp\/v2\/users\/1"}],"replies":[{"embeddable":true,"href":"https:\/\/tylstrup-kro.dk\/en\/wp-json\/wp\/v2\/comments?post=1194"}],"version-history":[{"count":19,"href":"https:\/\/tylstrup-kro.dk\/en\/wp-json\/wp\/v2\/pages\/1194\/revisions"}],"predecessor-version":[{"id":1492,"href":"https:\/\/tylstrup-kro.dk\/en\/wp-json\/wp\/v2\/pages\/1194\/revisions\/1492"}],"wp:attachment":[{"href":"https:\/\/tylstrup-kro.dk\/en\/wp-json\/wp\/v2\/media?parent=1194"}],"curies":[{"name":"wp","href":"https:\/\/api.w.org\/{rel}","templated":true}]}}