{"id":1164,"date":"2025-03-07T12:54:40","date_gmt":"2025-03-07T11:54:40","guid":{"rendered":"https:\/\/tylstrup-kro.dk\/?page_id=1164"},"modified":"2026-01-30T14:43:30","modified_gmt":"2026-01-30T13:43:30","slug":"paaskefrokost","status":"publish","type":"page","link":"https:\/\/tylstrup-kro.dk\/en\/paaskefrokost\/","title":{"rendered":"Easter lunch"},"content":{"rendered":"<div data-elementor-type=\"wp-page\" data-elementor-id=\"1164\" class=\"elementor elementor-1164\" data-elementor-post-type=\"page\">\n\t\t\t\t<div class=\"elementor-element elementor-element-65061f2 e-flex e-con-boxed e-con e-parent\" data-id=\"65061f2\" data-element_type=\"container\" data-e-type=\"container\" data-settings=\"{&quot;background_background&quot;:&quot;classic&quot;,&quot;shape_divider_bottom&quot;:&quot;waves&quot;}\">\n\t\t\t\t\t<div class=\"e-con-inner\">\n\t\t\t\t<div class=\"elementor-shape elementor-shape-bottom\" aria-hidden=\"true\" data-negative=\"false\">\n\t\t\t<svg xmlns=\"http:\/\/www.w3.org\/2000\/svg\" viewbox=\"0 0 1000 100\" preserveaspectratio=\"none\">\n\t<path class=\"elementor-shape-fill\" d=\"M421.9,6.5c22.6-2.5,51.5,0.4,75.5,5.3c23.6,4.9,70.9,23.5,100.5,35.7c75.8,32.2,133.7,44.5,192.6,49.7\tc23.6,2.1,48.7,3.5,103.4-2.5c54.7-6,106.2-25.6,106.2-25.6V0H0v30.3c0,0,72,32.6,158.4,30.5c39.2-0.7,92.8-6.7,134-22.4\tc21.2-8.1,52.2-18.2,79.7-24.2C399.3,7.9,411.6,7.5,421.9,6.5z\"\/>\n<\/svg>\t\t<\/div>\n\t\t<div class=\"elementor-element elementor-element-87405e7 e-con-full e-flex e-con e-child\" data-id=\"87405e7\" data-element_type=\"container\" data-e-type=\"container\">\n\t\t\t\t<\/div>\n\t\t\t\t\t<\/div>\n\t\t\t\t<\/div>\n\t\t<div class=\"elementor-element elementor-element-32fb7d0 e-flex e-con-boxed e-con e-parent\" data-id=\"32fb7d0\" data-element_type=\"container\" data-e-type=\"container\" data-settings=\"{&quot;shape_divider_bottom&quot;:&quot;waves&quot;}\">\n\t\t\t\t\t<div class=\"e-con-inner\">\n\t\t\t\t<div class=\"elementor-shape elementor-shape-bottom\" aria-hidden=\"true\" data-negative=\"false\">\n\t\t\t<svg xmlns=\"http:\/\/www.w3.org\/2000\/svg\" viewbox=\"0 0 1000 100\" preserveaspectratio=\"none\">\n\t<path class=\"elementor-shape-fill\" d=\"M421.9,6.5c22.6-2.5,51.5,0.4,75.5,5.3c23.6,4.9,70.9,23.5,100.5,35.7c75.8,32.2,133.7,44.5,192.6,49.7\tc23.6,2.1,48.7,3.5,103.4-2.5c54.7-6,106.2-25.6,106.2-25.6V0H0v30.3c0,0,72,32.6,158.4,30.5c39.2-0.7,92.8-6.7,134-22.4\tc21.2-8.1,52.2-18.2,79.7-24.2C399.3,7.9,411.6,7.5,421.9,6.5z\"\/>\n<\/svg>\t\t<\/div>\n\t\t<div class=\"elementor-element elementor-element-927b88b e-con-full e-flex e-con e-child\" data-id=\"927b88b\" data-element_type=\"container\" data-e-type=\"container\">\n\t\t<div class=\"elementor-element elementor-element-8402d24 e-con-full e-flex e-con e-child\" data-id=\"8402d24\" data-element_type=\"container\" data-e-type=\"container\">\n\t\t<div class=\"elementor-element elementor-element-ff246bd e-con-full e-flex e-con e-child\" data-id=\"ff246bd\" data-element_type=\"container\" data-e-type=\"container\">\n\t\t\t\t<div class=\"elementor-element elementor-element-e941492 elementor-widget elementor-widget-heading\" data-id=\"e941492\" data-element_type=\"widget\" data-e-type=\"widget\" data-widget_type=\"heading.default\">\n\t\t\t\t<div class=\"elementor-widget-container\">\n\t\t\t\t\t<h2 class=\"elementor-heading-title elementor-size-default\">Easter lunch at Tylstrup Kro<\/h2>\t\t\t\t<\/div>\n\t\t\t\t<\/div>\n\t\t\t\t<div class=\"elementor-element elementor-element-4afea5f elementor-widget elementor-widget-text-editor\" data-id=\"4afea5f\" data-element_type=\"widget\" data-e-type=\"widget\" data-widget_type=\"text-editor.default\">\n\t\t\t\t<div class=\"elementor-widget-container\">\n\t\t\t\t\t\t\t\t\t<p data-start=\"80\" data-end=\"305\">Treat family and friends to an unforgettable Easter lunch at Tylstrup Kro. We offer a delicious, traditional Easter buffet with everything your heart desires - from herring and warm dishes to juicy roasts and homemade desserts.<\/p><p data-start=\"307\" data-end=\"562\">Our cosy inn is the perfect setting for an atmospheric Easter lunch where you can enjoy good food and company in charming surroundings. Whether you're a small group or a larger party, we will provide a warm welcome and a wonderful dining experience.<\/p><p data-start=\"564\" data-end=\"778\" data-is-last-node=\"\" data-is-only-node=\"\">Let us take care of the practicalities, so all you have to do is sit back and enjoy the joys of Easter. Contact us today to book a table for this year's Easter lunch at Tylstrup Kro - we look forward to welcoming you!<\/p>\t\t\t\t\t\t\t\t<\/div>\n\t\t\t\t<\/div>\n\t\t\t\t<div class=\"elementor-element elementor-element-e5d2524 elementor-widget elementor-widget-template\" data-id=\"e5d2524\" data-element_type=\"widget\" data-e-type=\"widget\" data-widget_type=\"template.default\">\n\t\t\t\t<div class=\"elementor-widget-container\">\n\t\t\t\t\t\t\t<div class=\"elementor-template\">\n\t\t\t\t\t<div data-elementor-type=\"container\" data-elementor-id=\"1078\" class=\"elementor elementor-1078\" data-elementor-post-type=\"elementor_library\">\n\t\t\t\t<div class=\"elementor-element elementor-element-6d58afe0 e-con-full e-flex e-con e-child\" data-id=\"6d58afe0\" data-element_type=\"container\" data-e-type=\"container\">\n\t\t\t\t<div class=\"elementor-element elementor-element-875a334 elementor-align-left elementor-tablet-align-left elementor-widget elementor-widget-button\" data-id=\"875a334\" data-element_type=\"widget\" data-e-type=\"widget\" data-widget_type=\"button.default\">\n\t\t\t\t<div class=\"elementor-widget-container\">\n\t\t\t\t\t\t\t\t\t<div class=\"elementor-button-wrapper\">\n\t\t\t\t\t<a class=\"elementor-button elementor-button-link elementor-size-md elementor-animation-shrink\" href=\"https:\/\/tylstrup-kro.dk\/en\/kontakt\/\">\n\t\t\t\t\t\t<span class=\"elementor-button-content-wrapper\">\n\t\t\t\t\t\t\t\t\t<span class=\"elementor-button-text\">Contact us<\/span>\n\t\t\t\t\t<\/span>\n\t\t\t\t\t<\/a>\n\t\t\t\t<\/div>\n\t\t\t\t\t\t\t\t<\/div>\n\t\t\t\t<\/div>\n\t\t\t\t<\/div>\n\t\t\t\t<\/div>\n\t\t\t\t<\/div>\n\t\t\t\t\t\t<\/div>\n\t\t\t\t<\/div>\n\t\t\t\t<\/div>\n\t\t\t\t<\/div>\n\t\t<div class=\"elementor-element elementor-element-b6cdd98 e-con-full e-flex e-con e-child\" data-id=\"b6cdd98\" data-element_type=\"container\" data-e-type=\"container\">\n\t\t<div class=\"elementor-element elementor-element-96f5b52 e-grid e-con-full e-con e-child\" data-id=\"96f5b52\" data-element_type=\"container\" data-e-type=\"container\">\n\t\t<div class=\"elementor-element elementor-element-b6efc92 e-con-full e-flex e-con e-child\" data-id=\"b6efc92\" data-element_type=\"container\" data-e-type=\"container\">\n\t\t\t\t<div class=\"elementor-element elementor-element-4de8f4d elementor-widget elementor-widget-heading\" data-id=\"4de8f4d\" data-element_type=\"widget\" data-e-type=\"widget\" data-widget_type=\"heading.default\">\n\t\t\t\t<div class=\"elementor-widget-container\">\n\t\t\t\t\t<h4 class=\"elementor-heading-title elementor-size-default\">Easter buffet in the house\nGood Friday, Easter Saturday and Easter Sunday\nFrom 12.00 to 15.00<\/h4>\t\t\t\t<\/div>\n\t\t\t\t<\/div>\n\t\t\t\t<div class=\"elementor-element elementor-element-f2b2aa1 elementor-widget elementor-widget-text-editor\" data-id=\"f2b2aa1\" data-element_type=\"widget\" data-e-type=\"widget\" data-widget_type=\"text-editor.default\">\n\t\t\t\t<div class=\"elementor-widget-container\">\n\t\t\t\t\t\t\t\t\t<p>Marinated herring with curry salad<\/p><p>Fish fillet with remoulade and lemon<\/p><p>Egg and tomato with mayonnaise<\/p><p>Tartlets with chicken in asparagus<\/p><p>Meatballs with red cabbage<\/p><p>Chicken salad with bacon and pineapple<\/p><p>Hot liver p\u00e2t\u00e9 with mushrooms and bacon<\/p><p>Salmon bellevue with prawns and asparagus<\/p><p>Roast leg of lamb with cream potatoes and green salad<\/p><p>Tenderloin a la creme with sour cream and pommes risolle\u00e9s<\/p><p>Fresh fruit with raw cream<\/p><p>Macaroon cake with blood orange broken gel<\/p><p>Cheese platter with crispbread, crackers and apricot jam<\/p>\t\t\t\t\t\t\t\t<\/div>\n\t\t\t\t<\/div>\n\t\t\t\t<div class=\"elementor-element elementor-element-d5dab0d elementor-widget elementor-widget-heading\" data-id=\"d5dab0d\" data-element_type=\"widget\" data-e-type=\"widget\" data-widget_type=\"heading.default\">\n\t\t\t\t<div class=\"elementor-widget-container\">\n\t\t\t\t\t<h4 class=\"elementor-heading-title elementor-size-default\">Price per person DKK 265,-<\/h4>\t\t\t\t<\/div>\n\t\t\t\t<\/div>\n\t\t\t\t<\/div>\n\t\t<div class=\"elementor-element elementor-element-ead0955 e-con-full e-flex e-con e-child\" data-id=\"ead0955\" data-element_type=\"container\" data-e-type=\"container\">\n\t\t\t\t<div class=\"elementor-element elementor-element-2d6230a elementor-widget elementor-widget-heading\" data-id=\"2d6230a\" data-element_type=\"widget\" data-e-type=\"widget\" data-widget_type=\"heading.default\">\n\t\t\t\t<div class=\"elementor-widget-container\">\n\t\t\t\t\t<h4 class=\"elementor-heading-title elementor-size-default\">Easter buffet out of the house<\/h4>\t\t\t\t<\/div>\n\t\t\t\t<\/div>\n\t\t\t\t<div class=\"elementor-element elementor-element-431c570 elementor-widget elementor-widget-text-editor\" data-id=\"431c570\" data-element_type=\"widget\" data-e-type=\"widget\" data-widget_type=\"text-editor.default\">\n\t\t\t\t<div class=\"elementor-widget-container\">\n\t\t\t\t\t\t\t\t\t<p>Marinated herring with curry salad and quartered eggs<\/p><p>Warm fish fillet with remoulade and lemon<\/p><p>Chicken salad with bacon and pineapple<\/p><p>Tartlets with chicken in asparagus<\/p><p>Tenderloin a la creme with cucumber salad<\/p><p>Veal fillet with pesto marinated potatoes and green salad<\/p><p>Small meatballs with red cabbage<\/p><p>Fresh fruit and raw cream<\/p><p>Macaroon cake with blood orange broken gel<\/p><p>Bread and butter<\/p>\t\t\t\t\t\t\t\t<\/div>\n\t\t\t\t<\/div>\n\t\t\t\t<div class=\"elementor-element elementor-element-1343e4f elementor-widget elementor-widget-heading\" data-id=\"1343e4f\" data-element_type=\"widget\" data-e-type=\"widget\" data-widget_type=\"heading.default\">\n\t\t\t\t<div class=\"elementor-widget-container\">\n\t\t\t\t\t<h4 class=\"elementor-heading-title elementor-size-default\">Price per person DKK 215,-\n\n\n\nMin. order for 10 people,\nPurchase of 2 kinds of cheese with accessories 45,- per person<\/h4>\t\t\t\t<\/div>\n\t\t\t\t<\/div>\n\t\t\t\t<div class=\"elementor-element elementor-element-5e1cf41 elementor-widget elementor-widget-heading\" data-id=\"5e1cf41\" data-element_type=\"widget\" data-e-type=\"widget\" data-widget_type=\"heading.default\">\n\t\t\t\t<div class=\"elementor-widget-container\">\n\t\t\t\t\t<h5 class=\"elementor-heading-title elementor-size-default\">Free delivery over 20 people or 200 kr.<\/h5>\t\t\t\t<\/div>\n\t\t\t\t<\/div>\n\t\t\t\t<\/div>\n\t\t\t\t<\/div>\n\t\t\t\t<\/div>\n\t\t\t\t<\/div>\n\t\t\t\t\t<\/div>\n\t\t\t\t<\/div>\n\t\t<div class=\"elementor-element elementor-element-8369a63 e-con-full e-flex e-con e-parent\" data-id=\"8369a63\" data-element_type=\"container\" data-e-type=\"container\">\n\t\t<div class=\"elementor-element elementor-element-c082f54 e-con-full e-flex e-con e-child\" data-id=\"c082f54\" data-element_type=\"container\" data-e-type=\"container\">\n\t\t\t\t<div class=\"elementor-element elementor-element-b69767e elementor-widget elementor-widget-image-carousel\" data-id=\"b69767e\" data-element_type=\"widget\" data-e-type=\"widget\" data-settings=\"{&quot;slides_to_show&quot;:&quot;6&quot;,&quot;slides_to_show_tablet&quot;:&quot;4&quot;,&quot;slides_to_show_mobile&quot;:&quot;3&quot;,&quot;navigation&quot;:&quot;none&quot;,&quot;pause_on_hover&quot;:&quot;no&quot;,&quot;pause_on_interaction&quot;:&quot;no&quot;,&quot;autoplay_speed&quot;:3000,&quot;autoplay&quot;:&quot;yes&quot;,&quot;infinite&quot;:&quot;yes&quot;,&quot;speed&quot;:500}\" data-widget_type=\"image-carousel.default\">\n\t\t\t\t<div class=\"elementor-widget-container\">\n\t\t\t\t\t\t\t<div class=\"elementor-image-carousel-wrapper swiper\" role=\"region\" aria-roledescription=\"carousel\" aria-label=\"Image Carousel\" dir=\"ltr\">\n\t\t\t<div class=\"elementor-image-carousel swiper-wrapper\" aria-live=\"off\">\n\t\t\t\t\t\t\t\t<div class=\"swiper-slide\" role=\"group\" aria-roledescription=\"slide\" aria-label=\"1 of 11\"><a data-elementor-open-lightbox=\"yes\" data-elementor-lightbox-slideshow=\"b69767e\" data-elementor-lightbox-title=\"Tylstrup Kro 2022-23\" data-e-action-hash=\"#elementor-action%3Aaction%3Dlightbox%26settings%3DeyJpZCI6MTAxNywidXJsIjoiaHR0cHM6XC9cL3R5bHN0cnVwLWtyby5ka1wvd3AtY29udGVudFwvdXBsb2Fkc1wvMjAyNVwvMDNcL1R5bHN0cnVwLUtyby0yMDIyLTIzLXNjYWxlZC5qcGciLCJzbGlkZXNob3ciOiJiNjk3NjdlIn0%3D\" href=\"https:\/\/tylstrup-kro.dk\/wp-content\/uploads\/2025\/03\/Tylstrup-Kro-2022-23-scaled.jpg\"><figure class=\"swiper-slide-inner\"><img decoding=\"async\" class=\"swiper-slide-image\" src=\"https:\/\/tylstrup-kro.dk\/wp-content\/uploads\/2025\/03\/Tylstrup-Kro-2022-23-scaled.jpg\" alt=\"Tylstrup Kro 2022-23\" title=\"- -\"><\/figure><\/a><\/div><div class=\"swiper-slide\" role=\"group\" aria-roledescription=\"slide\" aria-label=\"2 of 11\"><a data-elementor-open-lightbox=\"yes\" data-elementor-lightbox-slideshow=\"b69767e\" data-elementor-lightbox-title=\"Tylstrup Kro 2022-19\" data-e-action-hash=\"#elementor-action%3Aaction%3Dlightbox%26settings%3DeyJpZCI6MTAzMSwidXJsIjoiaHR0cHM6XC9cL3R5bHN0cnVwLWtyby5ka1wvd3AtY29udGVudFwvdXBsb2Fkc1wvMjAyNVwvMDNcL1R5bHN0cnVwLUtyby0yMDIyLTE5LXNjYWxlZC5qcGciLCJzbGlkZXNob3ciOiJiNjk3NjdlIn0%3D\" href=\"https:\/\/tylstrup-kro.dk\/wp-content\/uploads\/2025\/03\/Tylstrup-Kro-2022-19-scaled.jpg\"><figure class=\"swiper-slide-inner\"><img decoding=\"async\" class=\"swiper-slide-image\" src=\"https:\/\/tylstrup-kro.dk\/wp-content\/uploads\/2025\/03\/Tylstrup-Kro-2022-19-scaled.jpg\" alt=\"Tylstrup Kro 2022-19\" title=\"- -\"><\/figure><\/a><\/div><div class=\"swiper-slide\" role=\"group\" aria-roledescription=\"slide\" aria-label=\"3 of 11\"><a data-elementor-open-lightbox=\"yes\" data-elementor-lightbox-slideshow=\"b69767e\" data-elementor-lightbox-title=\"443822685_927099569215380_7711289894342396438_n\" data-e-action-hash=\"#elementor-action%3Aaction%3Dlightbox%26settings%3DeyJpZCI6OTYyLCJ1cmwiOiJodHRwczpcL1wvdHlsc3RydXAta3JvLmRrXC93cC1jb250ZW50XC91cGxvYWRzXC8yMDI1XC8wM1wvNDQzODIyNjg1XzkyNzA5OTU2OTIxNTM4MF83NzExMjg5ODk0MzQyMzk2NDM4X24uanBnIiwic2xpZGVzaG93IjoiYjY5NzY3ZSJ9\" href=\"https:\/\/tylstrup-kro.dk\/wp-content\/uploads\/2025\/03\/443822685_927099569215380_7711289894342396438_n.jpg\"><figure class=\"swiper-slide-inner\"><img decoding=\"async\" class=\"swiper-slide-image\" src=\"https:\/\/tylstrup-kro.dk\/wp-content\/uploads\/2025\/03\/443822685_927099569215380_7711289894342396438_n.jpg\" alt=\"443822685_927099569215380_7711289894342396438_n\" title=\"- -\"><\/figure><\/a><\/div><div class=\"swiper-slide\" role=\"group\" aria-roledescription=\"slide\" aria-label=\"4 of 11\"><a data-elementor-open-lightbox=\"yes\" data-elementor-lightbox-slideshow=\"b69767e\" data-elementor-lightbox-title=\"397129392_808706051054733_1565915942561797279_n\" data-e-action-hash=\"#elementor-action%3Aaction%3Dlightbox%26settings%3DeyJpZCI6OTQ0LCJ1cmwiOiJodHRwczpcL1wvdHlsc3RydXAta3JvLmRrXC93cC1jb250ZW50XC91cGxvYWRzXC8yMDI1XC8wM1wvMzk3MTI5MzkyXzgwODcwNjA1MTA1NDczM18xNTY1OTE1OTQyNTYxNzk3Mjc5X24uanBnIiwic2xpZGVzaG93IjoiYjY5NzY3ZSJ9\" href=\"https:\/\/tylstrup-kro.dk\/wp-content\/uploads\/2025\/03\/397129392_808706051054733_1565915942561797279_n.jpg\"><figure class=\"swiper-slide-inner\"><img decoding=\"async\" class=\"swiper-slide-image\" src=\"https:\/\/tylstrup-kro.dk\/wp-content\/uploads\/2025\/03\/397129392_808706051054733_1565915942561797279_n.jpg\" alt=\"397129392_808706051054733_1565915942561797279_n\" title=\"- -\"><\/figure><\/a><\/div><div class=\"swiper-slide\" role=\"group\" aria-roledescription=\"slide\" aria-label=\"5 of 11\"><a data-elementor-open-lightbox=\"yes\" data-elementor-lightbox-slideshow=\"b69767e\" data-elementor-lightbox-title=\"472598229_1078706044054731_6896226772021246067_n\" data-e-action-hash=\"#elementor-action%3Aaction%3Dlightbox%26settings%3DeyJpZCI6OTgzLCJ1cmwiOiJodHRwczpcL1wvdHlsc3RydXAta3JvLmRrXC93cC1jb250ZW50XC91cGxvYWRzXC8yMDI1XC8wM1wvNDcyNTk4MjI5XzEwNzg3MDYwNDQwNTQ3MzFfNjg5NjIyNjc3MjAyMTI0NjA2N19uLmpwZyIsInNsaWRlc2hvdyI6ImI2OTc2N2UifQ%3D%3D\" href=\"https:\/\/tylstrup-kro.dk\/wp-content\/uploads\/2025\/03\/472598229_1078706044054731_6896226772021246067_n.jpg\"><figure class=\"swiper-slide-inner\"><img decoding=\"async\" class=\"swiper-slide-image\" src=\"https:\/\/tylstrup-kro.dk\/wp-content\/uploads\/2025\/03\/472598229_1078706044054731_6896226772021246067_n.jpg\" alt=\"472598229_1078706044054731_6896226772021246067_n\" title=\"- -\"><\/figure><\/a><\/div><div class=\"swiper-slide\" role=\"group\" aria-roledescription=\"slide\" aria-label=\"6 of 11\"><a data-elementor-open-lightbox=\"yes\" data-elementor-lightbox-slideshow=\"b69767e\" data-elementor-lightbox-title=\"465679484_1038206941437975_5417857931370186836_n (1)\" data-e-action-hash=\"#elementor-action%3Aaction%3Dlightbox%26settings%3DeyJpZCI6OTc2LCJ1cmwiOiJodHRwczpcL1wvdHlsc3RydXAta3JvLmRrXC93cC1jb250ZW50XC91cGxvYWRzXC8yMDI1XC8wM1wvNDY1Njc5NDg0XzEwMzgyMDY5NDE0Mzc5NzVfNTQxNzg1NzkzMTM3MDE4NjgzNl9uLTEuanBnIiwic2xpZGVzaG93IjoiYjY5NzY3ZSJ9\" href=\"https:\/\/tylstrup-kro.dk\/wp-content\/uploads\/2025\/03\/465679484_1038206941437975_5417857931370186836_n-1.jpg\"><figure class=\"swiper-slide-inner\"><img decoding=\"async\" class=\"swiper-slide-image\" src=\"https:\/\/tylstrup-kro.dk\/wp-content\/uploads\/2025\/03\/465679484_1038206941437975_5417857931370186836_n-1.jpg\" alt=\"465679484_1038206941437975_5417857931370186836_n (1)\" title=\"- -\"><\/figure><\/a><\/div><div class=\"swiper-slide\" role=\"group\" aria-roledescription=\"slide\" aria-label=\"7 of 11\"><a data-elementor-open-lightbox=\"yes\" data-elementor-lightbox-slideshow=\"b69767e\" data-elementor-lightbox-title=\"475862707_1097622008829801_7919373909792790140_n\" data-e-action-hash=\"#elementor-action%3Aaction%3Dlightbox%26settings%3DeyJpZCI6OTk4LCJ1cmwiOiJodHRwczpcL1wvdHlsc3RydXAta3JvLmRrXC93cC1jb250ZW50XC91cGxvYWRzXC8yMDI1XC8wM1wvNDc1ODYyNzA3XzEwOTc2MjIwMDg4Mjk4MDFfNzkxOTM3MzkwOTc5Mjc5MDE0MF9uLmpwZyIsInNsaWRlc2hvdyI6ImI2OTc2N2UifQ%3D%3D\" href=\"https:\/\/tylstrup-kro.dk\/wp-content\/uploads\/2025\/03\/475862707_1097622008829801_7919373909792790140_n.jpg\"><figure class=\"swiper-slide-inner\"><img decoding=\"async\" class=\"swiper-slide-image\" src=\"https:\/\/tylstrup-kro.dk\/wp-content\/uploads\/2025\/03\/475862707_1097622008829801_7919373909792790140_n.jpg\" alt=\"475862707_1097622008829801_7919373909792790140_n\" title=\"- -\"><\/figure><\/a><\/div><div class=\"swiper-slide\" role=\"group\" aria-roledescription=\"slide\" aria-label=\"8 of 11\"><a data-elementor-open-lightbox=\"yes\" data-elementor-lightbox-slideshow=\"b69767e\" data-elementor-lightbox-title=\"Tylstrup Kro 2022-35\" data-e-action-hash=\"#elementor-action%3Aaction%3Dlightbox%26settings%3DeyJpZCI6MTAxNCwidXJsIjoiaHR0cHM6XC9cL3R5bHN0cnVwLWtyby5ka1wvd3AtY29udGVudFwvdXBsb2Fkc1wvMjAyNVwvMDNcL1R5bHN0cnVwLUtyby0yMDIyLTM1LXNjYWxlZC5qcGciLCJzbGlkZXNob3ciOiJiNjk3NjdlIn0%3D\" href=\"https:\/\/tylstrup-kro.dk\/wp-content\/uploads\/2025\/03\/Tylstrup-Kro-2022-35-scaled.jpg\"><figure class=\"swiper-slide-inner\"><img decoding=\"async\" class=\"swiper-slide-image\" src=\"https:\/\/tylstrup-kro.dk\/wp-content\/uploads\/2025\/03\/Tylstrup-Kro-2022-35-scaled.jpg\" alt=\"Tylstrup Kro 2022-35\" title=\"- -\"><\/figure><\/a><\/div><div class=\"swiper-slide\" role=\"group\" aria-roledescription=\"slide\" aria-label=\"9 of 11\"><a data-elementor-open-lightbox=\"yes\" data-elementor-lightbox-slideshow=\"b69767e\" data-elementor-lightbox-title=\"356826264_740636057861733_831182691886880717_n\" data-e-action-hash=\"#elementor-action%3Aaction%3Dlightbox%26settings%3DeyJpZCI6MTAwMSwidXJsIjoiaHR0cHM6XC9cL3R5bHN0cnVwLWtyby5ka1wvd3AtY29udGVudFwvdXBsb2Fkc1wvMjAyNVwvMDNcLzM1NjgyNjI2NF83NDA2MzYwNTc4NjE3MzNfODMxMTgyNjkxODg2ODgwNzE3X24uanBnIiwic2xpZGVzaG93IjoiYjY5NzY3ZSJ9\" href=\"https:\/\/tylstrup-kro.dk\/wp-content\/uploads\/2025\/03\/356826264_740636057861733_831182691886880717_n.jpg\"><figure class=\"swiper-slide-inner\"><img decoding=\"async\" class=\"swiper-slide-image\" src=\"https:\/\/tylstrup-kro.dk\/wp-content\/uploads\/2025\/03\/356826264_740636057861733_831182691886880717_n.jpg\" alt=\"356826264_740636057861733_831182691886880717_n\" title=\"- -\"><\/figure><\/a><\/div><div class=\"swiper-slide\" role=\"group\" aria-roledescription=\"slide\" aria-label=\"10 of 11\"><a data-elementor-open-lightbox=\"yes\" data-elementor-lightbox-slideshow=\"b69767e\" data-elementor-lightbox-title=\"466102070_1038206898104646_8675675616517918135_n\" data-e-action-hash=\"#elementor-action%3Aaction%3Dlightbox%26settings%3DeyJpZCI6OTc4LCJ1cmwiOiJodHRwczpcL1wvdHlsc3RydXAta3JvLmRrXC93cC1jb250ZW50XC91cGxvYWRzXC8yMDI1XC8wM1wvNDY2MTAyMDcwXzEwMzgyMDY4OTgxMDQ2NDZfODY3NTY3NTYxNjUxNzkxODEzNV9uLmpwZyIsInNsaWRlc2hvdyI6ImI2OTc2N2UifQ%3D%3D\" href=\"https:\/\/tylstrup-kro.dk\/wp-content\/uploads\/2025\/03\/466102070_1038206898104646_8675675616517918135_n.jpg\"><figure class=\"swiper-slide-inner\"><img decoding=\"async\" class=\"swiper-slide-image\" src=\"https:\/\/tylstrup-kro.dk\/wp-content\/uploads\/2025\/03\/466102070_1038206898104646_8675675616517918135_n.jpg\" alt=\"466102070_1038206898104646_8675675616517918135_n\" title=\"- -\"><\/figure><\/a><\/div><div class=\"swiper-slide\" role=\"group\" aria-roledescription=\"slide\" aria-label=\"11 of 11\"><a data-elementor-open-lightbox=\"yes\" data-elementor-lightbox-slideshow=\"b69767e\" data-elementor-lightbox-title=\"358637289_745293457395993_4211861647439236121_n\" data-e-action-hash=\"#elementor-action%3Aaction%3Dlightbox%26settings%3DeyJpZCI6OTM2LCJ1cmwiOiJodHRwczpcL1wvdHlsc3RydXAta3JvLmRrXC93cC1jb250ZW50XC91cGxvYWRzXC8yMDI1XC8wM1wvMzU4NjM3Mjg5Xzc0NTI5MzQ1NzM5NTk5M180MjExODYxNjQ3NDM5MjM2MTIxX24uanBnIiwic2xpZGVzaG93IjoiYjY5NzY3ZSJ9\" href=\"https:\/\/tylstrup-kro.dk\/wp-content\/uploads\/2025\/03\/358637289_745293457395993_4211861647439236121_n.jpg\"><figure class=\"swiper-slide-inner\"><img decoding=\"async\" class=\"swiper-slide-image\" src=\"https:\/\/tylstrup-kro.dk\/wp-content\/uploads\/2025\/03\/358637289_745293457395993_4211861647439236121_n.jpg\" alt=\"358637289_745293457395993_4211861647439236121_n\" title=\"- -\"><\/figure><\/a><\/div>\t\t\t<\/div>\n\t\t\t\t\t\t\t\n\t\t\t\t\t\t\t\t\t<\/div>\n\t\t\t\t\t\t<\/div>\n\t\t\t\t<\/div>\n\t\t\t\t<\/div>\n\t\t\t\t<\/div>\n\t\t\t\t<\/div>","protected":false},"excerpt":{"rendered":"<p>P\u00e5skefrokost hos Tylstrup Kro Fork\u00e6l familie og venner med en uforglemmelig p\u00e5skefrokost p\u00e5 Tylstrup Kro. Vi byder p\u00e5 en l\u00e6kker, traditionel p\u00e5skebuffet med alt, hvad hjertet beg\u00e6rer \u2013 fra sild og lune retter til saftige stege og hjemmelavede desserter. Vores hyggelige kro danner den perfekte ramme for en stemningsfuld p\u00e5skefrokost, hvor I kan nyde god [&hellip;]<\/p>\n","protected":false},"author":1,"featured_media":0,"parent":0,"menu_order":0,"comment_status":"closed","ping_status":"closed","template":"elementor_header_footer","meta":{"footnotes":""},"class_list":["post-1164","page","type-page","status-publish","hentry"],"_links":{"self":[{"href":"https:\/\/tylstrup-kro.dk\/en\/wp-json\/wp\/v2\/pages\/1164","targetHints":{"allow":["GET"]}}],"collection":[{"href":"https:\/\/tylstrup-kro.dk\/en\/wp-json\/wp\/v2\/pages"}],"about":[{"href":"https:\/\/tylstrup-kro.dk\/en\/wp-json\/wp\/v2\/types\/page"}],"author":[{"embeddable":true,"href":"https:\/\/tylstrup-kro.dk\/en\/wp-json\/wp\/v2\/users\/1"}],"replies":[{"embeddable":true,"href":"https:\/\/tylstrup-kro.dk\/en\/wp-json\/wp\/v2\/comments?post=1164"}],"version-history":[{"count":70,"href":"https:\/\/tylstrup-kro.dk\/en\/wp-json\/wp\/v2\/pages\/1164\/revisions"}],"predecessor-version":[{"id":3104,"href":"https:\/\/tylstrup-kro.dk\/en\/wp-json\/wp\/v2\/pages\/1164\/revisions\/3104"}],"wp:attachment":[{"href":"https:\/\/tylstrup-kro.dk\/en\/wp-json\/wp\/v2\/media?parent=1164"}],"curies":[{"name":"wp","href":"https:\/\/api.w.org\/{rel}","templated":true}]}}