{"id":1346,"date":"2025-03-07T15:26:32","date_gmt":"2025-03-07T14:26:32","guid":{"rendered":"https:\/\/tylstrup-kro.dk\/?page_id=1346"},"modified":"2026-03-31T12:56:21","modified_gmt":"2026-03-31T11:56:21","slug":"julefrokost","status":"publish","type":"page","link":"https:\/\/tylstrup-kro.dk\/de\/julefrokost\/","title":{"rendered":"Weihnachtsfeier"},"content":{"rendered":"<div data-elementor-type=\"wp-page\" data-elementor-id=\"1346\" class=\"elementor elementor-1346\" data-elementor-post-type=\"page\">\n\t\t\t\t<div class=\"elementor-element elementor-element-65061f2 e-flex e-con-boxed e-con e-parent\" data-id=\"65061f2\" data-element_type=\"container\" data-e-type=\"container\" data-settings=\"{&quot;background_background&quot;:&quot;classic&quot;,&quot;shape_divider_bottom&quot;:&quot;waves&quot;}\">\n\t\t\t\t\t<div class=\"e-con-inner\">\n\t\t\t\t<div class=\"elementor-shape elementor-shape-bottom\" aria-hidden=\"true\" data-negative=\"false\">\n\t\t\t<svg xmlns=\"http:\/\/www.w3.org\/2000\/svg\" viewbox=\"0 0 1000 100\" preserveaspectratio=\"none\">\n\t<path class=\"elementor-shape-fill\" d=\"M421.9,6.5c22.6-2.5,51.5,0.4,75.5,5.3c23.6,4.9,70.9,23.5,100.5,35.7c75.8,32.2,133.7,44.5,192.6,49.7\tc23.6,2.1,48.7,3.5,103.4-2.5c54.7-6,106.2-25.6,106.2-25.6V0H0v30.3c0,0,72,32.6,158.4,30.5c39.2-0.7,92.8-6.7,134-22.4\tc21.2-8.1,52.2-18.2,79.7-24.2C399.3,7.9,411.6,7.5,421.9,6.5z\"\/>\n<\/svg>\t\t<\/div>\n\t\t<div class=\"elementor-element elementor-element-87405e7 e-con-full e-flex e-con e-child\" data-id=\"87405e7\" data-element_type=\"container\" data-e-type=\"container\">\n\t\t\t\t<\/div>\n\t\t\t\t\t<\/div>\n\t\t\t\t<\/div>\n\t\t<div class=\"elementor-element elementor-element-32fb7d0 e-flex e-con-boxed e-con e-parent\" data-id=\"32fb7d0\" data-element_type=\"container\" data-e-type=\"container\" data-settings=\"{&quot;shape_divider_bottom&quot;:&quot;waves&quot;}\">\n\t\t\t\t\t<div class=\"e-con-inner\">\n\t\t\t\t<div class=\"elementor-shape elementor-shape-bottom\" aria-hidden=\"true\" data-negative=\"false\">\n\t\t\t<svg xmlns=\"http:\/\/www.w3.org\/2000\/svg\" viewbox=\"0 0 1000 100\" preserveaspectratio=\"none\">\n\t<path class=\"elementor-shape-fill\" d=\"M421.9,6.5c22.6-2.5,51.5,0.4,75.5,5.3c23.6,4.9,70.9,23.5,100.5,35.7c75.8,32.2,133.7,44.5,192.6,49.7\tc23.6,2.1,48.7,3.5,103.4-2.5c54.7-6,106.2-25.6,106.2-25.6V0H0v30.3c0,0,72,32.6,158.4,30.5c39.2-0.7,92.8-6.7,134-22.4\tc21.2-8.1,52.2-18.2,79.7-24.2C399.3,7.9,411.6,7.5,421.9,6.5z\"\/>\n<\/svg>\t\t<\/div>\n\t\t<div class=\"elementor-element elementor-element-927b88b e-con-full e-flex e-con e-child\" data-id=\"927b88b\" data-element_type=\"container\" data-e-type=\"container\">\n\t\t<div class=\"elementor-element elementor-element-8402d24 e-con-full e-flex e-con e-child\" data-id=\"8402d24\" data-element_type=\"container\" data-e-type=\"container\">\n\t\t<div class=\"elementor-element elementor-element-ff246bd e-con-full e-flex e-con e-child\" data-id=\"ff246bd\" data-element_type=\"container\" data-e-type=\"container\">\n\t\t\t\t<div class=\"elementor-element elementor-element-e941492 elementor-widget elementor-widget-heading\" data-id=\"e941492\" data-element_type=\"widget\" data-e-type=\"widget\" data-widget_type=\"heading.default\">\n\t\t\t\t<div class=\"elementor-widget-container\">\n\t\t\t\t\t<h2 class=\"elementor-heading-title elementor-size-default\">Weihnachtsessen im Tylstrup Kro<\/h2>\t\t\t\t<\/div>\n\t\t\t\t<\/div>\n\t\t\t\t<div class=\"elementor-element elementor-element-4afea5f elementor-widget elementor-widget-text-editor\" data-id=\"4afea5f\" data-element_type=\"widget\" data-e-type=\"widget\" data-widget_type=\"text-editor.default\">\n\t\t\t\t<div class=\"elementor-widget-container\">\n\t\t\t\t\t\t\t\t\t<p>Die diesj\u00e4hrige Weihnachtsfeier findet im Tylstrup Kro statt.<\/p><p>Gro\u00dfer Tisch zum Mitnehmen mit vielen traditionellen Weihnachtsgerichten und Leckereien.<\/p><p>Freuen Sie sich auf einen Abend mit allem, was man f\u00fcr eine Weihnachtsfeier braucht und Musik von unserem Rudi Simonsen von HOTSHOT<\/p><p>Der Abend beginnt um 18.30 Uhr, der Nachtsnack wird um ca. 01.00 Uhr serviert.<\/p><p><strong>Denken Sie daran, dass wir auch ein Adventsbuffet jeden Sonntag im Advent von 12 bis 15 Uhr Preis pro Person 300,-<\/strong><\/p>\t\t\t\t\t\t\t\t<\/div>\n\t\t\t\t<\/div>\n\t\t\t\t<\/div>\n\t\t<div class=\"elementor-element elementor-element-9d2ba8f e-con-full e-flex e-con e-child\" data-id=\"9d2ba8f\" data-element_type=\"container\" data-e-type=\"container\">\n\t\t\t\t<div class=\"elementor-element elementor-element-48624c0 elementor-widget elementor-widget-image\" data-id=\"48624c0\" data-element_type=\"widget\" data-e-type=\"widget\" data-widget_type=\"image.default\">\n\t\t\t\t<div class=\"elementor-widget-container\">\n\t\t\t\t\t\t\t\t\t\t\t\t\t\t\t<img fetchpriority=\"high\" decoding=\"async\" width=\"720\" height=\"900\" src=\"https:\/\/tylstrup-kro.dk\/wp-content\/uploads\/2025\/03\/468603067_1055532953038707_3066317988188553214_n.jpg\" class=\"attachment-medium_large size-medium_large wp-image-981\" alt=\"- -\" srcset=\"https:\/\/tylstrup-kro.dk\/wp-content\/uploads\/2025\/03\/468603067_1055532953038707_3066317988188553214_n.jpg 720w, https:\/\/tylstrup-kro.dk\/wp-content\/uploads\/2025\/03\/468603067_1055532953038707_3066317988188553214_n-240x300.jpg 240w\" sizes=\"(max-width: 720px) 100vw, 720px\" title=\"- -\">\t\t\t\t\t\t\t\t\t\t\t\t\t\t\t<\/div>\n\t\t\t\t<\/div>\n\t\t\t\t<\/div>\n\t\t\t\t<\/div>\n\t\t<div class=\"elementor-element elementor-element-91ed4ba e-con-full e-flex e-con e-child\" data-id=\"91ed4ba\" data-element_type=\"container\" data-e-type=\"container\">\n\t\t<div class=\"elementor-element elementor-element-c916ff1 e-grid e-con-full e-con e-child\" data-id=\"c916ff1\" data-element_type=\"container\" data-e-type=\"container\">\n\t\t<div class=\"elementor-element elementor-element-607b952 e-con-full e-flex e-con e-child\" data-id=\"607b952\" data-element_type=\"container\" data-e-type=\"container\">\n\t\t\t\t<div class=\"elementor-element elementor-element-4412ddd elementor-widget elementor-widget-heading\" data-id=\"4412ddd\" data-element_type=\"widget\" data-e-type=\"widget\" data-widget_type=\"heading.default\">\n\t\t\t\t<div class=\"elementor-widget-container\">\n\t\t\t\t\t<h4 class=\"elementor-heading-title elementor-size-default\">Daten<\/h4>\t\t\t\t<\/div>\n\t\t\t\t<\/div>\n\t\t\t\t<div class=\"elementor-element elementor-element-83bca94 elementor-widget elementor-widget-text-editor\" data-id=\"83bca94\" data-element_type=\"widget\" data-e-type=\"widget\" data-widget_type=\"text-editor.default\">\n\t\t\t\t<div class=\"elementor-widget-container\">\n\t\t\t\t\t\t\t\t\t<p><strong>27. und 28. November<\/strong><\/p><p><strong>4 und 5. Dezember<\/strong><\/p><p><strong>12. Dezember<\/strong><\/p>\t\t\t\t\t\t\t\t<\/div>\n\t\t\t\t<\/div>\n\t\t\t\t<div class=\"elementor-element elementor-element-d8ba4a3 elementor-widget elementor-widget-heading\" data-id=\"d8ba4a3\" data-element_type=\"widget\" data-e-type=\"widget\" data-widget_type=\"heading.default\">\n\t\t\t\t<div class=\"elementor-widget-container\">\n\t\t\t\t\t<h4 class=\"elementor-heading-title elementor-size-default\">Preis pro Person DKK 875,- inkl. Kaffee\/Tee, Fassbier, Hausweine und alkoholfreie Getr\u00e4nke von 18.30 bis 01.30 Uhr<\/h4>\t\t\t\t<\/div>\n\t\t\t\t<\/div>\n\t\t\t\t<div class=\"elementor-element elementor-element-62bc587 elementor-widget elementor-widget-heading\" data-id=\"62bc587\" data-element_type=\"widget\" data-e-type=\"widget\" data-widget_type=\"heading.default\">\n\t\t\t\t<div class=\"elementor-widget-container\">\n\t\t\t\t\t<h5 class=\"elementor-heading-title elementor-size-default\">Tischreservierung erforderlich<\/h5>\t\t\t\t<\/div>\n\t\t\t\t<\/div>\n\t\t\t\t<\/div>\n\t\t<div class=\"elementor-element elementor-element-b96d1a0 e-con-full e-flex e-con e-child\" data-id=\"b96d1a0\" data-element_type=\"container\" data-e-type=\"container\">\n\t\t\t\t<div class=\"elementor-element elementor-element-3c36e3c elementor-widget elementor-widget-heading\" data-id=\"3c36e3c\" data-element_type=\"widget\" data-e-type=\"widget\" data-widget_type=\"heading.default\">\n\t\t\t\t<div class=\"elementor-widget-container\">\n\t\t\t\t\t<h4 class=\"elementor-heading-title elementor-size-default\">Zusatzangebote f\u00fcr den Abend<\/h4>\t\t\t\t<\/div>\n\t\t\t\t<\/div>\n\t\t\t\t<div class=\"elementor-element elementor-element-e335a4c elementor-widget elementor-widget-text-editor\" data-id=\"e335a4c\" data-element_type=\"widget\" data-e-type=\"widget\" data-widget_type=\"text-editor.default\">\n\t\t\t\t<div class=\"elementor-widget-container\">\n\t\t\t\t\t\t\t\t\t<p>\u00a0<\/p><p><strong>Nachtessen 75,- pro Person<\/strong><\/p><p>(Spargelsuppe)<\/p><p><strong>Unterkunft<\/strong><\/p><p>Einzelzimmer 600,- inkl. Fr\u00fchst\u00fcck<\/p><p>Doppelzimmer 700,- inkl. Fr\u00fchst\u00fcck<\/p>\t\t\t\t\t\t\t\t<\/div>\n\t\t\t\t<\/div>\n\t\t\t\t<div class=\"elementor-element elementor-element-6a63216 elementor-widget elementor-widget-heading\" data-id=\"6a63216\" data-element_type=\"widget\" data-e-type=\"widget\" data-widget_type=\"heading.default\">\n\t\t\t\t<div class=\"elementor-widget-container\">\n\t\t\t\t\t<h4 class=\"elementor-heading-title elementor-size-default\">Muss vorbestellt werden<\/h4>\t\t\t\t<\/div>\n\t\t\t\t<\/div>\n\t\t\t\t<div class=\"elementor-element elementor-element-d34af6b elementor-widget elementor-widget-heading\" data-id=\"d34af6b\" data-element_type=\"widget\" data-e-type=\"widget\" data-widget_type=\"heading.default\">\n\t\t\t\t<div class=\"elementor-widget-container\">\n\t\t\t\t\t<h5 class=\"elementor-heading-title elementor-size-default\">Frohe Weihnachten<\/h5>\t\t\t\t<\/div>\n\t\t\t\t<\/div>\n\t\t\t\t<\/div>\n\t\t\t\t<\/div>\n\t\t\t\t<\/div>\n\t\t\t\t<\/div>\n\t\t\t\t\t<\/div>\n\t\t\t\t<\/div>\n\t\t\t\t<\/div>","protected":false},"excerpt":{"rendered":"<p>Julefrokost p\u00e5 Tylstrup Kro \u00c5rets julefrokost skal da holdes p\u00e5 Tylstrup Kro. Stort ta`selv bord med masser af traditionelt julemad og l\u00e6kkerier. Gl\u00e6d jer til en aften med alt hvad der b\u00f8r h\u00f8re sig til en julefrokost og musikken leveres af vores lokale Rudi Simonsen fra HOTSHOT Aftenen starter kl. 18.30, natmad serveres kl. ca. [&hellip;]<\/p>\n","protected":false},"author":1,"featured_media":0,"parent":0,"menu_order":0,"comment_status":"closed","ping_status":"closed","template":"elementor_header_footer","meta":{"footnotes":""},"class_list":["post-1346","page","type-page","status-publish","hentry"],"_links":{"self":[{"href":"https:\/\/tylstrup-kro.dk\/de\/wp-json\/wp\/v2\/pages\/1346","targetHints":{"allow":["GET"]}}],"collection":[{"href":"https:\/\/tylstrup-kro.dk\/de\/wp-json\/wp\/v2\/pages"}],"about":[{"href":"https:\/\/tylstrup-kro.dk\/de\/wp-json\/wp\/v2\/types\/page"}],"author":[{"embeddable":true,"href":"https:\/\/tylstrup-kro.dk\/de\/wp-json\/wp\/v2\/users\/1"}],"replies":[{"embeddable":true,"href":"https:\/\/tylstrup-kro.dk\/de\/wp-json\/wp\/v2\/comments?post=1346"}],"version-history":[{"count":64,"href":"https:\/\/tylstrup-kro.dk\/de\/wp-json\/wp\/v2\/pages\/1346\/revisions"}],"predecessor-version":[{"id":3375,"href":"https:\/\/tylstrup-kro.dk\/de\/wp-json\/wp\/v2\/pages\/1346\/revisions\/3375"}],"wp:attachment":[{"href":"https:\/\/tylstrup-kro.dk\/de\/wp-json\/wp\/v2\/media?parent=1346"}],"curies":[{"name":"wp","href":"https:\/\/api.w.org\/{rel}","templated":true}]}}