{"id":1163,"date":"2025-03-07T12:54:30","date_gmt":"2025-03-07T11:54:30","guid":{"rendered":"https:\/\/tylstrup-kro.dk\/?page_id=1163"},"modified":"2025-04-11T11:32:12","modified_gmt":"2025-04-11T10:32:12","slug":"firmafest","status":"publish","type":"page","link":"https:\/\/tylstrup-kro.dk\/de\/firmafest\/","title":{"rendered":"Firmenfeier"},"content":{"rendered":"<div data-elementor-type=\"wp-page\" data-elementor-id=\"1163\" class=\"elementor elementor-1163\" data-elementor-post-type=\"page\">\n\t\t\t\t<div class=\"elementor-element elementor-element-65061f2 e-flex e-con-boxed e-con e-parent\" data-id=\"65061f2\" data-element_type=\"container\" data-e-type=\"container\" data-settings=\"{&quot;background_background&quot;:&quot;classic&quot;,&quot;shape_divider_bottom&quot;:&quot;waves&quot;}\">\n\t\t\t\t\t<div class=\"e-con-inner\">\n\t\t\t\t<div class=\"elementor-shape elementor-shape-bottom\" aria-hidden=\"true\" data-negative=\"false\">\n\t\t\t<svg xmlns=\"http:\/\/www.w3.org\/2000\/svg\" viewbox=\"0 0 1000 100\" preserveaspectratio=\"none\">\n\t<path class=\"elementor-shape-fill\" d=\"M421.9,6.5c22.6-2.5,51.5,0.4,75.5,5.3c23.6,4.9,70.9,23.5,100.5,35.7c75.8,32.2,133.7,44.5,192.6,49.7\tc23.6,2.1,48.7,3.5,103.4-2.5c54.7-6,106.2-25.6,106.2-25.6V0H0v30.3c0,0,72,32.6,158.4,30.5c39.2-0.7,92.8-6.7,134-22.4\tc21.2-8.1,52.2-18.2,79.7-24.2C399.3,7.9,411.6,7.5,421.9,6.5z\"\/>\n<\/svg>\t\t<\/div>\n\t\t<div class=\"elementor-element elementor-element-87405e7 e-con-full e-flex e-con e-child\" data-id=\"87405e7\" data-element_type=\"container\" data-e-type=\"container\">\n\t\t\t\t<\/div>\n\t\t\t\t\t<\/div>\n\t\t\t\t<\/div>\n\t\t<div class=\"elementor-element elementor-element-32fb7d0 e-flex e-con-boxed e-con e-parent\" data-id=\"32fb7d0\" data-element_type=\"container\" data-e-type=\"container\" data-settings=\"{&quot;shape_divider_bottom&quot;:&quot;waves&quot;}\">\n\t\t\t\t\t<div class=\"e-con-inner\">\n\t\t\t\t<div class=\"elementor-shape elementor-shape-bottom\" aria-hidden=\"true\" data-negative=\"false\">\n\t\t\t<svg xmlns=\"http:\/\/www.w3.org\/2000\/svg\" viewbox=\"0 0 1000 100\" preserveaspectratio=\"none\">\n\t<path class=\"elementor-shape-fill\" d=\"M421.9,6.5c22.6-2.5,51.5,0.4,75.5,5.3c23.6,4.9,70.9,23.5,100.5,35.7c75.8,32.2,133.7,44.5,192.6,49.7\tc23.6,2.1,48.7,3.5,103.4-2.5c54.7-6,106.2-25.6,106.2-25.6V0H0v30.3c0,0,72,32.6,158.4,30.5c39.2-0.7,92.8-6.7,134-22.4\tc21.2-8.1,52.2-18.2,79.7-24.2C399.3,7.9,411.6,7.5,421.9,6.5z\"\/>\n<\/svg>\t\t<\/div>\n\t\t<div class=\"elementor-element elementor-element-927b88b e-con-full e-flex e-con e-child\" data-id=\"927b88b\" data-element_type=\"container\" data-e-type=\"container\">\n\t\t<div class=\"elementor-element elementor-element-8402d24 e-con-full e-flex e-con e-child\" data-id=\"8402d24\" data-element_type=\"container\" data-e-type=\"container\">\n\t\t<div class=\"elementor-element elementor-element-ff246bd e-con-full e-flex e-con e-child\" data-id=\"ff246bd\" data-element_type=\"container\" data-e-type=\"container\">\n\t\t\t\t<div class=\"elementor-element elementor-element-e941492 elementor-widget elementor-widget-heading\" data-id=\"e941492\" data-element_type=\"widget\" data-e-type=\"widget\" data-widget_type=\"heading.default\">\n\t\t\t\t<div class=\"elementor-widget-container\">\n\t\t\t\t\t<h2 class=\"elementor-heading-title elementor-size-default\">Betriebsfest bei Tylstrup Kro<\/h2>\t\t\t\t<\/div>\n\t\t\t\t<\/div>\n\t\t\t\t<div class=\"elementor-element elementor-element-4afea5f elementor-widget elementor-widget-text-editor\" data-id=\"4afea5f\" data-element_type=\"widget\" data-e-type=\"widget\" data-widget_type=\"text-editor.default\">\n\t\t\t\t<div class=\"elementor-widget-container\">\n\t\t\t\t\t\t\t\t\t<p data-start=\"92\" data-end=\"350\">Organisieren Sie eine Firmenveranstaltung, die einen professionellen Rahmen mit einer entspannten Atmosph\u00e4re verbindet? Im Tylstrup Kro bieten wir charmante R\u00e4ume und ma\u00dfgeschneiderte L\u00f6sungen f\u00fcr Konferenzen, Tagungen, Firmenfeiern und Teambuilding-Events.<\/p><p data-start=\"352\" data-end=\"597\">Unser historisches Gasthaus bietet die perfekte Atmosph\u00e4re f\u00fcr eine formelle Veranstaltung oder eine Feier. Wir bieten k\u00f6stliches Essen, gro\u00dfartigen Service und die richtigen Einrichtungen, damit Sie sich darauf konzentrieren k\u00f6nnen, den Tag mit Ihren Kollegen zu genie\u00dfen.<\/p><p data-start=\"599\" data-end=\"856\" data-is-last-node=\"\" data-is-only-node=\"\">Mit unseren flexiblen Veranstaltungsorten, ma\u00dfgeschneiderten Men\u00fcs und pers\u00f6nlichem Service garantieren wir ein Erlebnis, das die Gemeinschaft st\u00e4rkt und einen bleibenden Eindruck hinterl\u00e4sst. Kontaktieren Sie uns noch heute, um mehr \u00fcber die M\u00f6glichkeiten f\u00fcr Ihre n\u00e4chste Firmenveranstaltung im Tylstrup Kro zu erfahren.<\/p>\t\t\t\t\t\t\t\t<\/div>\n\t\t\t\t<\/div>\n\t\t\t\t<div class=\"elementor-element elementor-element-70b160e elementor-widget elementor-widget-template\" data-id=\"70b160e\" data-element_type=\"widget\" data-e-type=\"widget\" data-widget_type=\"template.default\">\n\t\t\t\t<div class=\"elementor-widget-container\">\n\t\t\t\t\t\t\t<div class=\"elementor-template\">\n\t\t\t\t\t<div data-elementor-type=\"container\" data-elementor-id=\"1078\" class=\"elementor elementor-1078\" data-elementor-post-type=\"elementor_library\">\n\t\t\t\t<div class=\"elementor-element elementor-element-6d58afe0 e-con-full e-flex e-con e-child\" data-id=\"6d58afe0\" data-element_type=\"container\" data-e-type=\"container\">\n\t\t\t\t<div class=\"elementor-element elementor-element-875a334 elementor-align-left elementor-tablet-align-left elementor-widget elementor-widget-button\" data-id=\"875a334\" data-element_type=\"widget\" data-e-type=\"widget\" data-widget_type=\"button.default\">\n\t\t\t\t<div class=\"elementor-widget-container\">\n\t\t\t\t\t\t\t\t\t<div class=\"elementor-button-wrapper\">\n\t\t\t\t\t<a class=\"elementor-button elementor-button-link elementor-size-md elementor-animation-shrink\" href=\"https:\/\/tylstrup-kro.dk\/de\/kontakt\/\">\n\t\t\t\t\t\t<span class=\"elementor-button-content-wrapper\">\n\t\t\t\t\t\t\t\t\t<span class=\"elementor-button-text\">Kontakt<\/span>\n\t\t\t\t\t<\/span>\n\t\t\t\t\t<\/a>\n\t\t\t\t<\/div>\n\t\t\t\t\t\t\t\t<\/div>\n\t\t\t\t<\/div>\n\t\t\t\t<\/div>\n\t\t\t\t<\/div>\n\t\t\t\t<\/div>\n\t\t\t\t\t\t<\/div>\n\t\t\t\t<\/div>\n\t\t\t\t<\/div>\n\t\t\t\t<\/div>\n\t\t<div class=\"elementor-element elementor-element-fa99b21 e-con-full e-flex e-con e-child\" data-id=\"fa99b21\" data-element_type=\"container\" data-e-type=\"container\">\n\t\t<div class=\"elementor-element elementor-element-f336817 e-grid e-con-full e-con e-child\" data-id=\"f336817\" data-element_type=\"container\" data-e-type=\"container\">\n\t\t<div class=\"elementor-element elementor-element-7e81b6e e-con-full e-flex e-con e-child\" data-id=\"7e81b6e\" data-element_type=\"container\" data-e-type=\"container\">\n\t\t\t\t<div class=\"elementor-element elementor-element-8d989e0 elementor-widget elementor-widget-heading\" data-id=\"8d989e0\" data-element_type=\"widget\" data-e-type=\"widget\" data-widget_type=\"heading.default\">\n\t\t\t\t<div class=\"elementor-widget-container\">\n\t\t\t\t\t<h4 class=\"elementor-heading-title elementor-size-default\">Tapas-Buffet<\/h4>\t\t\t\t<\/div>\n\t\t\t\t<\/div>\n\t\t\t\t<div class=\"elementor-element elementor-element-9112bcc elementor-widget elementor-widget-text-editor\" data-id=\"9112bcc\" data-element_type=\"widget\" data-e-type=\"widget\" data-widget_type=\"text-editor.default\">\n\t\t\t\t<div class=\"elementor-widget-container\">\n\t\t\t\t\t\t\t\t\t<p><strong>Bruchetta mit Tomate und K\u00e4se<\/strong><\/p><p><strong>Kalbsfilet mit Marmelade und Mayo auf hausgemachtem Kn\u00e4ckebrot<\/strong><\/p><p><strong>Kleine hausgemachte Fr\u00fchlingsrollen<\/strong><\/p><p><strong>Lachsr\u00f6llchen mit Kr\u00e4utercreme<\/strong><\/p><p><strong>Fl\u00f6ten und Butter<\/strong><\/p><p><strong>Kaffee\/Tee<\/strong><\/p><p><strong>Makronenkuchen mit Maracuja-Gel<\/strong><\/p>\t\t\t\t\t\t\t\t<\/div>\n\t\t\t\t<\/div>\n\t\t\t\t<div class=\"elementor-element elementor-element-49d650a elementor-widget elementor-widget-heading\" data-id=\"49d650a\" data-element_type=\"widget\" data-e-type=\"widget\" data-widget_type=\"heading.default\">\n\t\t\t\t<div class=\"elementor-widget-container\">\n\t\t\t\t\t<h4 class=\"elementor-heading-title elementor-size-default\">Preis pro Person DKK 225,-<\/h4>\t\t\t\t<\/div>\n\t\t\t\t<\/div>\n\t\t\t\t<div class=\"elementor-element elementor-element-cb499c2 elementor-widget elementor-widget-heading\" data-id=\"cb499c2\" data-element_type=\"widget\" data-e-type=\"widget\" data-widget_type=\"heading.default\">\n\t\t\t\t<div class=\"elementor-widget-container\">\n\t\t\t\t\t<h5 class=\"elementor-heading-title elementor-size-default\">3 Stunden Veranstaltung<\/h5>\t\t\t\t<\/div>\n\t\t\t\t<\/div>\n\t\t\t\t<\/div>\n\t\t<div class=\"elementor-element elementor-element-b56fa26 e-con-full e-flex e-con e-child\" data-id=\"b56fa26\" data-element_type=\"container\" data-e-type=\"container\">\n\t\t\t\t<div class=\"elementor-element elementor-element-e4c55b3 elementor-widget elementor-widget-heading\" data-id=\"e4c55b3\" data-element_type=\"widget\" data-e-type=\"widget\" data-widget_type=\"heading.default\">\n\t\t\t\t<div class=\"elementor-widget-container\">\n\t\t\t\t\t<h4 class=\"elementor-heading-title elementor-size-default\">Das kleine Buffet<\/h4>\t\t\t\t<\/div>\n\t\t\t\t<\/div>\n\t\t\t\t<div class=\"elementor-element elementor-element-183d229 elementor-widget elementor-widget-text-editor\" data-id=\"183d229\" data-element_type=\"widget\" data-e-type=\"widget\" data-widget_type=\"text-editor.default\">\n\t\t\t\t<div class=\"elementor-widget-container\">\n\t\t\t\t\t\t\t\t\t<p><strong>Croissant mit Gefl\u00fcgelsalat<\/strong><\/p><p><strong>Thunfischmousse mit Krabben und Zitrone<\/strong><\/p><p><strong>Frikadellen mit kaltem Kartoffelsalat<\/strong><\/p><p><strong>Mariniertes H\u00fchnerfilet mit Nudelsalat<\/strong><\/p><p><strong>Fl\u00f6ten und Butter<\/strong><\/p><p><strong>Kaffee\/Tee<\/strong><\/p><p><strong>Hausgemachtes Kekssandwich mit K\u00e4secreme und Beeren<\/strong><\/p>\t\t\t\t\t\t\t\t<\/div>\n\t\t\t\t<\/div>\n\t\t\t\t<div class=\"elementor-element elementor-element-141d3dd elementor-widget elementor-widget-heading\" data-id=\"141d3dd\" data-element_type=\"widget\" data-e-type=\"widget\" data-widget_type=\"heading.default\">\n\t\t\t\t<div class=\"elementor-widget-container\">\n\t\t\t\t\t<h4 class=\"elementor-heading-title elementor-size-default\">Preis pro Person DKK 215,-<\/h4>\t\t\t\t<\/div>\n\t\t\t\t<\/div>\n\t\t\t\t<div class=\"elementor-element elementor-element-133ae23 elementor-widget elementor-widget-heading\" data-id=\"133ae23\" data-element_type=\"widget\" data-e-type=\"widget\" data-widget_type=\"heading.default\">\n\t\t\t\t<div class=\"elementor-widget-container\">\n\t\t\t\t\t<h5 class=\"elementor-heading-title elementor-size-default\">3 Stunden Veranstaltung<\/h5>\t\t\t\t<\/div>\n\t\t\t\t<\/div>\n\t\t\t\t<\/div>\n\t\t\t\t<\/div>\n\t\t\t\t<\/div>\n\t\t\t\t<\/div>\n\t\t\t\t\t<\/div>\n\t\t\t\t<\/div>\n\t\t<div class=\"elementor-element elementor-element-e723b77 e-con-full e-flex e-con e-parent\" data-id=\"e723b77\" data-element_type=\"container\" data-e-type=\"container\">\n\t\t<div class=\"elementor-element elementor-element-424e96a e-con-full e-flex e-con e-child\" data-id=\"424e96a\" data-element_type=\"container\" data-e-type=\"container\">\n\t\t\t\t<div class=\"elementor-element elementor-element-4c5e4fd elementor-widget elementor-widget-image-carousel\" data-id=\"4c5e4fd\" data-element_type=\"widget\" data-e-type=\"widget\" data-settings=\"{&quot;slides_to_show&quot;:&quot;6&quot;,&quot;slides_to_show_tablet&quot;:&quot;4&quot;,&quot;slides_to_show_mobile&quot;:&quot;3&quot;,&quot;navigation&quot;:&quot;none&quot;,&quot;pause_on_hover&quot;:&quot;no&quot;,&quot;pause_on_interaction&quot;:&quot;no&quot;,&quot;autoplay_speed&quot;:3000,&quot;autoplay&quot;:&quot;yes&quot;,&quot;infinite&quot;:&quot;yes&quot;,&quot;speed&quot;:500}\" data-widget_type=\"image-carousel.default\">\n\t\t\t\t<div class=\"elementor-widget-container\">\n\t\t\t\t\t\t\t<div class=\"elementor-image-carousel-wrapper swiper\" role=\"region\" aria-roledescription=\"carousel\" aria-label=\"Bild-Karussell\" dir=\"ltr\">\n\t\t\t<div class=\"elementor-image-carousel swiper-wrapper\" aria-live=\"off\">\n\t\t\t\t\t\t\t\t<div class=\"swiper-slide\" role=\"group\" aria-roledescription=\"slide\" aria-label=\"1 von 11\"><a data-elementor-open-lightbox=\"yes\" data-elementor-lightbox-slideshow=\"4c5e4fd\" data-elementor-lightbox-title=\"Tylstrup Kro 2022-23\" data-e-action-hash=\"#elementor-action%3Aaction%3Dlightbox%26settings%3DeyJpZCI6MTAxNywidXJsIjoiaHR0cHM6XC9cL3R5bHN0cnVwLWtyby5ka1wvd3AtY29udGVudFwvdXBsb2Fkc1wvMjAyNVwvMDNcL1R5bHN0cnVwLUtyby0yMDIyLTIzLXNjYWxlZC5qcGciLCJzbGlkZXNob3ciOiI0YzVlNGZkIn0%3D\" href=\"https:\/\/tylstrup-kro.dk\/wp-content\/uploads\/2025\/03\/Tylstrup-Kro-2022-23-scaled.jpg\"><figure class=\"swiper-slide-inner\"><img decoding=\"async\" class=\"swiper-slide-image\" src=\"https:\/\/tylstrup-kro.dk\/wp-content\/uploads\/2025\/03\/Tylstrup-Kro-2022-23-scaled.jpg\" alt=\"Tylstrup Kro 2022-23\" title=\"- -\"><\/figure><\/a><\/div><div class=\"swiper-slide\" role=\"group\" aria-roledescription=\"slide\" aria-label=\"2 von 11\"><a data-elementor-open-lightbox=\"yes\" data-elementor-lightbox-slideshow=\"4c5e4fd\" data-elementor-lightbox-title=\"Tylstrup Kro 2022-19\" data-e-action-hash=\"#elementor-action%3Aaction%3Dlightbox%26settings%3DeyJpZCI6MTAzMSwidXJsIjoiaHR0cHM6XC9cL3R5bHN0cnVwLWtyby5ka1wvd3AtY29udGVudFwvdXBsb2Fkc1wvMjAyNVwvMDNcL1R5bHN0cnVwLUtyby0yMDIyLTE5LXNjYWxlZC5qcGciLCJzbGlkZXNob3ciOiI0YzVlNGZkIn0%3D\" href=\"https:\/\/tylstrup-kro.dk\/wp-content\/uploads\/2025\/03\/Tylstrup-Kro-2022-19-scaled.jpg\"><figure class=\"swiper-slide-inner\"><img decoding=\"async\" class=\"swiper-slide-image\" src=\"https:\/\/tylstrup-kro.dk\/wp-content\/uploads\/2025\/03\/Tylstrup-Kro-2022-19-scaled.jpg\" alt=\"Tylstrup Kro 2022-19\" title=\"- -\"><\/figure><\/a><\/div><div class=\"swiper-slide\" role=\"group\" aria-roledescription=\"slide\" aria-label=\"3 von 11\"><a data-elementor-open-lightbox=\"yes\" data-elementor-lightbox-slideshow=\"4c5e4fd\" data-elementor-lightbox-title=\"443822685_927099569215380_7711289894342396438_n\" data-e-action-hash=\"#elementor-action%3Aaction%3Dlightbox%26settings%3DeyJpZCI6OTYyLCJ1cmwiOiJodHRwczpcL1wvdHlsc3RydXAta3JvLmRrXC93cC1jb250ZW50XC91cGxvYWRzXC8yMDI1XC8wM1wvNDQzODIyNjg1XzkyNzA5OTU2OTIxNTM4MF83NzExMjg5ODk0MzQyMzk2NDM4X24uanBnIiwic2xpZGVzaG93IjoiNGM1ZTRmZCJ9\" href=\"https:\/\/tylstrup-kro.dk\/wp-content\/uploads\/2025\/03\/443822685_927099569215380_7711289894342396438_n.jpg\"><figure class=\"swiper-slide-inner\"><img decoding=\"async\" class=\"swiper-slide-image\" src=\"https:\/\/tylstrup-kro.dk\/wp-content\/uploads\/2025\/03\/443822685_927099569215380_7711289894342396438_n.jpg\" alt=\"443822685_927099569215380_7711289894342396438_n\" title=\"- -\"><\/figure><\/a><\/div><div class=\"swiper-slide\" role=\"group\" aria-roledescription=\"slide\" aria-label=\"4 von 11\"><a data-elementor-open-lightbox=\"yes\" data-elementor-lightbox-slideshow=\"4c5e4fd\" data-elementor-lightbox-title=\"397129392_808706051054733_1565915942561797279_n\" data-e-action-hash=\"#elementor-action%3Aaction%3Dlightbox%26settings%3DeyJpZCI6OTQ0LCJ1cmwiOiJodHRwczpcL1wvdHlsc3RydXAta3JvLmRrXC93cC1jb250ZW50XC91cGxvYWRzXC8yMDI1XC8wM1wvMzk3MTI5MzkyXzgwODcwNjA1MTA1NDczM18xNTY1OTE1OTQyNTYxNzk3Mjc5X24uanBnIiwic2xpZGVzaG93IjoiNGM1ZTRmZCJ9\" href=\"https:\/\/tylstrup-kro.dk\/wp-content\/uploads\/2025\/03\/397129392_808706051054733_1565915942561797279_n.jpg\"><figure class=\"swiper-slide-inner\"><img decoding=\"async\" class=\"swiper-slide-image\" src=\"https:\/\/tylstrup-kro.dk\/wp-content\/uploads\/2025\/03\/397129392_808706051054733_1565915942561797279_n.jpg\" alt=\"397129392_808706051054733_1565915942561797279_n\" title=\"- -\"><\/figure><\/a><\/div><div class=\"swiper-slide\" role=\"group\" aria-roledescription=\"slide\" aria-label=\"5 von 11\"><a data-elementor-open-lightbox=\"yes\" data-elementor-lightbox-slideshow=\"4c5e4fd\" data-elementor-lightbox-title=\"472598229_1078706044054731_6896226772021246067_n\" data-e-action-hash=\"#elementor-action%3Aaction%3Dlightbox%26settings%3DeyJpZCI6OTgzLCJ1cmwiOiJodHRwczpcL1wvdHlsc3RydXAta3JvLmRrXC93cC1jb250ZW50XC91cGxvYWRzXC8yMDI1XC8wM1wvNDcyNTk4MjI5XzEwNzg3MDYwNDQwNTQ3MzFfNjg5NjIyNjc3MjAyMTI0NjA2N19uLmpwZyIsInNsaWRlc2hvdyI6IjRjNWU0ZmQifQ%3D%3D\" href=\"https:\/\/tylstrup-kro.dk\/wp-content\/uploads\/2025\/03\/472598229_1078706044054731_6896226772021246067_n.jpg\"><figure class=\"swiper-slide-inner\"><img decoding=\"async\" class=\"swiper-slide-image\" src=\"https:\/\/tylstrup-kro.dk\/wp-content\/uploads\/2025\/03\/472598229_1078706044054731_6896226772021246067_n.jpg\" alt=\"472598229_1078706044054731_6896226772021246067_n\" title=\"- -\"><\/figure><\/a><\/div><div class=\"swiper-slide\" role=\"group\" aria-roledescription=\"slide\" aria-label=\"6 von 11\"><a data-elementor-open-lightbox=\"yes\" data-elementor-lightbox-slideshow=\"4c5e4fd\" data-elementor-lightbox-title=\"465679484_1038206941437975_5417857931370186836_n (1)\" data-e-action-hash=\"#elementor-action%3Aaction%3Dlightbox%26settings%3DeyJpZCI6OTc2LCJ1cmwiOiJodHRwczpcL1wvdHlsc3RydXAta3JvLmRrXC93cC1jb250ZW50XC91cGxvYWRzXC8yMDI1XC8wM1wvNDY1Njc5NDg0XzEwMzgyMDY5NDE0Mzc5NzVfNTQxNzg1NzkzMTM3MDE4NjgzNl9uLTEuanBnIiwic2xpZGVzaG93IjoiNGM1ZTRmZCJ9\" href=\"https:\/\/tylstrup-kro.dk\/wp-content\/uploads\/2025\/03\/465679484_1038206941437975_5417857931370186836_n-1.jpg\"><figure class=\"swiper-slide-inner\"><img decoding=\"async\" class=\"swiper-slide-image\" src=\"https:\/\/tylstrup-kro.dk\/wp-content\/uploads\/2025\/03\/465679484_1038206941437975_5417857931370186836_n-1.jpg\" alt=\"465679484_1038206941437975_5417857931370186836_n (1)\" title=\"- -\"><\/figure><\/a><\/div><div class=\"swiper-slide\" role=\"group\" aria-roledescription=\"slide\" aria-label=\"7 von 11\"><a data-elementor-open-lightbox=\"yes\" data-elementor-lightbox-slideshow=\"4c5e4fd\" data-elementor-lightbox-title=\"475862707_1097622008829801_7919373909792790140_n\" data-e-action-hash=\"#elementor-action%3Aaction%3Dlightbox%26settings%3DeyJpZCI6OTk4LCJ1cmwiOiJodHRwczpcL1wvdHlsc3RydXAta3JvLmRrXC93cC1jb250ZW50XC91cGxvYWRzXC8yMDI1XC8wM1wvNDc1ODYyNzA3XzEwOTc2MjIwMDg4Mjk4MDFfNzkxOTM3MzkwOTc5Mjc5MDE0MF9uLmpwZyIsInNsaWRlc2hvdyI6IjRjNWU0ZmQifQ%3D%3D\" href=\"https:\/\/tylstrup-kro.dk\/wp-content\/uploads\/2025\/03\/475862707_1097622008829801_7919373909792790140_n.jpg\"><figure class=\"swiper-slide-inner\"><img decoding=\"async\" class=\"swiper-slide-image\" src=\"https:\/\/tylstrup-kro.dk\/wp-content\/uploads\/2025\/03\/475862707_1097622008829801_7919373909792790140_n.jpg\" alt=\"475862707_1097622008829801_7919373909792790140_n\" title=\"- -\"><\/figure><\/a><\/div><div class=\"swiper-slide\" role=\"group\" aria-roledescription=\"slide\" aria-label=\"8 von 11\"><a data-elementor-open-lightbox=\"yes\" data-elementor-lightbox-slideshow=\"4c5e4fd\" data-elementor-lightbox-title=\"Tylstrup Kro 2022-35\" data-e-action-hash=\"#elementor-action%3Aaction%3Dlightbox%26settings%3DeyJpZCI6MTAxNCwidXJsIjoiaHR0cHM6XC9cL3R5bHN0cnVwLWtyby5ka1wvd3AtY29udGVudFwvdXBsb2Fkc1wvMjAyNVwvMDNcL1R5bHN0cnVwLUtyby0yMDIyLTM1LXNjYWxlZC5qcGciLCJzbGlkZXNob3ciOiI0YzVlNGZkIn0%3D\" href=\"https:\/\/tylstrup-kro.dk\/wp-content\/uploads\/2025\/03\/Tylstrup-Kro-2022-35-scaled.jpg\"><figure class=\"swiper-slide-inner\"><img decoding=\"async\" class=\"swiper-slide-image\" src=\"https:\/\/tylstrup-kro.dk\/wp-content\/uploads\/2025\/03\/Tylstrup-Kro-2022-35-scaled.jpg\" alt=\"Tylstrup Kro 2022-35\" title=\"- -\"><\/figure><\/a><\/div><div class=\"swiper-slide\" role=\"group\" aria-roledescription=\"slide\" aria-label=\"9 von 11\"><a data-elementor-open-lightbox=\"yes\" data-elementor-lightbox-slideshow=\"4c5e4fd\" data-elementor-lightbox-title=\"356826264_740636057861733_831182691886880717_n\" data-e-action-hash=\"#elementor-action%3Aaction%3Dlightbox%26settings%3DeyJpZCI6MTAwMSwidXJsIjoiaHR0cHM6XC9cL3R5bHN0cnVwLWtyby5ka1wvd3AtY29udGVudFwvdXBsb2Fkc1wvMjAyNVwvMDNcLzM1NjgyNjI2NF83NDA2MzYwNTc4NjE3MzNfODMxMTgyNjkxODg2ODgwNzE3X24uanBnIiwic2xpZGVzaG93IjoiNGM1ZTRmZCJ9\" href=\"https:\/\/tylstrup-kro.dk\/wp-content\/uploads\/2025\/03\/356826264_740636057861733_831182691886880717_n.jpg\"><figure class=\"swiper-slide-inner\"><img decoding=\"async\" class=\"swiper-slide-image\" src=\"https:\/\/tylstrup-kro.dk\/wp-content\/uploads\/2025\/03\/356826264_740636057861733_831182691886880717_n.jpg\" alt=\"356826264_740636057861733_831182691886880717_n\" title=\"- -\"><\/figure><\/a><\/div><div class=\"swiper-slide\" role=\"group\" aria-roledescription=\"slide\" aria-label=\"10 von 11\"><a data-elementor-open-lightbox=\"yes\" data-elementor-lightbox-slideshow=\"4c5e4fd\" data-elementor-lightbox-title=\"466102070_1038206898104646_8675675616517918135_n\" data-e-action-hash=\"#elementor-action%3Aaction%3Dlightbox%26settings%3DeyJpZCI6OTc4LCJ1cmwiOiJodHRwczpcL1wvdHlsc3RydXAta3JvLmRrXC93cC1jb250ZW50XC91cGxvYWRzXC8yMDI1XC8wM1wvNDY2MTAyMDcwXzEwMzgyMDY4OTgxMDQ2NDZfODY3NTY3NTYxNjUxNzkxODEzNV9uLmpwZyIsInNsaWRlc2hvdyI6IjRjNWU0ZmQifQ%3D%3D\" href=\"https:\/\/tylstrup-kro.dk\/wp-content\/uploads\/2025\/03\/466102070_1038206898104646_8675675616517918135_n.jpg\"><figure class=\"swiper-slide-inner\"><img decoding=\"async\" class=\"swiper-slide-image\" src=\"https:\/\/tylstrup-kro.dk\/wp-content\/uploads\/2025\/03\/466102070_1038206898104646_8675675616517918135_n.jpg\" alt=\"466102070_1038206898104646_8675675616517918135_n\" title=\"- -\"><\/figure><\/a><\/div><div class=\"swiper-slide\" role=\"group\" aria-roledescription=\"slide\" aria-label=\"11 von 11\"><a data-elementor-open-lightbox=\"yes\" data-elementor-lightbox-slideshow=\"4c5e4fd\" data-elementor-lightbox-title=\"358637289_745293457395993_4211861647439236121_n\" data-e-action-hash=\"#elementor-action%3Aaction%3Dlightbox%26settings%3DeyJpZCI6OTM2LCJ1cmwiOiJodHRwczpcL1wvdHlsc3RydXAta3JvLmRrXC93cC1jb250ZW50XC91cGxvYWRzXC8yMDI1XC8wM1wvMzU4NjM3Mjg5Xzc0NTI5MzQ1NzM5NTk5M180MjExODYxNjQ3NDM5MjM2MTIxX24uanBnIiwic2xpZGVzaG93IjoiNGM1ZTRmZCJ9\" href=\"https:\/\/tylstrup-kro.dk\/wp-content\/uploads\/2025\/03\/358637289_745293457395993_4211861647439236121_n.jpg\"><figure class=\"swiper-slide-inner\"><img decoding=\"async\" class=\"swiper-slide-image\" src=\"https:\/\/tylstrup-kro.dk\/wp-content\/uploads\/2025\/03\/358637289_745293457395993_4211861647439236121_n.jpg\" alt=\"358637289_745293457395993_4211861647439236121_n\" title=\"- -\"><\/figure><\/a><\/div>\t\t\t<\/div>\n\t\t\t\t\t\t\t\n\t\t\t\t\t\t\t\t\t<\/div>\n\t\t\t\t\t\t<\/div>\n\t\t\t\t<\/div>\n\t\t\t\t<\/div>\n\t\t\t\t<\/div>\n\t\t\t\t<\/div>","protected":false},"excerpt":{"rendered":"<p>Firmafest p\u00e5 Tylstrup Kro Skal I afholde et firmaarrangement, der kombinerer professionelle rammer med en afslappet atmosf\u00e6re? Hos Tylstrup Kro tilbyder vi charmerende lokaler og skr\u00e6ddersyede l\u00f8sninger til alt fra konferencer og m\u00f8der til firmafester og teambuilding-arrangementer. Vores historiske kro skaber den perfekte stemning, uanset om I \u00f8nsker et formelt arrangement eller en festlig begivenhed. [&hellip;]<\/p>\n","protected":false},"author":1,"featured_media":0,"parent":0,"menu_order":0,"comment_status":"closed","ping_status":"closed","template":"elementor_header_footer","meta":{"footnotes":""},"class_list":["post-1163","page","type-page","status-publish","hentry"],"_links":{"self":[{"href":"https:\/\/tylstrup-kro.dk\/de\/wp-json\/wp\/v2\/pages\/1163","targetHints":{"allow":["GET"]}}],"collection":[{"href":"https:\/\/tylstrup-kro.dk\/de\/wp-json\/wp\/v2\/pages"}],"about":[{"href":"https:\/\/tylstrup-kro.dk\/de\/wp-json\/wp\/v2\/types\/page"}],"author":[{"embeddable":true,"href":"https:\/\/tylstrup-kro.dk\/de\/wp-json\/wp\/v2\/users\/1"}],"replies":[{"embeddable":true,"href":"https:\/\/tylstrup-kro.dk\/de\/wp-json\/wp\/v2\/comments?post=1163"}],"version-history":[{"count":37,"href":"https:\/\/tylstrup-kro.dk\/de\/wp-json\/wp\/v2\/pages\/1163\/revisions"}],"predecessor-version":[{"id":1783,"href":"https:\/\/tylstrup-kro.dk\/de\/wp-json\/wp\/v2\/pages\/1163\/revisions\/1783"}],"wp:attachment":[{"href":"https:\/\/tylstrup-kro.dk\/de\/wp-json\/wp\/v2\/media?parent=1163"}],"curies":[{"name":"wp","href":"https:\/\/api.w.org\/{rel}","templated":true}]}}