{"id":1162,"date":"2025-03-07T12:54:20","date_gmt":"2025-03-07T11:54:20","guid":{"rendered":"https:\/\/tylstrup-kro.dk\/?page_id=1162"},"modified":"2025-04-11T11:25:04","modified_gmt":"2025-04-11T10:25:04","slug":"bryllup","status":"publish","type":"page","link":"https:\/\/tylstrup-kro.dk\/de\/bryllup\/","title":{"rendered":"Hochzeiten"},"content":{"rendered":"<div data-elementor-type=\"wp-page\" data-elementor-id=\"1162\" class=\"elementor elementor-1162\" data-elementor-post-type=\"page\">\n\t\t\t\t<div class=\"elementor-element elementor-element-65061f2 e-flex e-con-boxed e-con e-parent\" data-id=\"65061f2\" data-element_type=\"container\" data-e-type=\"container\" data-settings=\"{&quot;background_background&quot;:&quot;classic&quot;,&quot;shape_divider_bottom&quot;:&quot;waves&quot;}\">\n\t\t\t\t\t<div class=\"e-con-inner\">\n\t\t\t\t<div class=\"elementor-shape elementor-shape-bottom\" aria-hidden=\"true\" data-negative=\"false\">\n\t\t\t<svg xmlns=\"http:\/\/www.w3.org\/2000\/svg\" viewbox=\"0 0 1000 100\" preserveaspectratio=\"none\">\n\t<path class=\"elementor-shape-fill\" d=\"M421.9,6.5c22.6-2.5,51.5,0.4,75.5,5.3c23.6,4.9,70.9,23.5,100.5,35.7c75.8,32.2,133.7,44.5,192.6,49.7\tc23.6,2.1,48.7,3.5,103.4-2.5c54.7-6,106.2-25.6,106.2-25.6V0H0v30.3c0,0,72,32.6,158.4,30.5c39.2-0.7,92.8-6.7,134-22.4\tc21.2-8.1,52.2-18.2,79.7-24.2C399.3,7.9,411.6,7.5,421.9,6.5z\"\/>\n<\/svg>\t\t<\/div>\n\t\t<div class=\"elementor-element elementor-element-87405e7 e-con-full e-flex e-con e-child\" data-id=\"87405e7\" data-element_type=\"container\" data-e-type=\"container\">\n\t\t\t\t<\/div>\n\t\t\t\t\t<\/div>\n\t\t\t\t<\/div>\n\t\t<div class=\"elementor-element elementor-element-32fb7d0 e-flex e-con-boxed e-con e-parent\" data-id=\"32fb7d0\" data-element_type=\"container\" data-e-type=\"container\" data-settings=\"{&quot;shape_divider_bottom&quot;:&quot;waves&quot;}\">\n\t\t\t\t\t<div class=\"e-con-inner\">\n\t\t\t\t<div class=\"elementor-shape elementor-shape-bottom\" aria-hidden=\"true\" data-negative=\"false\">\n\t\t\t<svg xmlns=\"http:\/\/www.w3.org\/2000\/svg\" viewbox=\"0 0 1000 100\" preserveaspectratio=\"none\">\n\t<path class=\"elementor-shape-fill\" d=\"M421.9,6.5c22.6-2.5,51.5,0.4,75.5,5.3c23.6,4.9,70.9,23.5,100.5,35.7c75.8,32.2,133.7,44.5,192.6,49.7\tc23.6,2.1,48.7,3.5,103.4-2.5c54.7-6,106.2-25.6,106.2-25.6V0H0v30.3c0,0,72,32.6,158.4,30.5c39.2-0.7,92.8-6.7,134-22.4\tc21.2-8.1,52.2-18.2,79.7-24.2C399.3,7.9,411.6,7.5,421.9,6.5z\"\/>\n<\/svg>\t\t<\/div>\n\t\t<div class=\"elementor-element elementor-element-927b88b e-con-full e-flex e-con e-child\" data-id=\"927b88b\" data-element_type=\"container\" data-e-type=\"container\">\n\t\t<div class=\"elementor-element elementor-element-8402d24 e-con-full e-flex e-con e-child\" data-id=\"8402d24\" data-element_type=\"container\" data-e-type=\"container\">\n\t\t<div class=\"elementor-element elementor-element-ff246bd e-con-full e-flex e-con e-child\" data-id=\"ff246bd\" data-element_type=\"container\" data-e-type=\"container\">\n\t\t\t\t<div class=\"elementor-element elementor-element-e941492 elementor-widget elementor-widget-heading\" data-id=\"e941492\" data-element_type=\"widget\" data-e-type=\"widget\" data-widget_type=\"heading.default\">\n\t\t\t\t<div class=\"elementor-widget-container\">\n\t\t\t\t\t<h2 class=\"elementor-heading-title elementor-size-default\">Hochzeit im Tylstrup Kro<\/h2>\t\t\t\t<\/div>\n\t\t\t\t<\/div>\n\t\t\t\t<div class=\"elementor-element elementor-element-4afea5f elementor-widget__width-initial elementor-widget elementor-widget-text-editor\" data-id=\"4afea5f\" data-element_type=\"widget\" data-e-type=\"widget\" data-widget_type=\"text-editor.default\">\n\t\t\t\t<div class=\"elementor-widget-container\">\n\t\t\t\t\t\t\t\t\t<p data-start=\"93\" data-end=\"287\">Tr\u00e4umen Sie von einer romantischen Hochzeit in einer sch\u00f6nen und stimmungsvollen Umgebung? Im Tylstrup Kro bieten wir gem\u00fctliche und elegante Hochzeitszimmer, die den perfekten Rahmen f\u00fcr Ihren gro\u00dfen Tag bilden.<\/p><p data-start=\"289\" data-end=\"596\">Unser historisches Gasthaus strahlt Charme und Authentizit\u00e4t aus, und wir sorgen daf\u00fcr, dass alles an seinem Platz ist - vom k\u00f6stlichen Hochzeitsmen\u00fc bis zur festlichen Tischdekoration, die Ihren W\u00fcnschen entspricht. Ganz gleich, ob Sie eine intime Hochzeit oder eine gro\u00dfe Feier planen, wir k\u00f6nnen Ihre Veranstaltung genau so gestalten, wie Sie es sich ertr\u00e4umt haben.<\/p><p data-start=\"598\" data-end=\"835\" data-is-last-node=\"\" data-is-only-node=\"\">Mit unserem erfahrenen Personal und der sch\u00f6nen Umgebung werden Sie einen unvergesslichen Tag voller Freude, Liebe und guter Erinnerungen erleben. Kontaktieren Sie uns noch heute, um mehr \u00fcber unsere Hochzeitslocations im Tylstrup Kro zu erfahren und lassen Sie uns gemeinsam ein magisches Erlebnis schaffen.<\/p>\t\t\t\t\t\t\t\t<\/div>\n\t\t\t\t<\/div>\n\t\t\t\t<div class=\"elementor-element elementor-element-a96dea7 elementor-widget elementor-widget-template\" data-id=\"a96dea7\" data-element_type=\"widget\" data-e-type=\"widget\" data-widget_type=\"template.default\">\n\t\t\t\t<div class=\"elementor-widget-container\">\n\t\t\t\t\t\t\t<div class=\"elementor-template\">\n\t\t\t\t\t<div data-elementor-type=\"container\" data-elementor-id=\"1078\" class=\"elementor elementor-1078\" data-elementor-post-type=\"elementor_library\">\n\t\t\t\t<div class=\"elementor-element elementor-element-6d58afe0 e-con-full e-flex e-con e-child\" data-id=\"6d58afe0\" data-element_type=\"container\" data-e-type=\"container\">\n\t\t\t\t<div class=\"elementor-element elementor-element-875a334 elementor-align-left elementor-tablet-align-left elementor-widget elementor-widget-button\" data-id=\"875a334\" data-element_type=\"widget\" data-e-type=\"widget\" data-widget_type=\"button.default\">\n\t\t\t\t<div class=\"elementor-widget-container\">\n\t\t\t\t\t\t\t\t\t<div class=\"elementor-button-wrapper\">\n\t\t\t\t\t<a class=\"elementor-button elementor-button-link elementor-size-md elementor-animation-shrink\" href=\"https:\/\/tylstrup-kro.dk\/de\/kontakt\/\">\n\t\t\t\t\t\t<span class=\"elementor-button-content-wrapper\">\n\t\t\t\t\t\t\t\t\t<span class=\"elementor-button-text\">Kontakt<\/span>\n\t\t\t\t\t<\/span>\n\t\t\t\t\t<\/a>\n\t\t\t\t<\/div>\n\t\t\t\t\t\t\t\t<\/div>\n\t\t\t\t<\/div>\n\t\t\t\t<\/div>\n\t\t\t\t<\/div>\n\t\t\t\t<\/div>\n\t\t\t\t\t\t<\/div>\n\t\t\t\t<\/div>\n\t\t\t\t<\/div>\n\t\t\t\t<\/div>\n\t\t<div class=\"elementor-element elementor-element-99eb905 e-con-full e-flex e-con e-child\" data-id=\"99eb905\" data-element_type=\"container\" data-e-type=\"container\">\n\t\t<div class=\"elementor-element elementor-element-4b33ba2 e-grid e-con-full e-con e-child\" data-id=\"4b33ba2\" data-element_type=\"container\" data-e-type=\"container\">\n\t\t<div class=\"elementor-element elementor-element-63d5836 e-con-full e-flex e-con e-child\" data-id=\"63d5836\" data-element_type=\"container\" data-e-type=\"container\">\n\t\t\t\t<div class=\"elementor-element elementor-element-6307be9 elementor-widget elementor-widget-heading\" data-id=\"6307be9\" data-element_type=\"widget\" data-e-type=\"widget\" data-widget_type=\"heading.default\">\n\t\t\t\t<div class=\"elementor-widget-container\">\n\t\t\t\t\t<h4 class=\"elementor-heading-title elementor-size-default\">Das Hochzeitsmen\u00fc<\/h4>\t\t\t\t<\/div>\n\t\t\t\t<\/div>\n\t\t\t\t<div class=\"elementor-element elementor-element-4658388 elementor-widget elementor-widget-text-editor\" data-id=\"4658388\" data-element_type=\"widget\" data-e-type=\"widget\" data-widget_type=\"text-editor.default\">\n\t\t\t\t<div class=\"elementor-widget-container\">\n\t\t\t\t\t\t\t\t\t<p><strong>Cava<\/strong><\/p><p><strong>Ger\u00e4uchertes Schweinefilet mit eingelegten roten Zwiebeln, Estragonmayo, Sahnemeerrettich und Fl\u00f6ten<\/strong><\/p><p><strong>Saures Sorbet<\/strong><\/p><p><strong>Rosa gebratenes Rinderfilet mit Hasselback-Kartoffeln, Gem\u00fcse der Saison und Portweinsauce<\/strong><\/p><p><strong>Panna Cotta mit wei\u00dfer Schokoladencreme, Kans und eingelegten Beeren<\/strong><\/p><p><strong>Kaffee\/Tee und Kranzkuchen-Konditorei<\/strong><\/p><p><strong>Croissants mit H\u00e4hnchen und Thunfischsalat<\/strong><\/p>\t\t\t\t\t\t\t\t<\/div>\n\t\t\t\t<\/div>\n\t\t\t\t<div class=\"elementor-element elementor-element-32eaec2 elementor-widget elementor-widget-heading\" data-id=\"32eaec2\" data-element_type=\"widget\" data-e-type=\"widget\" data-widget_type=\"heading.default\">\n\t\t\t\t<div class=\"elementor-widget-container\">\n\t\t\t\t\t<h4 class=\"elementor-heading-title elementor-size-default\">Preis pro Person DKK 800,-<\/h4>\t\t\t\t<\/div>\n\t\t\t\t<\/div>\n\t\t\t\t<div class=\"elementor-element elementor-element-fa83b31 elementor-widget elementor-widget-heading\" data-id=\"fa83b31\" data-element_type=\"widget\" data-e-type=\"widget\" data-widget_type=\"heading.default\">\n\t\t\t\t<div class=\"elementor-widget-container\">\n\t\t\t\t\t<h5 class=\"elementor-heading-title elementor-size-default\">Einschlie\u00dflich Hausweine bis einschlie\u00dflich Dessert<\/h5>\t\t\t\t<\/div>\n\t\t\t\t<\/div>\n\t\t\t\t<\/div>\n\t\t<div class=\"elementor-element elementor-element-f38ae67 e-con-full e-flex e-con e-child\" data-id=\"f38ae67\" data-element_type=\"container\" data-e-type=\"container\">\n\t\t\t\t<div class=\"elementor-element elementor-element-a8f9394 elementor-widget elementor-widget-heading\" data-id=\"a8f9394\" data-element_type=\"widget\" data-e-type=\"widget\" data-widget_type=\"heading.default\">\n\t\t\t\t<div class=\"elementor-widget-container\">\n\t\t\t\t\t<h4 class=\"elementor-heading-title elementor-size-default\">Das Hochzeitsbuffet<\/h4>\t\t\t\t<\/div>\n\t\t\t\t<\/div>\n\t\t\t\t<div class=\"elementor-element elementor-element-8fcd89a elementor-widget elementor-widget-text-editor\" data-id=\"8fcd89a\" data-element_type=\"widget\" data-e-type=\"widget\" data-widget_type=\"text-editor.default\">\n\t\t\t\t<div class=\"elementor-widget-container\">\n\t\t\t\t\t\t\t\t\t<p><strong>Asti<\/strong><\/p><p><strong>Lachsplatte mit Krabben, marinierten Kr\u00e4utern und Kr\u00e4uterdressing.<\/strong><\/p><p><strong>Gef\u00fcllte G\u00e4nsebrust mit Estragonmayo und eingelegten roten Zwiebeln<\/strong><\/p><p><strong>Westf\u00e4lischer Schinken mit Pesto, Melone und N\u00fcssen<\/strong><\/p><p><strong>Brot und Butter<\/strong><\/p><p><strong>Gebratenes Kalbsfilet mit Pommes risolle\u00e9s und Wolkensauce<\/strong><\/p><p><strong>Ganze gebratene marinierte Putenbrust auf Ratatouille<\/strong><\/p><p><strong>Schweinefilet im Speckmantel mit gebratenen Portobello-Pilzen, Hasselback-Kartoffeln und Salat der Saison<\/strong><\/p><p><strong>Kaffee\/Tee<\/strong><\/p><p><strong>K\u00e4seteller mit Obst und hausgemachtem Kn\u00e4ckebrot<\/strong><\/p><p><strong>Doppelter Schokoladenkuchen mit Beeren<\/strong><\/p><p><strong>Saisonales Trifle mit Knusper<\/strong><\/p><p><strong>Rote Hot Dogs<\/strong><\/p>\t\t\t\t\t\t\t\t<\/div>\n\t\t\t\t<\/div>\n\t\t\t\t<div class=\"elementor-element elementor-element-bca8153 elementor-widget elementor-widget-heading\" data-id=\"bca8153\" data-element_type=\"widget\" data-e-type=\"widget\" data-widget_type=\"heading.default\">\n\t\t\t\t<div class=\"elementor-widget-container\">\n\t\t\t\t\t<h4 class=\"elementor-heading-title elementor-size-default\">Preis pro Person DKK 825,-<\/h4>\t\t\t\t<\/div>\n\t\t\t\t<\/div>\n\t\t\t\t<div class=\"elementor-element elementor-element-212eca2 elementor-widget elementor-widget-heading\" data-id=\"212eca2\" data-element_type=\"widget\" data-e-type=\"widget\" data-widget_type=\"heading.default\">\n\t\t\t\t<div class=\"elementor-widget-container\">\n\t\t\t\t\t<h5 class=\"elementor-heading-title elementor-size-default\">Inklusive Hausweine f\u00fcr die Kaffeetafel<\/h5>\t\t\t\t<\/div>\n\t\t\t\t<\/div>\n\t\t\t\t<\/div>\n\t\t\t\t<\/div>\n\t\t\t\t<\/div>\n\t\t\t\t<\/div>\n\t\t\t\t\t<\/div>\n\t\t\t\t<\/div>\n\t\t<div class=\"elementor-element elementor-element-509aec2 e-con-full e-flex e-con e-parent\" data-id=\"509aec2\" data-element_type=\"container\" data-e-type=\"container\">\n\t\t<div class=\"elementor-element elementor-element-83250af e-con-full e-flex e-con e-child\" data-id=\"83250af\" data-element_type=\"container\" data-e-type=\"container\">\n\t\t\t\t<div class=\"elementor-element elementor-element-01e0c1a elementor-widget elementor-widget-image-carousel\" data-id=\"01e0c1a\" data-element_type=\"widget\" data-e-type=\"widget\" data-settings=\"{&quot;slides_to_show&quot;:&quot;6&quot;,&quot;slides_to_show_tablet&quot;:&quot;4&quot;,&quot;slides_to_show_mobile&quot;:&quot;3&quot;,&quot;navigation&quot;:&quot;none&quot;,&quot;pause_on_hover&quot;:&quot;no&quot;,&quot;pause_on_interaction&quot;:&quot;no&quot;,&quot;autoplay_speed&quot;:3000,&quot;autoplay&quot;:&quot;yes&quot;,&quot;infinite&quot;:&quot;yes&quot;,&quot;speed&quot;:500}\" data-widget_type=\"image-carousel.default\">\n\t\t\t\t<div class=\"elementor-widget-container\">\n\t\t\t\t\t\t\t<div class=\"elementor-image-carousel-wrapper swiper\" role=\"region\" aria-roledescription=\"carousel\" aria-label=\"Bild-Karussell\" dir=\"ltr\">\n\t\t\t<div class=\"elementor-image-carousel swiper-wrapper\" aria-live=\"off\">\n\t\t\t\t\t\t\t\t<div class=\"swiper-slide\" role=\"group\" aria-roledescription=\"slide\" aria-label=\"1 von 11\"><a data-elementor-open-lightbox=\"yes\" data-elementor-lightbox-slideshow=\"01e0c1a\" data-elementor-lightbox-title=\"Tylstrup Kro 2022-23\" data-e-action-hash=\"#elementor-action%3Aaction%3Dlightbox%26settings%3DeyJpZCI6MTAxNywidXJsIjoiaHR0cHM6XC9cL3R5bHN0cnVwLWtyby5ka1wvd3AtY29udGVudFwvdXBsb2Fkc1wvMjAyNVwvMDNcL1R5bHN0cnVwLUtyby0yMDIyLTIzLXNjYWxlZC5qcGciLCJzbGlkZXNob3ciOiIwMWUwYzFhIn0%3D\" href=\"https:\/\/tylstrup-kro.dk\/wp-content\/uploads\/2025\/03\/Tylstrup-Kro-2022-23-scaled.jpg\"><figure class=\"swiper-slide-inner\"><img decoding=\"async\" class=\"swiper-slide-image\" src=\"https:\/\/tylstrup-kro.dk\/wp-content\/uploads\/2025\/03\/Tylstrup-Kro-2022-23-scaled.jpg\" alt=\"Tylstrup Kro 2022-23\" title=\"- -\"><\/figure><\/a><\/div><div class=\"swiper-slide\" role=\"group\" aria-roledescription=\"slide\" aria-label=\"2 von 11\"><a data-elementor-open-lightbox=\"yes\" data-elementor-lightbox-slideshow=\"01e0c1a\" data-elementor-lightbox-title=\"Tylstrup Kro 2022-19\" data-e-action-hash=\"#elementor-action%3Aaction%3Dlightbox%26settings%3DeyJpZCI6MTAzMSwidXJsIjoiaHR0cHM6XC9cL3R5bHN0cnVwLWtyby5ka1wvd3AtY29udGVudFwvdXBsb2Fkc1wvMjAyNVwvMDNcL1R5bHN0cnVwLUtyby0yMDIyLTE5LXNjYWxlZC5qcGciLCJzbGlkZXNob3ciOiIwMWUwYzFhIn0%3D\" href=\"https:\/\/tylstrup-kro.dk\/wp-content\/uploads\/2025\/03\/Tylstrup-Kro-2022-19-scaled.jpg\"><figure class=\"swiper-slide-inner\"><img decoding=\"async\" class=\"swiper-slide-image\" src=\"https:\/\/tylstrup-kro.dk\/wp-content\/uploads\/2025\/03\/Tylstrup-Kro-2022-19-scaled.jpg\" alt=\"Tylstrup Kro 2022-19\" title=\"- -\"><\/figure><\/a><\/div><div class=\"swiper-slide\" role=\"group\" aria-roledescription=\"slide\" aria-label=\"3 von 11\"><a data-elementor-open-lightbox=\"yes\" data-elementor-lightbox-slideshow=\"01e0c1a\" data-elementor-lightbox-title=\"443822685_927099569215380_7711289894342396438_n\" data-e-action-hash=\"#elementor-action%3Aaction%3Dlightbox%26settings%3DeyJpZCI6OTYyLCJ1cmwiOiJodHRwczpcL1wvdHlsc3RydXAta3JvLmRrXC93cC1jb250ZW50XC91cGxvYWRzXC8yMDI1XC8wM1wvNDQzODIyNjg1XzkyNzA5OTU2OTIxNTM4MF83NzExMjg5ODk0MzQyMzk2NDM4X24uanBnIiwic2xpZGVzaG93IjoiMDFlMGMxYSJ9\" href=\"https:\/\/tylstrup-kro.dk\/wp-content\/uploads\/2025\/03\/443822685_927099569215380_7711289894342396438_n.jpg\"><figure class=\"swiper-slide-inner\"><img decoding=\"async\" class=\"swiper-slide-image\" src=\"https:\/\/tylstrup-kro.dk\/wp-content\/uploads\/2025\/03\/443822685_927099569215380_7711289894342396438_n.jpg\" alt=\"443822685_927099569215380_7711289894342396438_n\" title=\"- -\"><\/figure><\/a><\/div><div class=\"swiper-slide\" role=\"group\" aria-roledescription=\"slide\" aria-label=\"4 von 11\"><a data-elementor-open-lightbox=\"yes\" data-elementor-lightbox-slideshow=\"01e0c1a\" data-elementor-lightbox-title=\"397129392_808706051054733_1565915942561797279_n\" data-e-action-hash=\"#elementor-action%3Aaction%3Dlightbox%26settings%3DeyJpZCI6OTQ0LCJ1cmwiOiJodHRwczpcL1wvdHlsc3RydXAta3JvLmRrXC93cC1jb250ZW50XC91cGxvYWRzXC8yMDI1XC8wM1wvMzk3MTI5MzkyXzgwODcwNjA1MTA1NDczM18xNTY1OTE1OTQyNTYxNzk3Mjc5X24uanBnIiwic2xpZGVzaG93IjoiMDFlMGMxYSJ9\" href=\"https:\/\/tylstrup-kro.dk\/wp-content\/uploads\/2025\/03\/397129392_808706051054733_1565915942561797279_n.jpg\"><figure class=\"swiper-slide-inner\"><img decoding=\"async\" class=\"swiper-slide-image\" src=\"https:\/\/tylstrup-kro.dk\/wp-content\/uploads\/2025\/03\/397129392_808706051054733_1565915942561797279_n.jpg\" alt=\"397129392_808706051054733_1565915942561797279_n\" title=\"- -\"><\/figure><\/a><\/div><div class=\"swiper-slide\" role=\"group\" aria-roledescription=\"slide\" aria-label=\"5 von 11\"><a data-elementor-open-lightbox=\"yes\" data-elementor-lightbox-slideshow=\"01e0c1a\" data-elementor-lightbox-title=\"472598229_1078706044054731_6896226772021246067_n\" data-e-action-hash=\"#elementor-action%3Aaction%3Dlightbox%26settings%3DeyJpZCI6OTgzLCJ1cmwiOiJodHRwczpcL1wvdHlsc3RydXAta3JvLmRrXC93cC1jb250ZW50XC91cGxvYWRzXC8yMDI1XC8wM1wvNDcyNTk4MjI5XzEwNzg3MDYwNDQwNTQ3MzFfNjg5NjIyNjc3MjAyMTI0NjA2N19uLmpwZyIsInNsaWRlc2hvdyI6IjAxZTBjMWEifQ%3D%3D\" href=\"https:\/\/tylstrup-kro.dk\/wp-content\/uploads\/2025\/03\/472598229_1078706044054731_6896226772021246067_n.jpg\"><figure class=\"swiper-slide-inner\"><img decoding=\"async\" class=\"swiper-slide-image\" src=\"https:\/\/tylstrup-kro.dk\/wp-content\/uploads\/2025\/03\/472598229_1078706044054731_6896226772021246067_n.jpg\" alt=\"472598229_1078706044054731_6896226772021246067_n\" title=\"- -\"><\/figure><\/a><\/div><div class=\"swiper-slide\" role=\"group\" aria-roledescription=\"slide\" aria-label=\"6 von 11\"><a data-elementor-open-lightbox=\"yes\" data-elementor-lightbox-slideshow=\"01e0c1a\" data-elementor-lightbox-title=\"465679484_1038206941437975_5417857931370186836_n (1)\" data-e-action-hash=\"#elementor-action%3Aaction%3Dlightbox%26settings%3DeyJpZCI6OTc2LCJ1cmwiOiJodHRwczpcL1wvdHlsc3RydXAta3JvLmRrXC93cC1jb250ZW50XC91cGxvYWRzXC8yMDI1XC8wM1wvNDY1Njc5NDg0XzEwMzgyMDY5NDE0Mzc5NzVfNTQxNzg1NzkzMTM3MDE4NjgzNl9uLTEuanBnIiwic2xpZGVzaG93IjoiMDFlMGMxYSJ9\" href=\"https:\/\/tylstrup-kro.dk\/wp-content\/uploads\/2025\/03\/465679484_1038206941437975_5417857931370186836_n-1.jpg\"><figure class=\"swiper-slide-inner\"><img decoding=\"async\" class=\"swiper-slide-image\" src=\"https:\/\/tylstrup-kro.dk\/wp-content\/uploads\/2025\/03\/465679484_1038206941437975_5417857931370186836_n-1.jpg\" alt=\"465679484_1038206941437975_5417857931370186836_n (1)\" title=\"- -\"><\/figure><\/a><\/div><div class=\"swiper-slide\" role=\"group\" aria-roledescription=\"slide\" aria-label=\"7 von 11\"><a data-elementor-open-lightbox=\"yes\" data-elementor-lightbox-slideshow=\"01e0c1a\" data-elementor-lightbox-title=\"475862707_1097622008829801_7919373909792790140_n\" data-e-action-hash=\"#elementor-action%3Aaction%3Dlightbox%26settings%3DeyJpZCI6OTk4LCJ1cmwiOiJodHRwczpcL1wvdHlsc3RydXAta3JvLmRrXC93cC1jb250ZW50XC91cGxvYWRzXC8yMDI1XC8wM1wvNDc1ODYyNzA3XzEwOTc2MjIwMDg4Mjk4MDFfNzkxOTM3MzkwOTc5Mjc5MDE0MF9uLmpwZyIsInNsaWRlc2hvdyI6IjAxZTBjMWEifQ%3D%3D\" href=\"https:\/\/tylstrup-kro.dk\/wp-content\/uploads\/2025\/03\/475862707_1097622008829801_7919373909792790140_n.jpg\"><figure class=\"swiper-slide-inner\"><img decoding=\"async\" class=\"swiper-slide-image\" src=\"https:\/\/tylstrup-kro.dk\/wp-content\/uploads\/2025\/03\/475862707_1097622008829801_7919373909792790140_n.jpg\" alt=\"475862707_1097622008829801_7919373909792790140_n\" title=\"- -\"><\/figure><\/a><\/div><div class=\"swiper-slide\" role=\"group\" aria-roledescription=\"slide\" aria-label=\"8 von 11\"><a data-elementor-open-lightbox=\"yes\" data-elementor-lightbox-slideshow=\"01e0c1a\" data-elementor-lightbox-title=\"Tylstrup Kro 2022-35\" data-e-action-hash=\"#elementor-action%3Aaction%3Dlightbox%26settings%3DeyJpZCI6MTAxNCwidXJsIjoiaHR0cHM6XC9cL3R5bHN0cnVwLWtyby5ka1wvd3AtY29udGVudFwvdXBsb2Fkc1wvMjAyNVwvMDNcL1R5bHN0cnVwLUtyby0yMDIyLTM1LXNjYWxlZC5qcGciLCJzbGlkZXNob3ciOiIwMWUwYzFhIn0%3D\" href=\"https:\/\/tylstrup-kro.dk\/wp-content\/uploads\/2025\/03\/Tylstrup-Kro-2022-35-scaled.jpg\"><figure class=\"swiper-slide-inner\"><img decoding=\"async\" class=\"swiper-slide-image\" src=\"https:\/\/tylstrup-kro.dk\/wp-content\/uploads\/2025\/03\/Tylstrup-Kro-2022-35-scaled.jpg\" alt=\"Tylstrup Kro 2022-35\" title=\"- -\"><\/figure><\/a><\/div><div class=\"swiper-slide\" role=\"group\" aria-roledescription=\"slide\" aria-label=\"9 von 11\"><a data-elementor-open-lightbox=\"yes\" data-elementor-lightbox-slideshow=\"01e0c1a\" data-elementor-lightbox-title=\"356826264_740636057861733_831182691886880717_n\" data-e-action-hash=\"#elementor-action%3Aaction%3Dlightbox%26settings%3DeyJpZCI6MTAwMSwidXJsIjoiaHR0cHM6XC9cL3R5bHN0cnVwLWtyby5ka1wvd3AtY29udGVudFwvdXBsb2Fkc1wvMjAyNVwvMDNcLzM1NjgyNjI2NF83NDA2MzYwNTc4NjE3MzNfODMxMTgyNjkxODg2ODgwNzE3X24uanBnIiwic2xpZGVzaG93IjoiMDFlMGMxYSJ9\" href=\"https:\/\/tylstrup-kro.dk\/wp-content\/uploads\/2025\/03\/356826264_740636057861733_831182691886880717_n.jpg\"><figure class=\"swiper-slide-inner\"><img decoding=\"async\" class=\"swiper-slide-image\" src=\"https:\/\/tylstrup-kro.dk\/wp-content\/uploads\/2025\/03\/356826264_740636057861733_831182691886880717_n.jpg\" alt=\"356826264_740636057861733_831182691886880717_n\" title=\"- -\"><\/figure><\/a><\/div><div class=\"swiper-slide\" role=\"group\" aria-roledescription=\"slide\" aria-label=\"10 von 11\"><a data-elementor-open-lightbox=\"yes\" data-elementor-lightbox-slideshow=\"01e0c1a\" data-elementor-lightbox-title=\"466102070_1038206898104646_8675675616517918135_n\" data-e-action-hash=\"#elementor-action%3Aaction%3Dlightbox%26settings%3DeyJpZCI6OTc4LCJ1cmwiOiJodHRwczpcL1wvdHlsc3RydXAta3JvLmRrXC93cC1jb250ZW50XC91cGxvYWRzXC8yMDI1XC8wM1wvNDY2MTAyMDcwXzEwMzgyMDY4OTgxMDQ2NDZfODY3NTY3NTYxNjUxNzkxODEzNV9uLmpwZyIsInNsaWRlc2hvdyI6IjAxZTBjMWEifQ%3D%3D\" href=\"https:\/\/tylstrup-kro.dk\/wp-content\/uploads\/2025\/03\/466102070_1038206898104646_8675675616517918135_n.jpg\"><figure class=\"swiper-slide-inner\"><img decoding=\"async\" class=\"swiper-slide-image\" src=\"https:\/\/tylstrup-kro.dk\/wp-content\/uploads\/2025\/03\/466102070_1038206898104646_8675675616517918135_n.jpg\" alt=\"466102070_1038206898104646_8675675616517918135_n\" title=\"- -\"><\/figure><\/a><\/div><div class=\"swiper-slide\" role=\"group\" aria-roledescription=\"slide\" aria-label=\"11 von 11\"><a data-elementor-open-lightbox=\"yes\" data-elementor-lightbox-slideshow=\"01e0c1a\" data-elementor-lightbox-title=\"358637289_745293457395993_4211861647439236121_n\" data-e-action-hash=\"#elementor-action%3Aaction%3Dlightbox%26settings%3DeyJpZCI6OTM2LCJ1cmwiOiJodHRwczpcL1wvdHlsc3RydXAta3JvLmRrXC93cC1jb250ZW50XC91cGxvYWRzXC8yMDI1XC8wM1wvMzU4NjM3Mjg5Xzc0NTI5MzQ1NzM5NTk5M180MjExODYxNjQ3NDM5MjM2MTIxX24uanBnIiwic2xpZGVzaG93IjoiMDFlMGMxYSJ9\" href=\"https:\/\/tylstrup-kro.dk\/wp-content\/uploads\/2025\/03\/358637289_745293457395993_4211861647439236121_n.jpg\"><figure class=\"swiper-slide-inner\"><img decoding=\"async\" class=\"swiper-slide-image\" src=\"https:\/\/tylstrup-kro.dk\/wp-content\/uploads\/2025\/03\/358637289_745293457395993_4211861647439236121_n.jpg\" alt=\"358637289_745293457395993_4211861647439236121_n\" title=\"- -\"><\/figure><\/a><\/div>\t\t\t<\/div>\n\t\t\t\t\t\t\t\n\t\t\t\t\t\t\t\t\t<\/div>\n\t\t\t\t\t\t<\/div>\n\t\t\t\t<\/div>\n\t\t\t\t<\/div>\n\t\t\t\t<\/div>\n\t\t\t\t<\/div>","protected":false},"excerpt":{"rendered":"<p>Bryllup p\u00e5 Tylstrup Kro Dr\u00f8mmer du om et romantisk bryllup i smukke og stemningsfulde omgivelser? Hos Tylstrup Kro tilbyder vi hyggelige og elegante bryllupslokaler, der skaber den perfekte ramme for jeres store dag. Vores historiske kro emmer af charme og autenticitet, og vi s\u00f8rger for, at alt er p\u00e5 plads \u2013 fra en l\u00e6kker bryllupsmenu [&hellip;]<\/p>\n","protected":false},"author":1,"featured_media":0,"parent":0,"menu_order":0,"comment_status":"closed","ping_status":"closed","template":"elementor_header_footer","meta":{"footnotes":""},"class_list":["post-1162","page","type-page","status-publish","hentry"],"_links":{"self":[{"href":"https:\/\/tylstrup-kro.dk\/de\/wp-json\/wp\/v2\/pages\/1162","targetHints":{"allow":["GET"]}}],"collection":[{"href":"https:\/\/tylstrup-kro.dk\/de\/wp-json\/wp\/v2\/pages"}],"about":[{"href":"https:\/\/tylstrup-kro.dk\/de\/wp-json\/wp\/v2\/types\/page"}],"author":[{"embeddable":true,"href":"https:\/\/tylstrup-kro.dk\/de\/wp-json\/wp\/v2\/users\/1"}],"replies":[{"embeddable":true,"href":"https:\/\/tylstrup-kro.dk\/de\/wp-json\/wp\/v2\/comments?post=1162"}],"version-history":[{"count":40,"href":"https:\/\/tylstrup-kro.dk\/de\/wp-json\/wp\/v2\/pages\/1162\/revisions"}],"predecessor-version":[{"id":1759,"href":"https:\/\/tylstrup-kro.dk\/de\/wp-json\/wp\/v2\/pages\/1162\/revisions\/1759"}],"wp:attachment":[{"href":"https:\/\/tylstrup-kro.dk\/de\/wp-json\/wp\/v2\/media?parent=1162"}],"curies":[{"name":"wp","href":"https:\/\/api.w.org\/{rel}","templated":true}]}}