{"id":1161,"date":"2025-03-07T12:54:09","date_gmt":"2025-03-07T11:54:09","guid":{"rendered":"https:\/\/tylstrup-kro.dk\/?page_id=1161"},"modified":"2025-04-11T11:07:36","modified_gmt":"2025-04-11T10:07:36","slug":"barnedaab","status":"publish","type":"page","link":"https:\/\/tylstrup-kro.dk\/de\/barnedaab\/","title":{"rendered":"Taufe"},"content":{"rendered":"<div data-elementor-type=\"wp-page\" data-elementor-id=\"1161\" class=\"elementor elementor-1161\" data-elementor-post-type=\"page\">\n\t\t\t\t<div class=\"elementor-element elementor-element-65061f2 e-flex e-con-boxed e-con e-parent\" data-id=\"65061f2\" data-element_type=\"container\" data-e-type=\"container\" data-settings=\"{&quot;background_background&quot;:&quot;classic&quot;,&quot;shape_divider_bottom&quot;:&quot;waves&quot;}\">\n\t\t\t\t\t<div class=\"e-con-inner\">\n\t\t\t\t<div class=\"elementor-shape elementor-shape-bottom\" aria-hidden=\"true\" data-negative=\"false\">\n\t\t\t<svg xmlns=\"http:\/\/www.w3.org\/2000\/svg\" viewbox=\"0 0 1000 100\" preserveaspectratio=\"none\">\n\t<path class=\"elementor-shape-fill\" d=\"M421.9,6.5c22.6-2.5,51.5,0.4,75.5,5.3c23.6,4.9,70.9,23.5,100.5,35.7c75.8,32.2,133.7,44.5,192.6,49.7\tc23.6,2.1,48.7,3.5,103.4-2.5c54.7-6,106.2-25.6,106.2-25.6V0H0v30.3c0,0,72,32.6,158.4,30.5c39.2-0.7,92.8-6.7,134-22.4\tc21.2-8.1,52.2-18.2,79.7-24.2C399.3,7.9,411.6,7.5,421.9,6.5z\"\/>\n<\/svg>\t\t<\/div>\n\t\t<div class=\"elementor-element elementor-element-87405e7 e-con-full e-flex e-con e-child\" data-id=\"87405e7\" data-element_type=\"container\" data-e-type=\"container\">\n\t\t\t\t<\/div>\n\t\t\t\t\t<\/div>\n\t\t\t\t<\/div>\n\t\t<div class=\"elementor-element elementor-element-32fb7d0 e-flex e-con-boxed e-con e-parent\" data-id=\"32fb7d0\" data-element_type=\"container\" data-e-type=\"container\" data-settings=\"{&quot;shape_divider_bottom&quot;:&quot;waves&quot;}\">\n\t\t\t\t\t<div class=\"e-con-inner\">\n\t\t\t\t<div class=\"elementor-shape elementor-shape-bottom\" aria-hidden=\"true\" data-negative=\"false\">\n\t\t\t<svg xmlns=\"http:\/\/www.w3.org\/2000\/svg\" viewbox=\"0 0 1000 100\" preserveaspectratio=\"none\">\n\t<path class=\"elementor-shape-fill\" d=\"M421.9,6.5c22.6-2.5,51.5,0.4,75.5,5.3c23.6,4.9,70.9,23.5,100.5,35.7c75.8,32.2,133.7,44.5,192.6,49.7\tc23.6,2.1,48.7,3.5,103.4-2.5c54.7-6,106.2-25.6,106.2-25.6V0H0v30.3c0,0,72,32.6,158.4,30.5c39.2-0.7,92.8-6.7,134-22.4\tc21.2-8.1,52.2-18.2,79.7-24.2C399.3,7.9,411.6,7.5,421.9,6.5z\"\/>\n<\/svg>\t\t<\/div>\n\t\t<div class=\"elementor-element elementor-element-927b88b e-con-full e-flex e-con e-child\" data-id=\"927b88b\" data-element_type=\"container\" data-e-type=\"container\">\n\t\t<div class=\"elementor-element elementor-element-8402d24 e-con-full e-flex e-con e-child\" data-id=\"8402d24\" data-element_type=\"container\" data-e-type=\"container\">\n\t\t<div class=\"elementor-element elementor-element-ff246bd e-con-full e-flex e-con e-child\" data-id=\"ff246bd\" data-element_type=\"container\" data-e-type=\"container\">\n\t\t\t\t<div class=\"elementor-element elementor-element-e941492 elementor-widget elementor-widget-heading\" data-id=\"e941492\" data-element_type=\"widget\" data-e-type=\"widget\" data-widget_type=\"heading.default\">\n\t\t\t\t<div class=\"elementor-widget-container\">\n\t\t\t\t\t<h2 class=\"elementor-heading-title elementor-size-default\">Taufe im Tylstrup Kro<\/h2>\t\t\t\t<\/div>\n\t\t\t\t<\/div>\n\t\t\t\t<div class=\"elementor-element elementor-element-4afea5f elementor-widget elementor-widget-text-editor\" data-id=\"4afea5f\" data-element_type=\"widget\" data-e-type=\"widget\" data-widget_type=\"text-editor.default\">\n\t\t\t\t<div class=\"elementor-widget-container\">\n\t\t\t\t\t\t\t\t\t<p>Der Tylstrup Kro ist ein beliebter Treffpunkt f\u00fcr Familien jeder Gr\u00f6\u00dfe. Wir helfen Ihnen gerne bei der Auswahl des Essens und der R\u00e4umlichkeiten f\u00fcr Ihre Taufe. Sie k\u00f6nnen die Feier im Gasthaus abhalten oder das Essen f\u00fcr zu Hause bestellen.<\/p>\t\t\t\t\t\t\t\t<\/div>\n\t\t\t\t<\/div>\n\t\t\t\t<div class=\"elementor-element elementor-element-1aec4b2 elementor-widget elementor-widget-template\" data-id=\"1aec4b2\" data-element_type=\"widget\" data-e-type=\"widget\" data-widget_type=\"template.default\">\n\t\t\t\t<div class=\"elementor-widget-container\">\n\t\t\t\t\t\t\t<div class=\"elementor-template\">\n\t\t\t\t\t<div data-elementor-type=\"container\" data-elementor-id=\"1078\" class=\"elementor elementor-1078\" data-elementor-post-type=\"elementor_library\">\n\t\t\t\t<div class=\"elementor-element elementor-element-6d58afe0 e-con-full e-flex e-con e-child\" data-id=\"6d58afe0\" data-element_type=\"container\" data-e-type=\"container\">\n\t\t\t\t<div class=\"elementor-element elementor-element-875a334 elementor-align-left elementor-tablet-align-left elementor-widget elementor-widget-button\" data-id=\"875a334\" data-element_type=\"widget\" data-e-type=\"widget\" data-widget_type=\"button.default\">\n\t\t\t\t<div class=\"elementor-widget-container\">\n\t\t\t\t\t\t\t\t\t<div class=\"elementor-button-wrapper\">\n\t\t\t\t\t<a class=\"elementor-button elementor-button-link elementor-size-md elementor-animation-shrink\" href=\"https:\/\/tylstrup-kro.dk\/de\/kontakt\/\">\n\t\t\t\t\t\t<span class=\"elementor-button-content-wrapper\">\n\t\t\t\t\t\t\t\t\t<span class=\"elementor-button-text\">Kontakt<\/span>\n\t\t\t\t\t<\/span>\n\t\t\t\t\t<\/a>\n\t\t\t\t<\/div>\n\t\t\t\t\t\t\t\t<\/div>\n\t\t\t\t<\/div>\n\t\t\t\t<\/div>\n\t\t\t\t<\/div>\n\t\t\t\t<\/div>\n\t\t\t\t\t\t<\/div>\n\t\t\t\t<\/div>\n\t\t\t\t<\/div>\n\t\t\t\t<\/div>\n\t\t<div class=\"elementor-element elementor-element-91ed4ba e-con-full e-flex e-con e-child\" data-id=\"91ed4ba\" data-element_type=\"container\" data-e-type=\"container\">\n\t\t<div class=\"elementor-element elementor-element-c916ff1 e-grid e-con-full e-con e-child\" data-id=\"c916ff1\" data-element_type=\"container\" data-e-type=\"container\">\n\t\t<div class=\"elementor-element elementor-element-607b952 e-con-full e-flex e-con e-child\" data-id=\"607b952\" data-element_type=\"container\" data-e-type=\"container\">\n\t\t\t\t<div class=\"elementor-element elementor-element-4412ddd elementor-widget elementor-widget-heading\" data-id=\"4412ddd\" data-element_type=\"widget\" data-e-type=\"widget\" data-widget_type=\"heading.default\">\n\t\t\t\t<div class=\"elementor-widget-container\">\n\t\t\t\t\t<h4 class=\"elementor-heading-title elementor-size-default\">Men\u00fc zur Taufe<\/h4>\t\t\t\t<\/div>\n\t\t\t\t<\/div>\n\t\t\t\t<div class=\"elementor-element elementor-element-83bca94 elementor-widget elementor-widget-text-editor\" data-id=\"83bca94\" data-element_type=\"widget\" data-e-type=\"widget\" data-widget_type=\"text-editor.default\">\n\t\t\t\t<div class=\"elementor-widget-container\">\n\t\t\t\t\t\t\t\t\t<p><strong>Herzlich willkommen: <\/strong><\/p><p><strong>Bananen im Pyjama\/Aprikosenmaskottchen<\/strong><\/p><p><strong>Starter:<\/strong><\/p><p><strong>Kleine Sternschnuppe<\/strong><\/p><p><strong>Hauptgericht:<\/strong><\/p><p><strong>Schweinelende mit Gem\u00fcse der Saison, marinierten Kr\u00e4uterkartoffeln und Pilzsauce<\/strong><\/p><p><strong>Kaffee und Dessert:<\/strong><\/p><p><strong>Panna Cotta mit s\u00fc\u00dfem Sorbet<\/strong><\/p>\t\t\t\t\t\t\t\t<\/div>\n\t\t\t\t<\/div>\n\t\t\t\t<div class=\"elementor-element elementor-element-d8ba4a3 elementor-widget elementor-widget-heading\" data-id=\"d8ba4a3\" data-element_type=\"widget\" data-e-type=\"widget\" data-widget_type=\"heading.default\">\n\t\t\t\t<div class=\"elementor-widget-container\">\n\t\t\t\t\t<h4 class=\"elementor-heading-title elementor-size-default\">Preis pro Person DKK 375,-<\/h4>\t\t\t\t<\/div>\n\t\t\t\t<\/div>\n\t\t\t\t<div class=\"elementor-element elementor-element-62bc587 elementor-widget elementor-widget-heading\" data-id=\"62bc587\" data-element_type=\"widget\" data-e-type=\"widget\" data-widget_type=\"heading.default\">\n\t\t\t\t<div class=\"elementor-widget-container\">\n\t\t\t\t\t<h5 class=\"elementor-heading-title elementor-size-default\">Inklusive Begr\u00fc\u00dfung und Kaffee<\/h5>\t\t\t\t<\/div>\n\t\t\t\t<\/div>\n\t\t\t\t<\/div>\n\t\t<div class=\"elementor-element elementor-element-b96d1a0 e-con-full e-flex e-con e-child\" data-id=\"b96d1a0\" data-element_type=\"container\" data-e-type=\"container\">\n\t\t\t\t<div class=\"elementor-element elementor-element-3c36e3c elementor-widget elementor-widget-heading\" data-id=\"3c36e3c\" data-element_type=\"widget\" data-e-type=\"widget\" data-widget_type=\"heading.default\">\n\t\t\t\t<div class=\"elementor-widget-container\">\n\t\t\t\t\t<h4 class=\"elementor-heading-title elementor-size-default\">Taufe Buffet<\/h4>\t\t\t\t<\/div>\n\t\t\t\t<\/div>\n\t\t\t\t<div class=\"elementor-element elementor-element-e335a4c elementor-widget elementor-widget-text-editor\" data-id=\"e335a4c\" data-element_type=\"widget\" data-e-type=\"widget\" data-widget_type=\"text-editor.default\">\n\t\t\t\t<div class=\"elementor-widget-container\">\n\t\t\t\t\t\t\t\t\t<p><strong>Herzlich willkommen:<\/strong><\/p><p><strong>Bananen im Pyjama\/Aprikosenmaskottchen<\/strong><\/p><p><strong>Buffet:<\/strong><\/p><p><strong>Croissants mit H\u00e4hnchen und Thunfischsalat<\/strong><\/p><p><strong>Schinken mit Melone<\/strong><\/p><p><strong>T\u00f6rtchen mit H\u00e4hnchen in Spargel<\/strong><\/p><p><strong>Glasierter Schinken mit gemischtem Salat<\/strong><\/p><p><strong>Rosa gebratenes Kalbsfilet mit Sahnekartoffeln<\/strong><\/p><p><strong>Kaffee und Dessert:<\/strong><\/p><p><strong>Makronenkuchen mit Beerenschaum<\/strong><\/p>\t\t\t\t\t\t\t\t<\/div>\n\t\t\t\t<\/div>\n\t\t\t\t<div class=\"elementor-element elementor-element-6a63216 elementor-widget elementor-widget-heading\" data-id=\"6a63216\" data-element_type=\"widget\" data-e-type=\"widget\" data-widget_type=\"heading.default\">\n\t\t\t\t<div class=\"elementor-widget-container\">\n\t\t\t\t\t<h4 class=\"elementor-heading-title elementor-size-default\">Preis pro Person DKK 425,-<\/h4>\t\t\t\t<\/div>\n\t\t\t\t<\/div>\n\t\t\t\t<div class=\"elementor-element elementor-element-d34af6b elementor-widget elementor-widget-heading\" data-id=\"d34af6b\" data-element_type=\"widget\" data-e-type=\"widget\" data-widget_type=\"heading.default\">\n\t\t\t\t<div class=\"elementor-widget-container\">\n\t\t\t\t\t<h5 class=\"elementor-heading-title elementor-size-default\">Inklusive Begr\u00fc\u00dfung und Kaffee<\/h5>\t\t\t\t<\/div>\n\t\t\t\t<\/div>\n\t\t\t\t<\/div>\n\t\t\t\t<\/div>\n\t\t\t\t<\/div>\n\t\t\t\t<\/div>\n\t\t\t\t\t<\/div>\n\t\t\t\t<\/div>\n\t\t<div class=\"elementor-element elementor-element-beedbf6 e-con-full e-flex e-con e-parent\" data-id=\"beedbf6\" data-element_type=\"container\" data-e-type=\"container\">\n\t\t<div class=\"elementor-element elementor-element-b705a6e e-con-full e-flex e-con e-child\" data-id=\"b705a6e\" data-element_type=\"container\" data-e-type=\"container\">\n\t\t\t\t<div class=\"elementor-element elementor-element-be313b6 elementor-widget elementor-widget-image-carousel\" data-id=\"be313b6\" data-element_type=\"widget\" data-e-type=\"widget\" data-settings=\"{&quot;slides_to_show&quot;:&quot;6&quot;,&quot;slides_to_show_tablet&quot;:&quot;4&quot;,&quot;slides_to_show_mobile&quot;:&quot;3&quot;,&quot;navigation&quot;:&quot;none&quot;,&quot;pause_on_hover&quot;:&quot;no&quot;,&quot;pause_on_interaction&quot;:&quot;no&quot;,&quot;autoplay_speed&quot;:3000,&quot;autoplay&quot;:&quot;yes&quot;,&quot;infinite&quot;:&quot;yes&quot;,&quot;speed&quot;:500}\" data-widget_type=\"image-carousel.default\">\n\t\t\t\t<div class=\"elementor-widget-container\">\n\t\t\t\t\t\t\t<div class=\"elementor-image-carousel-wrapper swiper\" role=\"region\" aria-roledescription=\"carousel\" aria-label=\"Bild-Karussell\" dir=\"ltr\">\n\t\t\t<div class=\"elementor-image-carousel swiper-wrapper\" aria-live=\"off\">\n\t\t\t\t\t\t\t\t<div class=\"swiper-slide\" role=\"group\" aria-roledescription=\"slide\" aria-label=\"1 von 11\"><a data-elementor-open-lightbox=\"yes\" data-elementor-lightbox-slideshow=\"be313b6\" data-elementor-lightbox-title=\"Tylstrup Kro 2022-23\" data-e-action-hash=\"#elementor-action%3Aaction%3Dlightbox%26settings%3DeyJpZCI6MTAxNywidXJsIjoiaHR0cHM6XC9cL3R5bHN0cnVwLWtyby5ka1wvd3AtY29udGVudFwvdXBsb2Fkc1wvMjAyNVwvMDNcL1R5bHN0cnVwLUtyby0yMDIyLTIzLXNjYWxlZC5qcGciLCJzbGlkZXNob3ciOiJiZTMxM2I2In0%3D\" href=\"https:\/\/tylstrup-kro.dk\/wp-content\/uploads\/2025\/03\/Tylstrup-Kro-2022-23-scaled.jpg\"><figure class=\"swiper-slide-inner\"><img decoding=\"async\" class=\"swiper-slide-image\" src=\"https:\/\/tylstrup-kro.dk\/wp-content\/uploads\/2025\/03\/Tylstrup-Kro-2022-23-scaled.jpg\" alt=\"Tylstrup Kro 2022-23\" title=\"- -\"><\/figure><\/a><\/div><div class=\"swiper-slide\" role=\"group\" aria-roledescription=\"slide\" aria-label=\"2 von 11\"><a data-elementor-open-lightbox=\"yes\" data-elementor-lightbox-slideshow=\"be313b6\" data-elementor-lightbox-title=\"Tylstrup Kro 2022-19\" data-e-action-hash=\"#elementor-action%3Aaction%3Dlightbox%26settings%3DeyJpZCI6MTAzMSwidXJsIjoiaHR0cHM6XC9cL3R5bHN0cnVwLWtyby5ka1wvd3AtY29udGVudFwvdXBsb2Fkc1wvMjAyNVwvMDNcL1R5bHN0cnVwLUtyby0yMDIyLTE5LXNjYWxlZC5qcGciLCJzbGlkZXNob3ciOiJiZTMxM2I2In0%3D\" href=\"https:\/\/tylstrup-kro.dk\/wp-content\/uploads\/2025\/03\/Tylstrup-Kro-2022-19-scaled.jpg\"><figure class=\"swiper-slide-inner\"><img decoding=\"async\" class=\"swiper-slide-image\" src=\"https:\/\/tylstrup-kro.dk\/wp-content\/uploads\/2025\/03\/Tylstrup-Kro-2022-19-scaled.jpg\" alt=\"Tylstrup Kro 2022-19\" title=\"- -\"><\/figure><\/a><\/div><div class=\"swiper-slide\" role=\"group\" aria-roledescription=\"slide\" aria-label=\"3 von 11\"><a data-elementor-open-lightbox=\"yes\" data-elementor-lightbox-slideshow=\"be313b6\" data-elementor-lightbox-title=\"443822685_927099569215380_7711289894342396438_n\" data-e-action-hash=\"#elementor-action%3Aaction%3Dlightbox%26settings%3DeyJpZCI6OTYyLCJ1cmwiOiJodHRwczpcL1wvdHlsc3RydXAta3JvLmRrXC93cC1jb250ZW50XC91cGxvYWRzXC8yMDI1XC8wM1wvNDQzODIyNjg1XzkyNzA5OTU2OTIxNTM4MF83NzExMjg5ODk0MzQyMzk2NDM4X24uanBnIiwic2xpZGVzaG93IjoiYmUzMTNiNiJ9\" href=\"https:\/\/tylstrup-kro.dk\/wp-content\/uploads\/2025\/03\/443822685_927099569215380_7711289894342396438_n.jpg\"><figure class=\"swiper-slide-inner\"><img decoding=\"async\" class=\"swiper-slide-image\" src=\"https:\/\/tylstrup-kro.dk\/wp-content\/uploads\/2025\/03\/443822685_927099569215380_7711289894342396438_n.jpg\" alt=\"443822685_927099569215380_7711289894342396438_n\" title=\"- -\"><\/figure><\/a><\/div><div class=\"swiper-slide\" role=\"group\" aria-roledescription=\"slide\" aria-label=\"4 von 11\"><a data-elementor-open-lightbox=\"yes\" data-elementor-lightbox-slideshow=\"be313b6\" data-elementor-lightbox-title=\"397129392_808706051054733_1565915942561797279_n\" data-e-action-hash=\"#elementor-action%3Aaction%3Dlightbox%26settings%3DeyJpZCI6OTQ0LCJ1cmwiOiJodHRwczpcL1wvdHlsc3RydXAta3JvLmRrXC93cC1jb250ZW50XC91cGxvYWRzXC8yMDI1XC8wM1wvMzk3MTI5MzkyXzgwODcwNjA1MTA1NDczM18xNTY1OTE1OTQyNTYxNzk3Mjc5X24uanBnIiwic2xpZGVzaG93IjoiYmUzMTNiNiJ9\" href=\"https:\/\/tylstrup-kro.dk\/wp-content\/uploads\/2025\/03\/397129392_808706051054733_1565915942561797279_n.jpg\"><figure class=\"swiper-slide-inner\"><img decoding=\"async\" class=\"swiper-slide-image\" src=\"https:\/\/tylstrup-kro.dk\/wp-content\/uploads\/2025\/03\/397129392_808706051054733_1565915942561797279_n.jpg\" alt=\"397129392_808706051054733_1565915942561797279_n\" title=\"- -\"><\/figure><\/a><\/div><div class=\"swiper-slide\" role=\"group\" aria-roledescription=\"slide\" aria-label=\"5 von 11\"><a data-elementor-open-lightbox=\"yes\" data-elementor-lightbox-slideshow=\"be313b6\" data-elementor-lightbox-title=\"472598229_1078706044054731_6896226772021246067_n\" data-e-action-hash=\"#elementor-action%3Aaction%3Dlightbox%26settings%3DeyJpZCI6OTgzLCJ1cmwiOiJodHRwczpcL1wvdHlsc3RydXAta3JvLmRrXC93cC1jb250ZW50XC91cGxvYWRzXC8yMDI1XC8wM1wvNDcyNTk4MjI5XzEwNzg3MDYwNDQwNTQ3MzFfNjg5NjIyNjc3MjAyMTI0NjA2N19uLmpwZyIsInNsaWRlc2hvdyI6ImJlMzEzYjYifQ%3D%3D\" href=\"https:\/\/tylstrup-kro.dk\/wp-content\/uploads\/2025\/03\/472598229_1078706044054731_6896226772021246067_n.jpg\"><figure class=\"swiper-slide-inner\"><img decoding=\"async\" class=\"swiper-slide-image\" src=\"https:\/\/tylstrup-kro.dk\/wp-content\/uploads\/2025\/03\/472598229_1078706044054731_6896226772021246067_n.jpg\" alt=\"472598229_1078706044054731_6896226772021246067_n\" title=\"- -\"><\/figure><\/a><\/div><div class=\"swiper-slide\" role=\"group\" aria-roledescription=\"slide\" aria-label=\"6 von 11\"><a data-elementor-open-lightbox=\"yes\" data-elementor-lightbox-slideshow=\"be313b6\" data-elementor-lightbox-title=\"465679484_1038206941437975_5417857931370186836_n (1)\" data-e-action-hash=\"#elementor-action%3Aaction%3Dlightbox%26settings%3DeyJpZCI6OTc2LCJ1cmwiOiJodHRwczpcL1wvdHlsc3RydXAta3JvLmRrXC93cC1jb250ZW50XC91cGxvYWRzXC8yMDI1XC8wM1wvNDY1Njc5NDg0XzEwMzgyMDY5NDE0Mzc5NzVfNTQxNzg1NzkzMTM3MDE4NjgzNl9uLTEuanBnIiwic2xpZGVzaG93IjoiYmUzMTNiNiJ9\" href=\"https:\/\/tylstrup-kro.dk\/wp-content\/uploads\/2025\/03\/465679484_1038206941437975_5417857931370186836_n-1.jpg\"><figure class=\"swiper-slide-inner\"><img decoding=\"async\" class=\"swiper-slide-image\" src=\"https:\/\/tylstrup-kro.dk\/wp-content\/uploads\/2025\/03\/465679484_1038206941437975_5417857931370186836_n-1.jpg\" alt=\"465679484_1038206941437975_5417857931370186836_n (1)\" title=\"- -\"><\/figure><\/a><\/div><div class=\"swiper-slide\" role=\"group\" aria-roledescription=\"slide\" aria-label=\"7 von 11\"><a data-elementor-open-lightbox=\"yes\" data-elementor-lightbox-slideshow=\"be313b6\" data-elementor-lightbox-title=\"475862707_1097622008829801_7919373909792790140_n\" data-e-action-hash=\"#elementor-action%3Aaction%3Dlightbox%26settings%3DeyJpZCI6OTk4LCJ1cmwiOiJodHRwczpcL1wvdHlsc3RydXAta3JvLmRrXC93cC1jb250ZW50XC91cGxvYWRzXC8yMDI1XC8wM1wvNDc1ODYyNzA3XzEwOTc2MjIwMDg4Mjk4MDFfNzkxOTM3MzkwOTc5Mjc5MDE0MF9uLmpwZyIsInNsaWRlc2hvdyI6ImJlMzEzYjYifQ%3D%3D\" href=\"https:\/\/tylstrup-kro.dk\/wp-content\/uploads\/2025\/03\/475862707_1097622008829801_7919373909792790140_n.jpg\"><figure class=\"swiper-slide-inner\"><img decoding=\"async\" class=\"swiper-slide-image\" src=\"https:\/\/tylstrup-kro.dk\/wp-content\/uploads\/2025\/03\/475862707_1097622008829801_7919373909792790140_n.jpg\" alt=\"475862707_1097622008829801_7919373909792790140_n\" title=\"- -\"><\/figure><\/a><\/div><div class=\"swiper-slide\" role=\"group\" aria-roledescription=\"slide\" aria-label=\"8 von 11\"><a data-elementor-open-lightbox=\"yes\" data-elementor-lightbox-slideshow=\"be313b6\" data-elementor-lightbox-title=\"Tylstrup Kro 2022-35\" data-e-action-hash=\"#elementor-action%3Aaction%3Dlightbox%26settings%3DeyJpZCI6MTAxNCwidXJsIjoiaHR0cHM6XC9cL3R5bHN0cnVwLWtyby5ka1wvd3AtY29udGVudFwvdXBsb2Fkc1wvMjAyNVwvMDNcL1R5bHN0cnVwLUtyby0yMDIyLTM1LXNjYWxlZC5qcGciLCJzbGlkZXNob3ciOiJiZTMxM2I2In0%3D\" href=\"https:\/\/tylstrup-kro.dk\/wp-content\/uploads\/2025\/03\/Tylstrup-Kro-2022-35-scaled.jpg\"><figure class=\"swiper-slide-inner\"><img decoding=\"async\" class=\"swiper-slide-image\" src=\"https:\/\/tylstrup-kro.dk\/wp-content\/uploads\/2025\/03\/Tylstrup-Kro-2022-35-scaled.jpg\" alt=\"Tylstrup Kro 2022-35\" title=\"- -\"><\/figure><\/a><\/div><div class=\"swiper-slide\" role=\"group\" aria-roledescription=\"slide\" aria-label=\"9 von 11\"><a data-elementor-open-lightbox=\"yes\" data-elementor-lightbox-slideshow=\"be313b6\" data-elementor-lightbox-title=\"356826264_740636057861733_831182691886880717_n\" data-e-action-hash=\"#elementor-action%3Aaction%3Dlightbox%26settings%3DeyJpZCI6MTAwMSwidXJsIjoiaHR0cHM6XC9cL3R5bHN0cnVwLWtyby5ka1wvd3AtY29udGVudFwvdXBsb2Fkc1wvMjAyNVwvMDNcLzM1NjgyNjI2NF83NDA2MzYwNTc4NjE3MzNfODMxMTgyNjkxODg2ODgwNzE3X24uanBnIiwic2xpZGVzaG93IjoiYmUzMTNiNiJ9\" href=\"https:\/\/tylstrup-kro.dk\/wp-content\/uploads\/2025\/03\/356826264_740636057861733_831182691886880717_n.jpg\"><figure class=\"swiper-slide-inner\"><img decoding=\"async\" class=\"swiper-slide-image\" src=\"https:\/\/tylstrup-kro.dk\/wp-content\/uploads\/2025\/03\/356826264_740636057861733_831182691886880717_n.jpg\" alt=\"356826264_740636057861733_831182691886880717_n\" title=\"- -\"><\/figure><\/a><\/div><div class=\"swiper-slide\" role=\"group\" aria-roledescription=\"slide\" aria-label=\"10 von 11\"><a data-elementor-open-lightbox=\"yes\" data-elementor-lightbox-slideshow=\"be313b6\" data-elementor-lightbox-title=\"466102070_1038206898104646_8675675616517918135_n\" data-e-action-hash=\"#elementor-action%3Aaction%3Dlightbox%26settings%3DeyJpZCI6OTc4LCJ1cmwiOiJodHRwczpcL1wvdHlsc3RydXAta3JvLmRrXC93cC1jb250ZW50XC91cGxvYWRzXC8yMDI1XC8wM1wvNDY2MTAyMDcwXzEwMzgyMDY4OTgxMDQ2NDZfODY3NTY3NTYxNjUxNzkxODEzNV9uLmpwZyIsInNsaWRlc2hvdyI6ImJlMzEzYjYifQ%3D%3D\" href=\"https:\/\/tylstrup-kro.dk\/wp-content\/uploads\/2025\/03\/466102070_1038206898104646_8675675616517918135_n.jpg\"><figure class=\"swiper-slide-inner\"><img decoding=\"async\" class=\"swiper-slide-image\" src=\"https:\/\/tylstrup-kro.dk\/wp-content\/uploads\/2025\/03\/466102070_1038206898104646_8675675616517918135_n.jpg\" alt=\"466102070_1038206898104646_8675675616517918135_n\" title=\"- -\"><\/figure><\/a><\/div><div class=\"swiper-slide\" role=\"group\" aria-roledescription=\"slide\" aria-label=\"11 von 11\"><a data-elementor-open-lightbox=\"yes\" data-elementor-lightbox-slideshow=\"be313b6\" data-elementor-lightbox-title=\"358637289_745293457395993_4211861647439236121_n\" data-e-action-hash=\"#elementor-action%3Aaction%3Dlightbox%26settings%3DeyJpZCI6OTM2LCJ1cmwiOiJodHRwczpcL1wvdHlsc3RydXAta3JvLmRrXC93cC1jb250ZW50XC91cGxvYWRzXC8yMDI1XC8wM1wvMzU4NjM3Mjg5Xzc0NTI5MzQ1NzM5NTk5M180MjExODYxNjQ3NDM5MjM2MTIxX24uanBnIiwic2xpZGVzaG93IjoiYmUzMTNiNiJ9\" href=\"https:\/\/tylstrup-kro.dk\/wp-content\/uploads\/2025\/03\/358637289_745293457395993_4211861647439236121_n.jpg\"><figure class=\"swiper-slide-inner\"><img decoding=\"async\" class=\"swiper-slide-image\" src=\"https:\/\/tylstrup-kro.dk\/wp-content\/uploads\/2025\/03\/358637289_745293457395993_4211861647439236121_n.jpg\" alt=\"358637289_745293457395993_4211861647439236121_n\" title=\"- -\"><\/figure><\/a><\/div>\t\t\t<\/div>\n\t\t\t\t\t\t\t\n\t\t\t\t\t\t\t\t\t<\/div>\n\t\t\t\t\t\t<\/div>\n\t\t\t\t<\/div>\n\t\t\t\t<\/div>\n\t\t\t\t<\/div>\n\t\t\t\t<\/div>","protected":false},"excerpt":{"rendered":"<p>Barned\u00e5b p\u00e5 Tylstrup Kro Tylstrup Kro er et popul\u00e6rt samlingspunkt for familier i alle st\u00f8rrelser, hvor vi ogs\u00e5 gerne hj\u00e6lper med maden og lokalerne til jeres barned\u00e5b. I kan b\u00e5de holde den p\u00e5 kroen eller bestille maden til at tage med hjem. Barned\u00e5bsmenuen Velkomst: Bananer i pyjamas\/abrikos maskotten Forret: Lille stjerneskud Hovedret: Svinekam med \u00e5rstidens [&hellip;]<\/p>\n","protected":false},"author":1,"featured_media":0,"parent":0,"menu_order":0,"comment_status":"closed","ping_status":"closed","template":"elementor_header_footer","meta":{"footnotes":""},"class_list":["post-1161","page","type-page","status-publish","hentry"],"_links":{"self":[{"href":"https:\/\/tylstrup-kro.dk\/de\/wp-json\/wp\/v2\/pages\/1161","targetHints":{"allow":["GET"]}}],"collection":[{"href":"https:\/\/tylstrup-kro.dk\/de\/wp-json\/wp\/v2\/pages"}],"about":[{"href":"https:\/\/tylstrup-kro.dk\/de\/wp-json\/wp\/v2\/types\/page"}],"author":[{"embeddable":true,"href":"https:\/\/tylstrup-kro.dk\/de\/wp-json\/wp\/v2\/users\/1"}],"replies":[{"embeddable":true,"href":"https:\/\/tylstrup-kro.dk\/de\/wp-json\/wp\/v2\/comments?post=1161"}],"version-history":[{"count":40,"href":"https:\/\/tylstrup-kro.dk\/de\/wp-json\/wp\/v2\/pages\/1161\/revisions"}],"predecessor-version":[{"id":1728,"href":"https:\/\/tylstrup-kro.dk\/de\/wp-json\/wp\/v2\/pages\/1161\/revisions\/1728"}],"wp:attachment":[{"href":"https:\/\/tylstrup-kro.dk\/de\/wp-json\/wp\/v2\/media?parent=1161"}],"curies":[{"name":"wp","href":"https:\/\/api.w.org\/{rel}","templated":true}]}}