{"id":1115,"date":"2025-03-07T11:16:56","date_gmt":"2025-03-07T10:16:56","guid":{"rendered":"https:\/\/tylstrup-kro.dk\/?page_id=1115"},"modified":"2025-04-11T11:50:18","modified_gmt":"2025-04-11T10:50:18","slug":"mad-ud-af-huset","status":"publish","type":"page","link":"https:\/\/tylstrup-kro.dk\/de\/mad-ud-af-huset\/","title":{"rendered":"Lebensmittel aus dem Haus"},"content":{"rendered":"<div data-elementor-type=\"wp-page\" data-elementor-id=\"1115\" class=\"elementor elementor-1115\" data-elementor-post-type=\"page\">\n\t\t\t\t<div class=\"elementor-element elementor-element-0cb4c37 e-flex e-con-boxed e-con e-parent\" data-id=\"0cb4c37\" data-element_type=\"container\" data-e-type=\"container\" data-settings=\"{&quot;background_background&quot;:&quot;classic&quot;,&quot;shape_divider_bottom&quot;:&quot;waves&quot;}\">\n\t\t\t\t\t<div class=\"e-con-inner\">\n\t\t\t\t<div class=\"elementor-shape elementor-shape-bottom\" aria-hidden=\"true\" data-negative=\"false\">\n\t\t\t<svg xmlns=\"http:\/\/www.w3.org\/2000\/svg\" viewbox=\"0 0 1000 100\" preserveaspectratio=\"none\">\n\t<path class=\"elementor-shape-fill\" d=\"M421.9,6.5c22.6-2.5,51.5,0.4,75.5,5.3c23.6,4.9,70.9,23.5,100.5,35.7c75.8,32.2,133.7,44.5,192.6,49.7\tc23.6,2.1,48.7,3.5,103.4-2.5c54.7-6,106.2-25.6,106.2-25.6V0H0v30.3c0,0,72,32.6,158.4,30.5c39.2-0.7,92.8-6.7,134-22.4\tc21.2-8.1,52.2-18.2,79.7-24.2C399.3,7.9,411.6,7.5,421.9,6.5z\"\/>\n<\/svg>\t\t<\/div>\n\t\t<div class=\"elementor-element elementor-element-2681520 e-con-full e-flex e-con e-child\" data-id=\"2681520\" data-element_type=\"container\" data-e-type=\"container\">\n\t\t\t\t<\/div>\n\t\t\t\t\t<\/div>\n\t\t\t\t<\/div>\n\t\t<div class=\"elementor-element elementor-element-32fb7d0 e-flex e-con-boxed e-con e-parent\" data-id=\"32fb7d0\" data-element_type=\"container\" data-e-type=\"container\" data-settings=\"{&quot;shape_divider_bottom&quot;:&quot;waves&quot;}\">\n\t\t\t\t\t<div class=\"e-con-inner\">\n\t\t\t\t<div class=\"elementor-shape elementor-shape-bottom\" aria-hidden=\"true\" data-negative=\"false\">\n\t\t\t<svg xmlns=\"http:\/\/www.w3.org\/2000\/svg\" viewbox=\"0 0 1000 100\" preserveaspectratio=\"none\">\n\t<path class=\"elementor-shape-fill\" d=\"M421.9,6.5c22.6-2.5,51.5,0.4,75.5,5.3c23.6,4.9,70.9,23.5,100.5,35.7c75.8,32.2,133.7,44.5,192.6,49.7\tc23.6,2.1,48.7,3.5,103.4-2.5c54.7-6,106.2-25.6,106.2-25.6V0H0v30.3c0,0,72,32.6,158.4,30.5c39.2-0.7,92.8-6.7,134-22.4\tc21.2-8.1,52.2-18.2,79.7-24.2C399.3,7.9,411.6,7.5,421.9,6.5z\"\/>\n<\/svg>\t\t<\/div>\n\t\t<div class=\"elementor-element elementor-element-927b88b e-con-full e-flex e-con e-child\" data-id=\"927b88b\" data-element_type=\"container\" data-e-type=\"container\">\n\t\t<div class=\"elementor-element elementor-element-8402d24 e-con-full e-flex e-con e-child\" data-id=\"8402d24\" data-element_type=\"container\" data-e-type=\"container\">\n\t\t<div class=\"elementor-element elementor-element-ff246bd e-con-full e-flex e-con e-child\" data-id=\"ff246bd\" data-element_type=\"container\" data-e-type=\"container\">\n\t\t\t\t<div class=\"elementor-element elementor-element-e941492 elementor-widget elementor-widget-heading\" data-id=\"e941492\" data-element_type=\"widget\" data-e-type=\"widget\" data-widget_type=\"heading.default\">\n\t\t\t\t<div class=\"elementor-widget-container\">\n\t\t\t\t\t<h2 class=\"elementor-heading-title elementor-size-default\">Lebensmittel aus dem Haus<\/h2>\t\t\t\t<\/div>\n\t\t\t\t<\/div>\n\t\t\t\t<div class=\"elementor-element elementor-element-4afea5f elementor-widget elementor-widget-text-editor\" data-id=\"4afea5f\" data-element_type=\"widget\" data-e-type=\"widget\" data-widget_type=\"text-editor.default\">\n\t\t\t\t<div class=\"elementor-widget-container\">\n\t\t\t\t\t\t\t\t\t<h3>Jeden Tag in der Woche<\/h3><p>Siehe Preise zum Mitnehmen und Tagesgerichte<\/p><div class=\"column step-3-12\"><div id=\"site-container-16579\" class=\"Container ModuleElement Textarea AutoResizable con-120\" data-snap=\"1\" data-containertype=\"Textarea\" data-moduleelement=\"6143\"><div class=\"Module-6143 Textarea\"><h3>Wir bieten auch an.<\/h3><\/div><\/div><\/div><div class=\"column step-3-12\"><div id=\"site-container-16578\" class=\"Container ModuleElement Textarea AutoResizable con-140\" data-snap=\"1\" data-containertype=\"Textarea\" data-moduleelement=\"6144\"><div class=\"Module-6144 Textarea\"><p>Mindestens 15 Belege.<\/p><p>Die Preise verstehen sich pro Person und wir liefern (im Umkreis von 25 km) kostenlos f\u00fcr mindestens 20 Bez\u00fcge, einschlie\u00dflich des Preises von DKK 200,-.<br \/>Denken Sie daran, dass diese Men\u00fcs nur Vorschl\u00e4ge sind - wir stellen sie so zusammen, wie Sie es w\u00fcnschen, und legen den Preis nach Ihren W\u00fcnschen fest! Rufen Sie uns an f\u00fcr mehr Informationen <a href=\"tel:98261566\">+45 98 26 15 66<\/a><\/p><\/div><\/div><\/div>\t\t\t\t\t\t\t\t<\/div>\n\t\t\t\t<\/div>\n\t\t\t\t<div class=\"elementor-element elementor-element-5e9f19e elementor-widget elementor-widget-template\" data-id=\"5e9f19e\" data-element_type=\"widget\" data-e-type=\"widget\" data-widget_type=\"template.default\">\n\t\t\t\t<div class=\"elementor-widget-container\">\n\t\t\t\t\t\t\t<div class=\"elementor-template\">\n\t\t\t\t\t<div data-elementor-type=\"container\" data-elementor-id=\"1078\" class=\"elementor elementor-1078\" data-elementor-post-type=\"elementor_library\">\n\t\t\t\t<div class=\"elementor-element elementor-element-6d58afe0 e-con-full e-flex e-con e-child\" data-id=\"6d58afe0\" data-element_type=\"container\" data-e-type=\"container\">\n\t\t\t\t<div class=\"elementor-element elementor-element-875a334 elementor-align-left elementor-tablet-align-left elementor-widget elementor-widget-button\" data-id=\"875a334\" data-element_type=\"widget\" data-e-type=\"widget\" data-widget_type=\"button.default\">\n\t\t\t\t<div class=\"elementor-widget-container\">\n\t\t\t\t\t\t\t\t\t<div class=\"elementor-button-wrapper\">\n\t\t\t\t\t<a class=\"elementor-button elementor-button-link elementor-size-md elementor-animation-shrink\" href=\"https:\/\/tylstrup-kro.dk\/de\/kontakt\/\">\n\t\t\t\t\t\t<span class=\"elementor-button-content-wrapper\">\n\t\t\t\t\t\t\t\t\t<span class=\"elementor-button-text\">Kontakt<\/span>\n\t\t\t\t\t<\/span>\n\t\t\t\t\t<\/a>\n\t\t\t\t<\/div>\n\t\t\t\t\t\t\t\t<\/div>\n\t\t\t\t<\/div>\n\t\t\t\t<\/div>\n\t\t\t\t<\/div>\n\t\t\t\t<\/div>\n\t\t\t\t\t\t<\/div>\n\t\t\t\t<\/div>\n\t\t\t\t<\/div>\n\t\t<div class=\"elementor-element elementor-element-9d2ba8f e-con-full e-flex e-con e-child\" data-id=\"9d2ba8f\" data-element_type=\"container\" data-e-type=\"container\">\n\t\t\t\t<\/div>\n\t\t\t\t<\/div>\n\t\t<div class=\"elementor-element elementor-element-91ed4ba e-con-full e-flex e-con e-child\" data-id=\"91ed4ba\" data-element_type=\"container\" data-e-type=\"container\">\n\t\t<div class=\"elementor-element elementor-element-f3ab856 e-grid e-con-full e-con e-child\" data-id=\"f3ab856\" data-element_type=\"container\" data-e-type=\"container\">\n\t\t<div class=\"elementor-element elementor-element-1b7b582 e-con-full e-flex e-con e-child\" data-id=\"1b7b582\" data-element_type=\"container\" data-e-type=\"container\">\n\t\t\t\t<div class=\"elementor-element elementor-element-69a891c elementor-widget elementor-widget-heading\" data-id=\"69a891c\" data-element_type=\"widget\" data-e-type=\"widget\" data-widget_type=\"heading.default\">\n\t\t\t\t<div class=\"elementor-widget-container\">\n\t\t\t\t\t<h4 class=\"elementor-heading-title elementor-size-default\">Buffet 1<\/h4>\t\t\t\t<\/div>\n\t\t\t\t<\/div>\n\t\t\t\t<div class=\"elementor-element elementor-element-6fd1be3 elementor-widget elementor-widget-text-editor\" data-id=\"6fd1be3\" data-element_type=\"widget\" data-e-type=\"widget\" data-widget_type=\"text-editor.default\">\n\t\t\t\t<div class=\"elementor-widget-container\">\n\t\t\t\t\t\t\t\t\t<p><strong>Croissants mit H\u00e4hnchen und Thunfischsalat<\/strong><\/p><p><strong>T\u00f6rtchen mit H\u00e4hnchen in Spargel<\/strong><\/p><p><strong>Warme Fleischb\u00e4llchen mit Kartoffelsalat<\/strong><\/p><p><strong>Warmes Kalbsfilet &amp; glasierter Schinken<\/strong><\/p><p><strong>Gebratene Kartoffeln &amp; 1 gemischter Salat<\/strong><\/p><p><strong>K\u00e4seplatte mit Obst, Kn\u00e4ckebrot und hausgemachtem K\u00e4se<\/strong><\/p><p><strong>Brot und Butter<\/strong><\/p>\t\t\t\t\t\t\t\t<\/div>\n\t\t\t\t<\/div>\n\t\t\t\t<div class=\"elementor-element elementor-element-3808647 elementor-widget elementor-widget-heading\" data-id=\"3808647\" data-element_type=\"widget\" data-e-type=\"widget\" data-widget_type=\"heading.default\">\n\t\t\t\t<div class=\"elementor-widget-container\">\n\t\t\t\t\t<h4 class=\"elementor-heading-title elementor-size-default\">Preis pro Person DKK 385,- Im Haus 425,- pro Person<\/h4>\t\t\t\t<\/div>\n\t\t\t\t<\/div>\n\t\t\t\t<\/div>\n\t\t<div class=\"elementor-element elementor-element-4235922 e-con-full e-flex e-con e-child\" data-id=\"4235922\" data-element_type=\"container\" data-e-type=\"container\">\n\t\t\t\t<div class=\"elementor-element elementor-element-4a64046 elementor-widget elementor-widget-heading\" data-id=\"4a64046\" data-element_type=\"widget\" data-e-type=\"widget\" data-widget_type=\"heading.default\">\n\t\t\t\t<div class=\"elementor-widget-container\">\n\t\t\t\t\t<h4 class=\"elementor-heading-title elementor-size-default\">Buffet 2<\/h4>\t\t\t\t<\/div>\n\t\t\t\t<\/div>\n\t\t\t\t<div class=\"elementor-element elementor-element-0ab9a20 elementor-widget elementor-widget-text-editor\" data-id=\"0ab9a20\" data-element_type=\"widget\" data-e-type=\"widget\" data-widget_type=\"text-editor.default\">\n\t\t\t\t<div class=\"elementor-widget-container\">\n\t\t\t\t\t\t\t\t\t<p><strong>Ger\u00e4ucherter Lachs mit Krabben, marinierten Kr\u00e4utern und Kr\u00e4uterdressing<\/strong><\/p><p><strong>Ger\u00e4uchertes Schweinefilet mit eingelegten roten Zwiebeln, Estragonmayo und Meerrettichcreme<\/strong><\/p><p><strong>Rotwild-Club\u00a0<\/strong><\/p><p><strong>Gebratenes Kalbsfilet<\/strong><\/p><p><strong>Pikante H\u00fchnerbrust<\/strong><\/p><p><strong>Zwei Arten von So\u00dfen<\/strong><\/p><p><strong>Zwei Arten von Salaten und zwei Arten von Kartoffeln<\/strong><\/p><p><strong>Brot und Butter<\/strong><\/p><p><strong>K\u00e4seteller mit Obst und Kn\u00e4ckebrot<\/strong><\/p><p><strong>Schokoladenkuchen mit Beerensauce und Fr\u00fcchten<\/strong><\/p>\t\t\t\t\t\t\t\t<\/div>\n\t\t\t\t<\/div>\n\t\t\t\t<div class=\"elementor-element elementor-element-e3508f4 elementor-widget elementor-widget-heading\" data-id=\"e3508f4\" data-element_type=\"widget\" data-e-type=\"widget\" data-widget_type=\"heading.default\">\n\t\t\t\t<div class=\"elementor-widget-container\">\n\t\t\t\t\t<h4 class=\"elementor-heading-title elementor-size-default\">Preis pro Person DKK 455,- Im Haus 495,- pro Person<\/h4>\t\t\t\t<\/div>\n\t\t\t\t<\/div>\n\t\t\t\t<\/div>\n\t\t<div class=\"elementor-element elementor-element-91ec92f e-con-full e-flex e-con e-child\" data-id=\"91ec92f\" data-element_type=\"container\" data-e-type=\"container\">\n\t\t\t\t<div class=\"elementor-element elementor-element-8c4ec7f elementor-widget elementor-widget-heading\" data-id=\"8c4ec7f\" data-element_type=\"widget\" data-e-type=\"widget\" data-widget_type=\"heading.default\">\n\t\t\t\t<div class=\"elementor-widget-container\">\n\t\t\t\t\t<h4 class=\"elementor-heading-title elementor-size-default\">Partei 1<\/h4>\t\t\t\t<\/div>\n\t\t\t\t<\/div>\n\t\t\t\t<div class=\"elementor-element elementor-element-4085d4b elementor-widget elementor-widget-text-editor\" data-id=\"4085d4b\" data-element_type=\"widget\" data-e-type=\"widget\" data-widget_type=\"text-editor.default\">\n\t\t\t\t<div class=\"elementor-widget-container\">\n\t\t\t\t\t\t\t\t\t<p><strong>Krabbencocktail mit Dressing und Fl\u00f6ten<\/strong><\/p><p><strong>Westf\u00e4lischer Schinken mit Melone &amp; Fl\u00f6ten<\/strong><\/p><p><strong>\u200b<\/strong><\/p><p><strong>Kalbsbraten wie Wild mit Waldorff &amp; Preiselbeeren<\/strong><\/p><p><strong>Gl. Dohlen-Schweinebraten mit Sauer- und Rotkohl<\/strong><\/p><p><strong>\u200b<\/strong><\/p><p><strong>Apfelkuchen mit Schlagsahne<\/strong><\/p><p><strong>Zitronen-K\u00e4sekuchen<\/strong><\/p>\t\t\t\t\t\t\t\t<\/div>\n\t\t\t\t<\/div>\n\t\t\t\t<div class=\"elementor-element elementor-element-62d0af5 elementor-widget elementor-widget-heading\" data-id=\"62d0af5\" data-element_type=\"widget\" data-e-type=\"widget\" data-widget_type=\"heading.default\">\n\t\t\t\t<div class=\"elementor-widget-container\">\n\t\t\t\t\t<h4 class=\"elementor-heading-title elementor-size-default\">1 Hauptgericht DKK 185,- <br>\n2 Kurse kr. 255,- <br>\n3 Kurse kr. 285,- <br>\nHausintern +15,- pro Umschlag<\/h4>\t\t\t\t<\/div>\n\t\t\t\t<\/div>\n\t\t\t\t<\/div>\n\t\t<div class=\"elementor-element elementor-element-6b10c2f e-con-full e-flex e-con e-child\" data-id=\"6b10c2f\" data-element_type=\"container\" data-e-type=\"container\">\n\t\t\t\t<div class=\"elementor-element elementor-element-f15b5b1 elementor-widget elementor-widget-heading\" data-id=\"f15b5b1\" data-element_type=\"widget\" data-e-type=\"widget\" data-widget_type=\"heading.default\">\n\t\t\t\t<div class=\"elementor-widget-container\">\n\t\t\t\t\t<h4 class=\"elementor-heading-title elementor-size-default\">Partei 2<\/h4>\t\t\t\t<\/div>\n\t\t\t\t<\/div>\n\t\t\t\t<div class=\"elementor-element elementor-element-b03e905 elementor-widget elementor-widget-text-editor\" data-id=\"b03e905\" data-element_type=\"widget\" data-e-type=\"widget\" data-widget_type=\"text-editor.default\">\n\t\t\t\t<div class=\"elementor-widget-container\">\n\t\t\t\t\t\t\t\t\t<p><strong>Kalte Fischsinfonie mit marinierten Kr\u00e4utern und Kr\u00e4uterdressing<\/strong><\/p><p><strong>Ger\u00e4uchertes Schweinefilet auf knackigen Salaten, eingelegten roten Zwiebeln und Pesto<\/strong><\/p><p><strong>\u200b<\/strong><\/p><p><strong>Kalbslende mit Gem\u00fcse der Saison, Pommes risolle\u00e9s &amp; <\/strong><strong>Rotweinsauce<\/strong><\/p><p><strong>Rotwildkeule mit Gem\u00fcse der Saison, Kr\u00e4uterkartoffeln und Wildsauce<\/strong><\/p><p><strong>\u200b<\/strong><\/p><p><strong>Makronenkuchen mit Passionsfruchtgel und wei\u00dfer Schokolade<\/strong><\/p><p><strong>Schokoladenkuchen mit Beerensauce und frischem Obst<\/strong><\/p>\t\t\t\t\t\t\t\t<\/div>\n\t\t\t\t<\/div>\n\t\t\t\t<div class=\"elementor-element elementor-element-37037fe elementor-widget elementor-widget-heading\" data-id=\"37037fe\" data-element_type=\"widget\" data-e-type=\"widget\" data-widget_type=\"heading.default\">\n\t\t\t\t<div class=\"elementor-widget-container\">\n\t\t\t\t\t<h4 class=\"elementor-heading-title elementor-size-default\">1 Hauptgericht DKK 265,- <br>\n2 Kurse kr. 310,- <br>\n3 Kurse kr. 365,- <br>\nHausintern + 15,- pro Umschlag<\/h4>\t\t\t\t<\/div>\n\t\t\t\t<\/div>\n\t\t\t\t<\/div>\n\t\t\t\t<\/div>\n\t\t\t\t<\/div>\n\t\t\t\t<\/div>\n\t\t\t\t\t<\/div>\n\t\t\t\t<\/div>\n\t\t\t\t<\/div>","protected":false},"excerpt":{"rendered":"<p>Mad ud af huset Alle ugens dage Se priser p\u00e5 take away og dagens ret Vi tilbyder ogs\u00e5:\u200b Min. 15 couverter\u200b. Priserne er pr. person og vi leverer ( i en radius af 25 km) gratis ved min. 20 couverter, herunder er prisen kr. 200,-\u200bHusk, disse menuer er kun forslag &#8211; vi laver det som [&hellip;]<\/p>\n","protected":false},"author":1,"featured_media":0,"parent":0,"menu_order":0,"comment_status":"closed","ping_status":"closed","template":"elementor_header_footer","meta":{"footnotes":""},"class_list":["post-1115","page","type-page","status-publish","hentry"],"_links":{"self":[{"href":"https:\/\/tylstrup-kro.dk\/de\/wp-json\/wp\/v2\/pages\/1115","targetHints":{"allow":["GET"]}}],"collection":[{"href":"https:\/\/tylstrup-kro.dk\/de\/wp-json\/wp\/v2\/pages"}],"about":[{"href":"https:\/\/tylstrup-kro.dk\/de\/wp-json\/wp\/v2\/types\/page"}],"author":[{"embeddable":true,"href":"https:\/\/tylstrup-kro.dk\/de\/wp-json\/wp\/v2\/users\/1"}],"replies":[{"embeddable":true,"href":"https:\/\/tylstrup-kro.dk\/de\/wp-json\/wp\/v2\/comments?post=1115"}],"version-history":[{"count":34,"href":"https:\/\/tylstrup-kro.dk\/de\/wp-json\/wp\/v2\/pages\/1115\/revisions"}],"predecessor-version":[{"id":1807,"href":"https:\/\/tylstrup-kro.dk\/de\/wp-json\/wp\/v2\/pages\/1115\/revisions\/1807"}],"wp:attachment":[{"href":"https:\/\/tylstrup-kro.dk\/de\/wp-json\/wp\/v2\/media?parent=1115"}],"curies":[{"name":"wp","href":"https:\/\/api.w.org\/{rel}","templated":true}]}}