{"id":1099,"date":"2025-03-07T10:54:12","date_gmt":"2025-03-07T09:54:12","guid":{"rendered":"https:\/\/tylstrup-kro.dk\/?page_id=1099"},"modified":"2025-04-11T11:10:35","modified_gmt":"2025-04-11T10:10:35","slug":"konfirmation","status":"publish","type":"page","link":"https:\/\/tylstrup-kro.dk\/de\/konfirmation\/","title":{"rendered":"Konfirmation"},"content":{"rendered":"<div data-elementor-type=\"wp-page\" data-elementor-id=\"1099\" class=\"elementor elementor-1099\" data-elementor-post-type=\"page\">\n\t\t\t\t<div class=\"elementor-element elementor-element-65061f2 e-flex e-con-boxed e-con e-parent\" data-id=\"65061f2\" data-element_type=\"container\" data-e-type=\"container\" data-settings=\"{&quot;background_background&quot;:&quot;classic&quot;,&quot;shape_divider_bottom&quot;:&quot;waves&quot;}\">\n\t\t\t\t\t<div class=\"e-con-inner\">\n\t\t\t\t<div class=\"elementor-shape elementor-shape-bottom\" aria-hidden=\"true\" data-negative=\"false\">\n\t\t\t<svg xmlns=\"http:\/\/www.w3.org\/2000\/svg\" viewbox=\"0 0 1000 100\" preserveaspectratio=\"none\">\n\t<path class=\"elementor-shape-fill\" d=\"M421.9,6.5c22.6-2.5,51.5,0.4,75.5,5.3c23.6,4.9,70.9,23.5,100.5,35.7c75.8,32.2,133.7,44.5,192.6,49.7\tc23.6,2.1,48.7,3.5,103.4-2.5c54.7-6,106.2-25.6,106.2-25.6V0H0v30.3c0,0,72,32.6,158.4,30.5c39.2-0.7,92.8-6.7,134-22.4\tc21.2-8.1,52.2-18.2,79.7-24.2C399.3,7.9,411.6,7.5,421.9,6.5z\"\/>\n<\/svg>\t\t<\/div>\n\t\t<div class=\"elementor-element elementor-element-87405e7 e-con-full e-flex e-con e-child\" data-id=\"87405e7\" data-element_type=\"container\" data-e-type=\"container\">\n\t\t\t\t<\/div>\n\t\t\t\t\t<\/div>\n\t\t\t\t<\/div>\n\t\t<div class=\"elementor-element elementor-element-32fb7d0 e-flex e-con-boxed e-con e-parent\" data-id=\"32fb7d0\" data-element_type=\"container\" data-e-type=\"container\" data-settings=\"{&quot;shape_divider_bottom&quot;:&quot;waves&quot;}\">\n\t\t\t\t\t<div class=\"e-con-inner\">\n\t\t\t\t<div class=\"elementor-shape elementor-shape-bottom\" aria-hidden=\"true\" data-negative=\"false\">\n\t\t\t<svg xmlns=\"http:\/\/www.w3.org\/2000\/svg\" viewbox=\"0 0 1000 100\" preserveaspectratio=\"none\">\n\t<path class=\"elementor-shape-fill\" d=\"M421.9,6.5c22.6-2.5,51.5,0.4,75.5,5.3c23.6,4.9,70.9,23.5,100.5,35.7c75.8,32.2,133.7,44.5,192.6,49.7\tc23.6,2.1,48.7,3.5,103.4-2.5c54.7-6,106.2-25.6,106.2-25.6V0H0v30.3c0,0,72,32.6,158.4,30.5c39.2-0.7,92.8-6.7,134-22.4\tc21.2-8.1,52.2-18.2,79.7-24.2C399.3,7.9,411.6,7.5,421.9,6.5z\"\/>\n<\/svg>\t\t<\/div>\n\t\t<div class=\"elementor-element elementor-element-927b88b e-con-full e-flex e-con e-child\" data-id=\"927b88b\" data-element_type=\"container\" data-e-type=\"container\">\n\t\t<div class=\"elementor-element elementor-element-8402d24 e-con-full e-flex e-con e-child\" data-id=\"8402d24\" data-element_type=\"container\" data-e-type=\"container\">\n\t\t<div class=\"elementor-element elementor-element-ff246bd e-con-full e-flex e-con e-child\" data-id=\"ff246bd\" data-element_type=\"container\" data-e-type=\"container\">\n\t\t\t\t<div class=\"elementor-element elementor-element-e941492 elementor-widget elementor-widget-heading\" data-id=\"e941492\" data-element_type=\"widget\" data-e-type=\"widget\" data-widget_type=\"heading.default\">\n\t\t\t\t<div class=\"elementor-widget-container\">\n\t\t\t\t\t<h2 class=\"elementor-heading-title elementor-size-default\">Konfirmation in Tylstrup Kro<\/h2>\t\t\t\t<\/div>\n\t\t\t\t<\/div>\n\t\t\t\t<\/div>\n\t\t\t\t<\/div>\n\t\t<div class=\"elementor-element elementor-element-91ed4ba e-con-full e-flex e-con e-child\" data-id=\"91ed4ba\" data-element_type=\"container\" data-e-type=\"container\">\n\t\t<div class=\"elementor-element elementor-element-c916ff1 e-grid e-con-full e-con e-child\" data-id=\"c916ff1\" data-element_type=\"container\" data-e-type=\"container\">\n\t\t<div class=\"elementor-element elementor-element-607b952 e-con-full e-flex e-con e-child\" data-id=\"607b952\" data-element_type=\"container\" data-e-type=\"container\">\n\t\t\t\t<div class=\"elementor-element elementor-element-4412ddd elementor-widget elementor-widget-heading\" data-id=\"4412ddd\" data-element_type=\"widget\" data-e-type=\"widget\" data-widget_type=\"heading.default\">\n\t\t\t\t<div class=\"elementor-widget-container\">\n\t\t\t\t\t<h4 class=\"elementor-heading-title elementor-size-default\">Men\u00fcs zur Best\u00e4tigung<\/h4>\t\t\t\t<\/div>\n\t\t\t\t<\/div>\n\t\t\t\t<div class=\"elementor-element elementor-element-83bca94 elementor-widget elementor-widget-text-editor\" data-id=\"83bca94\" data-element_type=\"widget\" data-e-type=\"widget\" data-widget_type=\"text-editor.default\">\n\t\t\t\t<div class=\"elementor-widget-container\">\n\t\t\t\t\t\t\t\t\t<p><strong>Asti<\/strong><\/p><p><strong>Thunfischmousse mit Krabben und Zitrone<\/strong><\/p><p><strong>Kalbsfilet mit Gem\u00fcse der Saison, Pommes rissoll\u00e9es und Pilzsauce<\/strong><\/p><p><strong>Pfannkuchen mit Eiscreme<\/strong><\/p><p><strong>Kaffee\/Tee &amp; Kekse<\/strong><\/p><p><strong>Hotdogs oder Pizza<\/strong><\/p>\t\t\t\t\t\t\t\t<\/div>\n\t\t\t\t<\/div>\n\t\t\t\t<div class=\"elementor-element elementor-element-d8ba4a3 elementor-widget elementor-widget-heading\" data-id=\"d8ba4a3\" data-element_type=\"widget\" data-e-type=\"widget\" data-widget_type=\"heading.default\">\n\t\t\t\t<div class=\"elementor-widget-container\">\n\t\t\t\t\t<h4 class=\"elementor-heading-title elementor-size-default\">Preis pro Person DKK 490,-<\/h4>\t\t\t\t<\/div>\n\t\t\t\t<\/div>\n\t\t\t\t<div class=\"elementor-element elementor-element-62bc587 elementor-widget elementor-widget-heading\" data-id=\"62bc587\" data-element_type=\"widget\" data-e-type=\"widget\" data-widget_type=\"heading.default\">\n\t\t\t\t<div class=\"elementor-widget-container\">\n\t\t\t\t\t<h5 class=\"elementor-heading-title elementor-size-default\">ohne Getr\u00e4nke.<br> inkl. Bier, Wasser und Wein DKK 670,-\n<\/h5>\t\t\t\t<\/div>\n\t\t\t\t<\/div>\n\t\t\t\t<div class=\"elementor-element elementor-element-5797451 elementor-widget elementor-widget-heading\" data-id=\"5797451\" data-element_type=\"widget\" data-e-type=\"widget\" data-widget_type=\"heading.default\">\n\t\t\t\t<div class=\"elementor-widget-container\">\n\t\t\t\t\t<h5 class=\"elementor-heading-title elementor-size-default\">(7-Stunden-Regelung)<\/h5>\t\t\t\t<\/div>\n\t\t\t\t<\/div>\n\t\t\t\t<\/div>\n\t\t<div class=\"elementor-element elementor-element-b96d1a0 e-con-full e-flex e-con e-child\" data-id=\"b96d1a0\" data-element_type=\"container\" data-e-type=\"container\">\n\t\t\t\t<div class=\"elementor-element elementor-element-3c36e3c elementor-widget elementor-widget-heading\" data-id=\"3c36e3c\" data-element_type=\"widget\" data-e-type=\"widget\" data-widget_type=\"heading.default\">\n\t\t\t\t<div class=\"elementor-widget-container\">\n\t\t\t\t\t<h4 class=\"elementor-heading-title elementor-size-default\">Konfirmationsbuffet<\/h4>\t\t\t\t<\/div>\n\t\t\t\t<\/div>\n\t\t\t\t<div class=\"elementor-element elementor-element-e335a4c elementor-widget elementor-widget-text-editor\" data-id=\"e335a4c\" data-element_type=\"widget\" data-e-type=\"widget\" data-widget_type=\"text-editor.default\">\n\t\t\t\t<div class=\"elementor-widget-container\">\n\t\t\t\t\t\t\t\t\t<p><strong>Asti<\/strong><\/p><p><strong>Croissants mit H\u00e4hnchen und Schinkensalat<\/strong><\/p><p><strong>T\u00f6rtchen mit H\u00e4hnchen in Spargel<\/strong><\/p><p><strong>Kalbsfilet mit Pommes rissol\u00e9es und So\u00dfe<\/strong><\/p><p><strong>2 Arten von Salaten<\/strong><\/p><p><strong>Kaffee\/Tee<\/strong><\/p><p><strong>Schokoladenkuchen mit ger\u00fchrtem Eis<\/strong><\/p><p><strong>Obstkuchen<\/strong><\/p><p><strong>Hotdogs oder Pizza<\/strong><\/p>\t\t\t\t\t\t\t\t<\/div>\n\t\t\t\t<\/div>\n\t\t\t\t<div class=\"elementor-element elementor-element-6a63216 elementor-widget elementor-widget-heading\" data-id=\"6a63216\" data-element_type=\"widget\" data-e-type=\"widget\" data-widget_type=\"heading.default\">\n\t\t\t\t<div class=\"elementor-widget-container\">\n\t\t\t\t\t<h4 class=\"elementor-heading-title elementor-size-default\">Preis pro Person DKK 480,-<\/h4>\t\t\t\t<\/div>\n\t\t\t\t<\/div>\n\t\t\t\t<div class=\"elementor-element elementor-element-d34af6b elementor-widget elementor-widget-heading\" data-id=\"d34af6b\" data-element_type=\"widget\" data-e-type=\"widget\" data-widget_type=\"heading.default\">\n\t\t\t\t<div class=\"elementor-widget-container\">\n\t\t\t\t\t<h5 class=\"elementor-heading-title elementor-size-default\">ohne Getr\u00e4nke.<br> inkl. Bier, Wasser und Wein DKK 660,-<\/h5>\t\t\t\t<\/div>\n\t\t\t\t<\/div>\n\t\t\t\t<div class=\"elementor-element elementor-element-0b32a56 elementor-widget elementor-widget-heading\" data-id=\"0b32a56\" data-element_type=\"widget\" data-e-type=\"widget\" data-widget_type=\"heading.default\">\n\t\t\t\t<div class=\"elementor-widget-container\">\n\t\t\t\t\t<h5 class=\"elementor-heading-title elementor-size-default\">(7-Stunden-Regelung)<\/h5>\t\t\t\t<\/div>\n\t\t\t\t<\/div>\n\t\t\t\t<\/div>\n\t\t\t\t<\/div>\n\t\t\t\t<\/div>\n\t\t\t\t<\/div>\n\t\t\t\t\t<\/div>\n\t\t\t\t<\/div>\n\t\t\t\t<\/div>","protected":false},"excerpt":{"rendered":"<p>Konfirmation p\u00e5 Tylstrup Kro Konfirmationsmenuen Asti Tunmousse med rejer og citron Kalvefilet med \u00e5rstidens gr\u00f8nt, pommes Rissoll\u00e9es &amp; svampesauce Pandekager med is Kaffe\/te &amp; Cookies Hotdogs eller Pizza Pris pr person kr. 490,- uden drikkevarer. inkl. \u00f8l, vand og vin kr. 670,- (7 timers arrangement) Konfirmationsbuffeten Asti Croissants med h\u00f8nse- og skinkesalat Tarteletter m\/ h\u00f8ns [&hellip;]<\/p>\n","protected":false},"author":1,"featured_media":0,"parent":0,"menu_order":0,"comment_status":"closed","ping_status":"closed","template":"elementor_header_footer","meta":{"footnotes":""},"class_list":["post-1099","page","type-page","status-publish","hentry"],"_links":{"self":[{"href":"https:\/\/tylstrup-kro.dk\/de\/wp-json\/wp\/v2\/pages\/1099","targetHints":{"allow":["GET"]}}],"collection":[{"href":"https:\/\/tylstrup-kro.dk\/de\/wp-json\/wp\/v2\/pages"}],"about":[{"href":"https:\/\/tylstrup-kro.dk\/de\/wp-json\/wp\/v2\/types\/page"}],"author":[{"embeddable":true,"href":"https:\/\/tylstrup-kro.dk\/de\/wp-json\/wp\/v2\/users\/1"}],"replies":[{"embeddable":true,"href":"https:\/\/tylstrup-kro.dk\/de\/wp-json\/wp\/v2\/comments?post=1099"}],"version-history":[{"count":19,"href":"https:\/\/tylstrup-kro.dk\/de\/wp-json\/wp\/v2\/pages\/1099\/revisions"}],"predecessor-version":[{"id":1734,"href":"https:\/\/tylstrup-kro.dk\/de\/wp-json\/wp\/v2\/pages\/1099\/revisions\/1734"}],"wp:attachment":[{"href":"https:\/\/tylstrup-kro.dk\/de\/wp-json\/wp\/v2\/media?parent=1099"}],"curies":[{"name":"wp","href":"https:\/\/api.w.org\/{rel}","templated":true}]}}